{"id":745,"date":"2023-02-01T14:30:27","date_gmt":"2023-02-01T14:30:27","guid":{"rendered":"https:\/\/hon-ing.hr\/chi-siamo\/"},"modified":"2023-06-21T09:14:05","modified_gmt":"2023-06-21T09:14:05","slug":"chi-siamo","status":"publish","type":"page","link":"https:\/\/hon-ing.hr\/it\/chi-siamo\/","title":{"rendered":"Chi siamo"},"content":{"rendered":"<p><span style=\"font-weight: 400;\">Hon-ing d.o.o. \u00e8 una stamperia digitale con un avanzato sistema operativo e di comunicazione con clienti e fornitori. Come azienda a conduzione familiare, abbiamo iniziato la nostra attivit\u00e0 nel 1992 e da allora ci siamo costantemente sviluppati, investendo nella qualit\u00e0 e sviluppando tecnologie moderne, come confermato dalle certificazioni<\/span> <span style=\"font-weight: 400;\">ISO 9001:2015 e ISO 14001:2015. Tutto \u00e8 iniziato a Sveti Kri\u017e Za\u010dretje, dove trasformiamo le idee in realt\u00e0 nel cuore della Contea di Krapina-Zagorje! <\/span><\/p>\n<p><span style=\"font-weight: 400;\">Poniamo anche grande enfasi sull\u2019intera comunit\u00e0, ci dedichiamo a investire nella sostenibilit\u00e0 legata alla protezione dell\u2019ambiente e all\u2019ecologia. Utilizzando materiali innovativi adatti al riciclaggio, ci prendiamo cura di tutti noi: la Terra oggi e le generazioni future domani.<\/span><\/p>\n<p>&nbsp;<\/p>\n<h2><img loading=\"lazy\" decoding=\"async\" class=\"alignnone size-full wp-image-166\" src=\"https:\/\/hon-ing.hr\/wp-content\/uploads\/2023\/02\/logo.webp\" alt=\"\" width=\"268\" height=\"23\"><\/h2>\n<h2>Il re delle tecnologie di stampa<\/h2>\n<p><span style=\"font-weight: 400;\">Costruiamo il nostro impero della stampa da oltre 30 anni e lungo il percorso attribuiamo grande importanza ai nostri partner commerciali e ai clienti. Sappiamo quanto sia impegnativo l\u2019intero processo, quindi offriamo ai nostri clienti un servizio grafico completo: dalla consulenza tecnologica durante il processo di progettazione, prestampa grafica, creazione di un campione di prova, stampa e finitura, controllo qualit\u00e0 e spedizione all\u2019indirizzo del cliente. <\/span><\/p>\n<p><span style=\"font-weight: 400;\">Inoltre investiamo senza compromessi in tecnologia innovativa e di alta qualit\u00e0 nei processi di produzione e istruiamo continuamente i nostri dipendenti. Le esigenze del mercato sono in rapida evoluzione e diventano sempre pi\u00f9 esigenti, e noi teniamo il passo con loro introducendo costantemente innovazioni.<\/span><\/p>\n<p><span style=\"font-weight: 400;\">Ci troviamo a soli 40 chilometri da Zagabria e siamo strategicamente posizionati sull\u2019autostrada Zagabria-Macelj, il che significa che la nostra posizione garantisce tempi di consegna brevi dei prodotti finiti per tutti i nostri partner.<\/span><\/p>\n<p>&nbsp;<\/p>\n<h3 class=\"h2\">Soluzioni innovative nell\u2019industria alimentare e del marketing<\/h3>\n<p><span style=\"font-weight: 400;\">Garantiamo il massimo livello di qualit\u00e0 dei prodotti Hon-ing nell\u2019industria alimentare e del marketing, garantito da ricerche di mercato con l\u2019aiuto del Dipartimento di controllo e dello sviluppo. Ci adattiamo alle esigenze e ai desideri unici dei nostri clienti, mentre per raggiungere gli obiettivi prefissati, investiamo prontamente nella sostenibilit\u00e0 e nello sviluppo del business.<\/span><\/p>\n<p><span style=\"font-weight: 400;\">La visione e l\u2019obiettivo del team di Hon-ing \u00e8 rimanere un leader nel campo degli imballaggi flessibili investendo nello sviluppo sostenibile. Vogliamo che il nostro marchio sia associato alla qualit\u00e0 e all\u2019innovazione e ci sforziamo di giustificare la fiducia dei nostri partner esistenti con i nostri servizi su misura per ogni cliente.<\/span><\/p>\n<p><a class=\"btn btn-rounded\" href=\"https:\/\/hon-ing.hr\/it\/richiedi-il-catalogo-di-riferimento\/\">Richiedi il catalogo di riferimento<\/a><\/p>\n<div class=\"d-flex align-items-center justify-content-between cert-img mt-5\">\n<a href=\"https:\/\/hon-ing.hr\/wp-content\/uploads\/2023\/02\/CERTIFIKAT_ISO_9001-___2015_-_HR.pdf\"><img loading=\"lazy\" decoding=\"async\" src=\"https:\/\/hon-ing.hr\/wp-content\/uploads\/2023\/02\/SGS_ISO-9001.png\" alt=\"\" width=\"151\" height=\"147\" class=\"alignnone size-full wp-image-170\"><\/a><br \/>\n<a href=\"https:\/\/hon-ing.hr\/wp-content\/uploads\/2023\/02\/CERTIFIKAT_ISO_14001_-_2015_-_HR.pdf\"><img loading=\"lazy\" decoding=\"async\" src=\"https:\/\/hon-ing.hr\/wp-content\/uploads\/2023\/02\/ISO-14001.png\" alt=\"\" width=\"151\" height=\"147\" class=\"alignnone size-full wp-image-169\"><\/a><br \/>\n<a href=\"https:\/\/hon-ing.hr\/wp-content\/uploads\/2023\/04\/DPG-logo_novi-e1681277277373.jpg\"><img loading=\"lazy\" decoding=\"async\" src=\"https:\/\/hon-ing.hr\/wp-content\/uploads\/2023\/04\/DPG-logo_novi-e1681277277373.jpg\" alt=\"\" width=\"115\" height=\"140\" class=\"alignnone size-full wp-image-431\"><\/a><\/p>\n","protected":false},"excerpt":{"rendered":"<p>Hon-ing d.o.o. \u00e8 una stamperia digitale con un avanzato sistema operativo e di comunicazione con clienti e fornitori. Come azienda a conduzione familiare, abbiamo iniziato la nostra attivit\u00e0 nel 1992 e da allora ci siamo costantemente sviluppati, investendo nella qualit\u00e0 e sviluppando tecnologie moderne, come confermato dalle certificazioni ISO 9001:2015 e ISO 14001:2015. Tutto \u00e8 [&#8230;]<\/p>\n<p><a class=\"btn btn-secondary virtualna-read-more-link\" href=\"https:\/\/hon-ing.hr\/it\/chi-siamo\/\">s<span class=\"screen-reader-text\"> from Chi siamo<\/span><\/a><\/p>\n","protected":false},"author":1,"featured_media":0,"parent":0,"menu_order":0,"comment_status":"closed","ping_status":"closed","template":"page-templates\/about.php","meta":{"_acf_changed":false,"footnotes":""},"class_list":["post-745","page","type-page","status-publish","hentry"],"acf":[],"yoast_head":"<!-- This site is optimized with the Yoast SEO plugin v26.9 - https:\/\/yoast.com\/product\/yoast-seo-wordpress\/ -->\n<title>Chi siamo - Hon-ing<\/title>\n<meta name=\"description\" content=\"Scopri di pi\u00f9 su di noi e sulla nostra esperienza nel settore della stampa. Forniamo servizi di stampa di alta qualit\u00e0 dal 1992. Vieni a vedere di persona la nostra qualit\u00e0.\" \/>\n<meta name=\"robots\" content=\"index, follow, max-snippet:-1, max-image-preview:large, max-video-preview:-1\" \/>\n<link rel=\"canonical\" href=\"https:\/\/hon-ing.hr\/it\/chi-siamo\/\" \/>\n<meta property=\"og:locale\" content=\"it_IT\" \/>\n<meta property=\"og:type\" content=\"article\" \/>\n<meta property=\"og:title\" content=\"Chi siamo - Hon-ing\" \/>\n<meta property=\"og:description\" content=\"Scopri di pi\u00f9 su di noi e sulla nostra esperienza nel settore della stampa. Forniamo servizi di stampa di alta qualit\u00e0 dal 1992. Vieni a vedere di persona la nostra qualit\u00e0.\" \/>\n<meta property=\"og:url\" content=\"https:\/\/hon-ing.hr\/it\/chi-siamo\/\" \/>\n<meta property=\"og:site_name\" content=\"Hon-ing\" \/>\n<meta property=\"article:modified_time\" content=\"2023-06-21T09:14:05+00:00\" \/>\n<meta property=\"og:image\" content=\"https:\/\/hon-ing.hr\/wp-content\/uploads\/2023\/02\/logo.webp\" \/>\n<meta name=\"twitter:card\" content=\"summary_large_image\" \/>\n<meta name=\"twitter:label1\" content=\"Tempo di lettura stimato\" \/>\n\t<meta name=\"twitter:data1\" content=\"2 minuti\" \/>\n<script type=\"application\/ld+json\" class=\"yoast-schema-graph\">{\"@context\":\"https:\/\/schema.org\",\"@graph\":[{\"@type\":\"WebPage\",\"@id\":\"https:\/\/hon-ing.hr\/it\/chi-siamo\/\",\"url\":\"https:\/\/hon-ing.hr\/it\/chi-siamo\/\",\"name\":\"Chi siamo - Hon-ing\",\"isPartOf\":{\"@id\":\"https:\/\/hon-ing.hr\/#website\"},\"primaryImageOfPage\":{\"@id\":\"https:\/\/hon-ing.hr\/it\/chi-siamo\/#primaryimage\"},\"image\":{\"@id\":\"https:\/\/hon-ing.hr\/it\/chi-siamo\/#primaryimage\"},\"thumbnailUrl\":\"https:\/\/hon-ing.hr\/wp-content\/uploads\/2023\/02\/logo.webp\",\"datePublished\":\"2023-02-01T14:30:27+00:00\",\"dateModified\":\"2023-06-21T09:14:05+00:00\",\"description\":\"Scopri di pi\u00f9 su di noi e sulla nostra esperienza nel settore della stampa. Forniamo servizi di stampa di alta qualit\u00e0 dal 1992. Vieni a vedere di persona la nostra qualit\u00e0.\",\"breadcrumb\":{\"@id\":\"https:\/\/hon-ing.hr\/it\/chi-siamo\/#breadcrumb\"},\"inLanguage\":\"it-IT\",\"potentialAction\":[{\"@type\":\"ReadAction\",\"target\":[\"https:\/\/hon-ing.hr\/it\/chi-siamo\/\"]}]},{\"@type\":\"ImageObject\",\"inLanguage\":\"it-IT\",\"@id\":\"https:\/\/hon-ing.hr\/it\/chi-siamo\/#primaryimage\",\"url\":\"https:\/\/hon-ing.hr\/wp-content\/uploads\/2023\/02\/logo.webp\",\"contentUrl\":\"https:\/\/hon-ing.hr\/wp-content\/uploads\/2023\/02\/logo.webp\"},{\"@type\":\"BreadcrumbList\",\"@id\":\"https:\/\/hon-ing.hr\/it\/chi-siamo\/#breadcrumb\",\"itemListElement\":[{\"@type\":\"ListItem\",\"position\":1,\"name\":\"Po\u010detna stranica\",\"item\":\"https:\/\/hon-ing.hr\/it\/\"},{\"@type\":\"ListItem\",\"position\":2,\"name\":\"Chi siamo\"}]},{\"@type\":\"WebSite\",\"@id\":\"https:\/\/hon-ing.hr\/#website\",\"url\":\"https:\/\/hon-ing.hr\/\",\"name\":\"Hon-ing\",\"description\":\"Art of printing\",\"publisher\":{\"@id\":\"https:\/\/hon-ing.hr\/#organization\"},\"potentialAction\":[{\"@type\":\"SearchAction\",\"target\":{\"@type\":\"EntryPoint\",\"urlTemplate\":\"https:\/\/hon-ing.hr\/?s={search_term_string}\"},\"query-input\":{\"@type\":\"PropertyValueSpecification\",\"valueRequired\":true,\"valueName\":\"search_term_string\"}}],\"inLanguage\":\"it-IT\"},{\"@type\":\"Organization\",\"@id\":\"https:\/\/hon-ing.hr\/#organization\",\"name\":\"Art of printing\",\"url\":\"https:\/\/hon-ing.hr\/\",\"logo\":{\"@type\":\"ImageObject\",\"inLanguage\":\"it-IT\",\"@id\":\"https:\/\/hon-ing.hr\/#\/schema\/logo\/image\/\",\"url\":\"https:\/\/hon-ing.hr\/wp-content\/uploads\/2023\/04\/favicon.png\",\"contentUrl\":\"https:\/\/hon-ing.hr\/wp-content\/uploads\/2023\/04\/favicon.png\",\"width\":512,\"height\":512,\"caption\":\"Art of printing\"},\"image\":{\"@id\":\"https:\/\/hon-ing.hr\/#\/schema\/logo\/image\/\"}}]}<\/script>\n<!-- \/ Yoast SEO plugin. -->","yoast_head_json":{"title":"Chi siamo - Hon-ing","description":"Scopri di pi\u00f9 su di noi e sulla nostra esperienza nel settore della stampa. Forniamo servizi di stampa di alta qualit\u00e0 dal 1992. Vieni a vedere di persona la nostra qualit\u00e0.","robots":{"index":"index","follow":"follow","max-snippet":"max-snippet:-1","max-image-preview":"max-image-preview:large","max-video-preview":"max-video-preview:-1"},"canonical":"https:\/\/hon-ing.hr\/it\/chi-siamo\/","og_locale":"it_IT","og_type":"article","og_title":"Chi siamo - Hon-ing","og_description":"Scopri di pi\u00f9 su di noi e sulla nostra esperienza nel settore della stampa. Forniamo servizi di stampa di alta qualit\u00e0 dal 1992. Vieni a vedere di persona la nostra qualit\u00e0.","og_url":"https:\/\/hon-ing.hr\/it\/chi-siamo\/","og_site_name":"Hon-ing","article_modified_time":"2023-06-21T09:14:05+00:00","og_image":[{"url":"https:\/\/hon-ing.hr\/wp-content\/uploads\/2023\/02\/logo.webp","type":"","width":"","height":""}],"twitter_card":"summary_large_image","twitter_misc":{"Tempo di lettura stimato":"2 minuti"},"schema":{"@context":"https:\/\/schema.org","@graph":[{"@type":"WebPage","@id":"https:\/\/hon-ing.hr\/it\/chi-siamo\/","url":"https:\/\/hon-ing.hr\/it\/chi-siamo\/","name":"Chi siamo - Hon-ing","isPartOf":{"@id":"https:\/\/hon-ing.hr\/#website"},"primaryImageOfPage":{"@id":"https:\/\/hon-ing.hr\/it\/chi-siamo\/#primaryimage"},"image":{"@id":"https:\/\/hon-ing.hr\/it\/chi-siamo\/#primaryimage"},"thumbnailUrl":"https:\/\/hon-ing.hr\/wp-content\/uploads\/2023\/02\/logo.webp","datePublished":"2023-02-01T14:30:27+00:00","dateModified":"2023-06-21T09:14:05+00:00","description":"Scopri di pi\u00f9 su di noi e sulla nostra esperienza nel settore della stampa. Forniamo servizi di stampa di alta qualit\u00e0 dal 1992. Vieni a vedere di persona la nostra qualit\u00e0.","breadcrumb":{"@id":"https:\/\/hon-ing.hr\/it\/chi-siamo\/#breadcrumb"},"inLanguage":"it-IT","potentialAction":[{"@type":"ReadAction","target":["https:\/\/hon-ing.hr\/it\/chi-siamo\/"]}]},{"@type":"ImageObject","inLanguage":"it-IT","@id":"https:\/\/hon-ing.hr\/it\/chi-siamo\/#primaryimage","url":"https:\/\/hon-ing.hr\/wp-content\/uploads\/2023\/02\/logo.webp","contentUrl":"https:\/\/hon-ing.hr\/wp-content\/uploads\/2023\/02\/logo.webp"},{"@type":"BreadcrumbList","@id":"https:\/\/hon-ing.hr\/it\/chi-siamo\/#breadcrumb","itemListElement":[{"@type":"ListItem","position":1,"name":"Po\u010detna stranica","item":"https:\/\/hon-ing.hr\/it\/"},{"@type":"ListItem","position":2,"name":"Chi siamo"}]},{"@type":"WebSite","@id":"https:\/\/hon-ing.hr\/#website","url":"https:\/\/hon-ing.hr\/","name":"Hon-ing","description":"Art of printing","publisher":{"@id":"https:\/\/hon-ing.hr\/#organization"},"potentialAction":[{"@type":"SearchAction","target":{"@type":"EntryPoint","urlTemplate":"https:\/\/hon-ing.hr\/?s={search_term_string}"},"query-input":{"@type":"PropertyValueSpecification","valueRequired":true,"valueName":"search_term_string"}}],"inLanguage":"it-IT"},{"@type":"Organization","@id":"https:\/\/hon-ing.hr\/#organization","name":"Art of printing","url":"https:\/\/hon-ing.hr\/","logo":{"@type":"ImageObject","inLanguage":"it-IT","@id":"https:\/\/hon-ing.hr\/#\/schema\/logo\/image\/","url":"https:\/\/hon-ing.hr\/wp-content\/uploads\/2023\/04\/favicon.png","contentUrl":"https:\/\/hon-ing.hr\/wp-content\/uploads\/2023\/04\/favicon.png","width":512,"height":512,"caption":"Art of printing"},"image":{"@id":"https:\/\/hon-ing.hr\/#\/schema\/logo\/image\/"}}]}},"_links":{"self":[{"href":"https:\/\/hon-ing.hr\/it\/wp-json\/wp\/v2\/pages\/745","targetHints":{"allow":["GET"]}}],"collection":[{"href":"https:\/\/hon-ing.hr\/it\/wp-json\/wp\/v2\/pages"}],"about":[{"href":"https:\/\/hon-ing.hr\/it\/wp-json\/wp\/v2\/types\/page"}],"author":[{"embeddable":true,"href":"https:\/\/hon-ing.hr\/it\/wp-json\/wp\/v2\/users\/1"}],"replies":[{"embeddable":true,"href":"https:\/\/hon-ing.hr\/it\/wp-json\/wp\/v2\/comments?post=745"}],"version-history":[{"count":1,"href":"https:\/\/hon-ing.hr\/it\/wp-json\/wp\/v2\/pages\/745\/revisions"}],"predecessor-version":[{"id":886,"href":"https:\/\/hon-ing.hr\/it\/wp-json\/wp\/v2\/pages\/745\/revisions\/886"}],"wp:attachment":[{"href":"https:\/\/hon-ing.hr\/it\/wp-json\/wp\/v2\/media?parent=745"}],"curies":[{"name":"wp","href":"https:\/\/api.w.org\/{rel}","templated":true}]}}