{"id":687,"date":"2023-02-15T08:30:29","date_gmt":"2023-02-15T08:30:29","guid":{"rendered":"https:\/\/hon-ing.hr\/eu-projekte\/"},"modified":"2023-06-21T09:03:49","modified_gmt":"2023-06-21T09:03:49","slug":"eu-projekte","status":"publish","type":"page","link":"https:\/\/hon-ing.hr\/de\/eu-projekte\/","title":{"rendered":"EU-Projekte"},"content":{"rendered":"<p><strong>ESIF-GARANTIEPROGRAMM (Amtsblatt \u201eNarodne novine\u201c 62\/16)<br \/>\nGARANTIEGEBER: Kroatische Agentur f\u00fcr Kleinunternehmen, Innovationen und Investitionen, Ksaver 208, Zagreb<br \/>\n(HAMAG-BICRO)<br \/>\nGARANTIEBEG\u00dcNSTIGTER: Erste &amp; Steiermaerkische S-leasing d.o.o., Zelinska 3, Zagreb<br \/>\nENDEMPF\u00c4NGER DER GARANTIE: HON-ING d.o.o., Vrankovec 11\/B, Sveti Kri\u017e Za\u010dretje<\/strong><\/p>\n<p><strong>Kurze Beschreibung des Projekts<\/strong><br \/>\nAm 27.05.2019 hat HON-ING d.o.o. mit der Erste &amp; Steiermaerkische S-leasing d.o.o. einen Rahmenvertrag zur Finanzierung durch das Finanzierungsleasing Nr. 72168\/19 im Finanzierungsbetrag von 521.096,30 EUR geschlossen.<br \/>\nDer Finanzierungsvertrag wurde f\u00fcr einen Zeitraum von 5 Jahren \u2013 60 Raten \u2013 abgeschlossen.<br \/>\nAm 07.06.2019 haben HAMAG-BICRO und HON-ING d.o.o. im Rahmen des Operationellen Programms \u201eWettbewerbsf\u00e4higkeit und Zusammenhalt 2014-2020\u201c Nr. 66\/12516 eine Garantievereinbarung f\u00fcr den ersten Aufruf f\u00fcr ein Finanzierungsleasing und teilweise Zinszusch\u00fcsse abgeschlossen.<br \/>\nDie Garantie wurde am 12.06.2019 bis zu einem H\u00f6chstbetrag von 416.877,04 EUR ausgestellt.<br \/>\n<strong>Investitionsbeschreibung<\/strong><br \/>\nEinkauf von Maschinen und Ger\u00e4ten:<br \/>\n\u2013 Schneid- und Wickelmaschine Typ Serval 2<br \/>\n\u2013 Inspektions- und Behandlungsmaschine Typ Baby Cat 4<br \/>\n\u2013 Druckmaschine f\u00fcr selbstklebende Etiketten Typ MARK ANDY<br \/>\n\u2013 Zylinder f\u00fcr Druckmaschine f\u00fcr selbstklebende Etiketten<br \/>\n\u2013 Klischeemontageger\u00e4t Typ Plate Mounter 600 ELS JM Heaford<br \/>\n\u2013 Dampftunnel Typ Steambox ECO<\/p>\n","protected":false},"excerpt":{"rendered":"<p>ESIF-GARANTIEPROGRAMM (Amtsblatt \u201eNarodne novine\u201c 62\/16) GARANTIEGEBER: Kroatische Agentur f\u00fcr Kleinunternehmen, Innovationen und Investitionen, Ksaver 208, Zagreb (HAMAG-BICRO) GARANTIEBEG\u00dcNSTIGTER: Erste &amp; Steiermaerkische S-leasing d.o.o., Zelinska 3, Zagreb ENDEMPF\u00c4NGER DER GARANTIE: HON-ING d.o.o., Vrankovec 11\/B, Sveti Kri\u017e Za\u010dretje Kurze Beschreibung des Projekts Am 27.05.2019 hat HON-ING d.o.o. mit der Erste &amp; Steiermaerkische S-leasing d.o.o. einen Rahmenvertrag zur [&#8230;]<\/p>\n<p><a class=\"btn btn-secondary virtualna-read-more-link\" href=\"https:\/\/hon-ing.hr\/de\/eu-projekte\/\">Read More&#8230;<span class=\"screen-reader-text\"> from EU-Projekte<\/span><\/a><\/p>\n","protected":false},"author":1,"featured_media":0,"parent":0,"menu_order":0,"comment_status":"closed","ping_status":"closed","template":"page-templates\/simple-page.php","meta":{"_acf_changed":false,"footnotes":""},"class_list":["post-687","page","type-page","status-publish","hentry"],"acf":[],"yoast_head":"<!-- This site is optimized with the Yoast SEO plugin v26.9 - https:\/\/yoast.com\/product\/yoast-seo-wordpress\/ -->\n<title>EU-Projekte - Hon-ing<\/title>\n<meta name=\"description\" content=\"Wir beteiligen uns an EU-Projekten in der Druckindustrie. Erfahren Sie, wie wir mit europ\u00e4ischen Partnern an Innovationen im Druckbereich zusammenarbeiten.\" \/>\n<meta name=\"robots\" content=\"index, follow, max-snippet:-1, max-image-preview:large, max-video-preview:-1\" \/>\n<link rel=\"canonical\" href=\"https:\/\/hon-ing.hr\/de\/eu-projekte\/\" \/>\n<meta property=\"og:locale\" content=\"de_DE\" \/>\n<meta property=\"og:type\" content=\"article\" \/>\n<meta property=\"og:title\" content=\"EU-Projekte - Hon-ing\" \/>\n<meta property=\"og:description\" content=\"Wir beteiligen uns an EU-Projekten in der Druckindustrie. Erfahren Sie, wie wir mit europ\u00e4ischen Partnern an Innovationen im Druckbereich zusammenarbeiten.\" \/>\n<meta property=\"og:url\" content=\"https:\/\/hon-ing.hr\/de\/eu-projekte\/\" \/>\n<meta property=\"og:site_name\" content=\"Hon-ing\" \/>\n<meta property=\"article:modified_time\" content=\"2023-06-21T09:03:49+00:00\" \/>\n<meta property=\"og:image\" content=\"https:\/\/hon-ing.hr\/wp-content\/uploads\/2023\/03\/hon-ing_Tehnologije.jpg\" \/>\n\t<meta property=\"og:image:width\" content=\"642\" \/>\n\t<meta property=\"og:image:height\" content=\"641\" \/>\n\t<meta property=\"og:image:type\" content=\"image\/jpeg\" \/>\n<meta name=\"twitter:card\" content=\"summary_large_image\" \/>\n<meta name=\"twitter:label1\" content=\"Gesch\u00e4tzte Lesezeit\" \/>\n\t<meta name=\"twitter:data1\" content=\"1\u00a0Minute\" \/>\n<script type=\"application\/ld+json\" class=\"yoast-schema-graph\">{\"@context\":\"https:\/\/schema.org\",\"@graph\":[{\"@type\":\"WebPage\",\"@id\":\"https:\/\/hon-ing.hr\/de\/eu-projekte\/\",\"url\":\"https:\/\/hon-ing.hr\/de\/eu-projekte\/\",\"name\":\"EU-Projekte - Hon-ing\",\"isPartOf\":{\"@id\":\"https:\/\/hon-ing.hr\/#website\"},\"datePublished\":\"2023-02-15T08:30:29+00:00\",\"dateModified\":\"2023-06-21T09:03:49+00:00\",\"description\":\"Wir beteiligen uns an EU-Projekten in der Druckindustrie. Erfahren Sie, wie wir mit europ\u00e4ischen Partnern an Innovationen im Druckbereich zusammenarbeiten.\",\"breadcrumb\":{\"@id\":\"https:\/\/hon-ing.hr\/de\/eu-projekte\/#breadcrumb\"},\"inLanguage\":\"de\",\"potentialAction\":[{\"@type\":\"ReadAction\",\"target\":[\"https:\/\/hon-ing.hr\/de\/eu-projekte\/\"]}]},{\"@type\":\"BreadcrumbList\",\"@id\":\"https:\/\/hon-ing.hr\/de\/eu-projekte\/#breadcrumb\",\"itemListElement\":[{\"@type\":\"ListItem\",\"position\":1,\"name\":\"Po\u010detna stranica\",\"item\":\"https:\/\/hon-ing.hr\/de\/\"},{\"@type\":\"ListItem\",\"position\":2,\"name\":\"EU-Projekte\"}]},{\"@type\":\"WebSite\",\"@id\":\"https:\/\/hon-ing.hr\/#website\",\"url\":\"https:\/\/hon-ing.hr\/\",\"name\":\"Hon-ing\",\"description\":\"Art of printing\",\"publisher\":{\"@id\":\"https:\/\/hon-ing.hr\/#organization\"},\"potentialAction\":[{\"@type\":\"SearchAction\",\"target\":{\"@type\":\"EntryPoint\",\"urlTemplate\":\"https:\/\/hon-ing.hr\/?s={search_term_string}\"},\"query-input\":{\"@type\":\"PropertyValueSpecification\",\"valueRequired\":true,\"valueName\":\"search_term_string\"}}],\"inLanguage\":\"de\"},{\"@type\":\"Organization\",\"@id\":\"https:\/\/hon-ing.hr\/#organization\",\"name\":\"Art of printing\",\"url\":\"https:\/\/hon-ing.hr\/\",\"logo\":{\"@type\":\"ImageObject\",\"inLanguage\":\"de\",\"@id\":\"https:\/\/hon-ing.hr\/#\/schema\/logo\/image\/\",\"url\":\"https:\/\/hon-ing.hr\/wp-content\/uploads\/2023\/04\/favicon.png\",\"contentUrl\":\"https:\/\/hon-ing.hr\/wp-content\/uploads\/2023\/04\/favicon.png\",\"width\":512,\"height\":512,\"caption\":\"Art of printing\"},\"image\":{\"@id\":\"https:\/\/hon-ing.hr\/#\/schema\/logo\/image\/\"}}]}<\/script>\n<!-- \/ Yoast SEO plugin. -->","yoast_head_json":{"title":"EU-Projekte - Hon-ing","description":"Wir beteiligen uns an EU-Projekten in der Druckindustrie. Erfahren Sie, wie wir mit europ\u00e4ischen Partnern an Innovationen im Druckbereich zusammenarbeiten.","robots":{"index":"index","follow":"follow","max-snippet":"max-snippet:-1","max-image-preview":"max-image-preview:large","max-video-preview":"max-video-preview:-1"},"canonical":"https:\/\/hon-ing.hr\/de\/eu-projekte\/","og_locale":"de_DE","og_type":"article","og_title":"EU-Projekte - Hon-ing","og_description":"Wir beteiligen uns an EU-Projekten in der Druckindustrie. Erfahren Sie, wie wir mit europ\u00e4ischen Partnern an Innovationen im Druckbereich zusammenarbeiten.","og_url":"https:\/\/hon-ing.hr\/de\/eu-projekte\/","og_site_name":"Hon-ing","article_modified_time":"2023-06-21T09:03:49+00:00","og_image":[{"width":642,"height":641,"url":"https:\/\/hon-ing.hr\/wp-content\/uploads\/2023\/03\/hon-ing_Tehnologije.jpg","type":"image\/jpeg"}],"twitter_card":"summary_large_image","twitter_misc":{"Gesch\u00e4tzte Lesezeit":"1\u00a0Minute"},"schema":{"@context":"https:\/\/schema.org","@graph":[{"@type":"WebPage","@id":"https:\/\/hon-ing.hr\/de\/eu-projekte\/","url":"https:\/\/hon-ing.hr\/de\/eu-projekte\/","name":"EU-Projekte - Hon-ing","isPartOf":{"@id":"https:\/\/hon-ing.hr\/#website"},"datePublished":"2023-02-15T08:30:29+00:00","dateModified":"2023-06-21T09:03:49+00:00","description":"Wir beteiligen uns an EU-Projekten in der Druckindustrie. Erfahren Sie, wie wir mit europ\u00e4ischen Partnern an Innovationen im Druckbereich zusammenarbeiten.","breadcrumb":{"@id":"https:\/\/hon-ing.hr\/de\/eu-projekte\/#breadcrumb"},"inLanguage":"de","potentialAction":[{"@type":"ReadAction","target":["https:\/\/hon-ing.hr\/de\/eu-projekte\/"]}]},{"@type":"BreadcrumbList","@id":"https:\/\/hon-ing.hr\/de\/eu-projekte\/#breadcrumb","itemListElement":[{"@type":"ListItem","position":1,"name":"Po\u010detna stranica","item":"https:\/\/hon-ing.hr\/de\/"},{"@type":"ListItem","position":2,"name":"EU-Projekte"}]},{"@type":"WebSite","@id":"https:\/\/hon-ing.hr\/#website","url":"https:\/\/hon-ing.hr\/","name":"Hon-ing","description":"Art of printing","publisher":{"@id":"https:\/\/hon-ing.hr\/#organization"},"potentialAction":[{"@type":"SearchAction","target":{"@type":"EntryPoint","urlTemplate":"https:\/\/hon-ing.hr\/?s={search_term_string}"},"query-input":{"@type":"PropertyValueSpecification","valueRequired":true,"valueName":"search_term_string"}}],"inLanguage":"de"},{"@type":"Organization","@id":"https:\/\/hon-ing.hr\/#organization","name":"Art of printing","url":"https:\/\/hon-ing.hr\/","logo":{"@type":"ImageObject","inLanguage":"de","@id":"https:\/\/hon-ing.hr\/#\/schema\/logo\/image\/","url":"https:\/\/hon-ing.hr\/wp-content\/uploads\/2023\/04\/favicon.png","contentUrl":"https:\/\/hon-ing.hr\/wp-content\/uploads\/2023\/04\/favicon.png","width":512,"height":512,"caption":"Art of printing"},"image":{"@id":"https:\/\/hon-ing.hr\/#\/schema\/logo\/image\/"}}]}},"_links":{"self":[{"href":"https:\/\/hon-ing.hr\/de\/wp-json\/wp\/v2\/pages\/687","targetHints":{"allow":["GET"]}}],"collection":[{"href":"https:\/\/hon-ing.hr\/de\/wp-json\/wp\/v2\/pages"}],"about":[{"href":"https:\/\/hon-ing.hr\/de\/wp-json\/wp\/v2\/types\/page"}],"author":[{"embeddable":true,"href":"https:\/\/hon-ing.hr\/de\/wp-json\/wp\/v2\/users\/1"}],"replies":[{"embeddable":true,"href":"https:\/\/hon-ing.hr\/de\/wp-json\/wp\/v2\/comments?post=687"}],"version-history":[{"count":1,"href":"https:\/\/hon-ing.hr\/de\/wp-json\/wp\/v2\/pages\/687\/revisions"}],"predecessor-version":[{"id":880,"href":"https:\/\/hon-ing.hr\/de\/wp-json\/wp\/v2\/pages\/687\/revisions\/880"}],"wp:attachment":[{"href":"https:\/\/hon-ing.hr\/de\/wp-json\/wp\/v2\/media?parent=687"}],"curies":[{"name":"wp","href":"https:\/\/api.w.org\/{rel}","templated":true}]}}