{"id":686,"date":"2023-02-15T08:30:02","date_gmt":"2023-02-15T08:30:02","guid":{"rendered":"https:\/\/hon-ing.hr\/von-der-idee-bis-zur-kompromisslosen-loesung\/alkoholfreie-getraenke\/"},"modified":"2023-06-21T10:46:57","modified_gmt":"2023-06-21T10:46:57","slug":"alkoholfreie-getraenke","status":"publish","type":"page","link":"https:\/\/hon-ing.hr\/de\/dienstleistungen\/alkoholfreie-getraenke\/","title":{"rendered":"Alkoholfreie Getr\u00e4nke"},"content":{"rendered":"<h3>Aufgrund ihrer Widerstandsf\u00e4higkeit und einfachen Anbringung sind Umwickeletiketten oft die erste Wahl f\u00fcr gro\u00dfe Auflagen alkoholfreier Getr\u00e4nke.<\/h3>\n<p>Sie sind best\u00e4ndig gegen Feuchtigkeit, Chemikalien und extreme Temperaturen und eignen sich daher f\u00fcr den Einsatz in verschiedenen Umgebungen.<\/p>\n<p>Bei der Etikettierung von kohles\u00e4urehaltigen und stillen S\u00e4ften betont das wei\u00dfe OPP-Material mit seiner Wei\u00dfe und Undurchsichtigkeit die Intensit\u00e4t und Best\u00e4ndigkeit der Farbe auf dem Druck. Andererseits wird die Reinheit von Flaschenwasser am besten durch transparente OPP-Etiketten vermittelt. Sie bieten Designern zahlreiche M\u00f6glichkeiten in der Anfertigung eines ansprechenden Designs, das jedes Produkt zu etwas Besonderem macht. OPP-Etiketten sind eine hervorragende Option f\u00fcr alle, die eine klare und dauerhafte L\u00f6sung zur Etikettierung ihrer Produkte suchen und gleichzeitig eine hohe Druckqualit\u00e4t und einfache Anwendung bieten.<\/p>\n","protected":false},"excerpt":{"rendered":"<p>Aufgrund ihrer Widerstandsf\u00e4higkeit und einfachen Anbringung sind Umwickeletiketten oft die erste Wahl f\u00fcr gro\u00dfe Auflagen alkoholfreier Getr\u00e4nke. Sie sind best\u00e4ndig gegen Feuchtigkeit, Chemikalien und extreme Temperaturen und eignen sich daher f\u00fcr den Einsatz in verschiedenen Umgebungen. Bei der Etikettierung von kohles\u00e4urehaltigen und stillen S\u00e4ften betont das wei\u00dfe OPP-Material mit seiner Wei\u00dfe und Undurchsichtigkeit die Intensit\u00e4t [&#8230;]<\/p>\n<p><a class=\"btn btn-secondary virtualna-read-more-link\" href=\"https:\/\/hon-ing.hr\/de\/dienstleistungen\/alkoholfreie-getraenke\/\">Read More&#8230;<span class=\"screen-reader-text\"> from Alkoholfreie Getr\u00e4nke<\/span><\/a><\/p>\n","protected":false},"author":1,"featured_media":0,"parent":680,"menu_order":0,"comment_status":"closed","ping_status":"closed","template":"page-templates\/inner-page_four.php","meta":{"_acf_changed":false,"footnotes":""},"class_list":["post-686","page","type-page","status-publish","hentry"],"acf":[],"yoast_head":"<!-- This site is optimized with the Yoast SEO plugin v26.9 - https:\/\/yoast.com\/product\/yoast-seo-wordpress\/ -->\n<title>Alkoholfreie Getr\u00e4nke - Hon-ing<\/title>\n<meta name=\"description\" content=\"Aufgrund ihrer Widerstandsf\u00e4higkeit und einfachen Anbringung sind Umwickeletiketten oft die erste Wahl f\u00fcr gro\u00dfe Auflagen alkoholfreier Getr\u00e4nke\" \/>\n<meta name=\"robots\" content=\"index, follow, max-snippet:-1, max-image-preview:large, max-video-preview:-1\" \/>\n<link rel=\"canonical\" href=\"https:\/\/hon-ing.hr\/de\/dienstleistungen\/alkoholfreie-getraenke\/\" \/>\n<meta property=\"og:locale\" content=\"de_DE\" \/>\n<meta property=\"og:type\" content=\"article\" \/>\n<meta property=\"og:title\" content=\"Alkoholfreie Getr\u00e4nke - Hon-ing\" \/>\n<meta property=\"og:description\" content=\"Aufgrund ihrer Widerstandsf\u00e4higkeit und einfachen Anbringung sind Umwickeletiketten oft die erste Wahl f\u00fcr gro\u00dfe Auflagen alkoholfreier Getr\u00e4nke\" \/>\n<meta property=\"og:url\" content=\"https:\/\/hon-ing.hr\/de\/dienstleistungen\/alkoholfreie-getraenke\/\" \/>\n<meta property=\"og:site_name\" content=\"Hon-ing\" \/>\n<meta property=\"article:modified_time\" content=\"2023-06-21T10:46:57+00:00\" \/>\n<meta property=\"og:image\" content=\"https:\/\/hon-ing.hr\/wp-content\/uploads\/2023\/03\/hon-ing_Tehnologije.jpg\" \/>\n\t<meta property=\"og:image:width\" content=\"642\" \/>\n\t<meta property=\"og:image:height\" content=\"641\" \/>\n\t<meta property=\"og:image:type\" content=\"image\/jpeg\" \/>\n<meta name=\"twitter:card\" content=\"summary_large_image\" \/>\n<meta name=\"twitter:label1\" content=\"Gesch\u00e4tzte Lesezeit\" \/>\n\t<meta name=\"twitter:data1\" content=\"1\u00a0Minute\" \/>\n<script type=\"application\/ld+json\" class=\"yoast-schema-graph\">{\"@context\":\"https:\/\/schema.org\",\"@graph\":[{\"@type\":\"WebPage\",\"@id\":\"https:\/\/hon-ing.hr\/de\/dienstleistungen\/alkoholfreie-getraenke\/\",\"url\":\"https:\/\/hon-ing.hr\/de\/dienstleistungen\/alkoholfreie-getraenke\/\",\"name\":\"Alkoholfreie Getr\u00e4nke - Hon-ing\",\"isPartOf\":{\"@id\":\"https:\/\/hon-ing.hr\/#website\"},\"datePublished\":\"2023-02-15T08:30:02+00:00\",\"dateModified\":\"2023-06-21T10:46:57+00:00\",\"description\":\"Aufgrund ihrer Widerstandsf\u00e4higkeit und einfachen Anbringung sind Umwickeletiketten oft die erste Wahl f\u00fcr gro\u00dfe Auflagen alkoholfreier Getr\u00e4nke\",\"breadcrumb\":{\"@id\":\"https:\/\/hon-ing.hr\/de\/dienstleistungen\/alkoholfreie-getraenke\/#breadcrumb\"},\"inLanguage\":\"de\",\"potentialAction\":[{\"@type\":\"ReadAction\",\"target\":[\"https:\/\/hon-ing.hr\/de\/dienstleistungen\/alkoholfreie-getraenke\/\"]}]},{\"@type\":\"BreadcrumbList\",\"@id\":\"https:\/\/hon-ing.hr\/de\/dienstleistungen\/alkoholfreie-getraenke\/#breadcrumb\",\"itemListElement\":[{\"@type\":\"ListItem\",\"position\":1,\"name\":\"Po\u010detna stranica\",\"item\":\"https:\/\/hon-ing.hr\/de\/\"},{\"@type\":\"ListItem\",\"position\":2,\"name\":\"Von der Idee bis, zur kompromisslosen L\u00f6sung\",\"item\":\"https:\/\/hon-ing.hr\/de\/dienstleistungen\/\"},{\"@type\":\"ListItem\",\"position\":3,\"name\":\"Alkoholfreie Getr\u00e4nke\"}]},{\"@type\":\"WebSite\",\"@id\":\"https:\/\/hon-ing.hr\/#website\",\"url\":\"https:\/\/hon-ing.hr\/\",\"name\":\"Hon-ing\",\"description\":\"Art of printing\",\"publisher\":{\"@id\":\"https:\/\/hon-ing.hr\/#organization\"},\"potentialAction\":[{\"@type\":\"SearchAction\",\"target\":{\"@type\":\"EntryPoint\",\"urlTemplate\":\"https:\/\/hon-ing.hr\/?s={search_term_string}\"},\"query-input\":{\"@type\":\"PropertyValueSpecification\",\"valueRequired\":true,\"valueName\":\"search_term_string\"}}],\"inLanguage\":\"de\"},{\"@type\":\"Organization\",\"@id\":\"https:\/\/hon-ing.hr\/#organization\",\"name\":\"Art of printing\",\"url\":\"https:\/\/hon-ing.hr\/\",\"logo\":{\"@type\":\"ImageObject\",\"inLanguage\":\"de\",\"@id\":\"https:\/\/hon-ing.hr\/#\/schema\/logo\/image\/\",\"url\":\"https:\/\/hon-ing.hr\/wp-content\/uploads\/2023\/04\/favicon.png\",\"contentUrl\":\"https:\/\/hon-ing.hr\/wp-content\/uploads\/2023\/04\/favicon.png\",\"width\":512,\"height\":512,\"caption\":\"Art of printing\"},\"image\":{\"@id\":\"https:\/\/hon-ing.hr\/#\/schema\/logo\/image\/\"}}]}<\/script>\n<!-- \/ Yoast SEO plugin. -->","yoast_head_json":{"title":"Alkoholfreie Getr\u00e4nke - Hon-ing","description":"Aufgrund ihrer Widerstandsf\u00e4higkeit und einfachen Anbringung sind Umwickeletiketten oft die erste Wahl f\u00fcr gro\u00dfe Auflagen alkoholfreier Getr\u00e4nke","robots":{"index":"index","follow":"follow","max-snippet":"max-snippet:-1","max-image-preview":"max-image-preview:large","max-video-preview":"max-video-preview:-1"},"canonical":"https:\/\/hon-ing.hr\/de\/dienstleistungen\/alkoholfreie-getraenke\/","og_locale":"de_DE","og_type":"article","og_title":"Alkoholfreie Getr\u00e4nke - Hon-ing","og_description":"Aufgrund ihrer Widerstandsf\u00e4higkeit und einfachen Anbringung sind Umwickeletiketten oft die erste Wahl f\u00fcr gro\u00dfe Auflagen alkoholfreier Getr\u00e4nke","og_url":"https:\/\/hon-ing.hr\/de\/dienstleistungen\/alkoholfreie-getraenke\/","og_site_name":"Hon-ing","article_modified_time":"2023-06-21T10:46:57+00:00","og_image":[{"width":642,"height":641,"url":"https:\/\/hon-ing.hr\/wp-content\/uploads\/2023\/03\/hon-ing_Tehnologije.jpg","type":"image\/jpeg"}],"twitter_card":"summary_large_image","twitter_misc":{"Gesch\u00e4tzte Lesezeit":"1\u00a0Minute"},"schema":{"@context":"https:\/\/schema.org","@graph":[{"@type":"WebPage","@id":"https:\/\/hon-ing.hr\/de\/dienstleistungen\/alkoholfreie-getraenke\/","url":"https:\/\/hon-ing.hr\/de\/dienstleistungen\/alkoholfreie-getraenke\/","name":"Alkoholfreie Getr\u00e4nke - Hon-ing","isPartOf":{"@id":"https:\/\/hon-ing.hr\/#website"},"datePublished":"2023-02-15T08:30:02+00:00","dateModified":"2023-06-21T10:46:57+00:00","description":"Aufgrund ihrer Widerstandsf\u00e4higkeit und einfachen Anbringung sind Umwickeletiketten oft die erste Wahl f\u00fcr gro\u00dfe Auflagen alkoholfreier Getr\u00e4nke","breadcrumb":{"@id":"https:\/\/hon-ing.hr\/de\/dienstleistungen\/alkoholfreie-getraenke\/#breadcrumb"},"inLanguage":"de","potentialAction":[{"@type":"ReadAction","target":["https:\/\/hon-ing.hr\/de\/dienstleistungen\/alkoholfreie-getraenke\/"]}]},{"@type":"BreadcrumbList","@id":"https:\/\/hon-ing.hr\/de\/dienstleistungen\/alkoholfreie-getraenke\/#breadcrumb","itemListElement":[{"@type":"ListItem","position":1,"name":"Po\u010detna stranica","item":"https:\/\/hon-ing.hr\/de\/"},{"@type":"ListItem","position":2,"name":"Von der Idee bis, zur kompromisslosen L\u00f6sung","item":"https:\/\/hon-ing.hr\/de\/dienstleistungen\/"},{"@type":"ListItem","position":3,"name":"Alkoholfreie Getr\u00e4nke"}]},{"@type":"WebSite","@id":"https:\/\/hon-ing.hr\/#website","url":"https:\/\/hon-ing.hr\/","name":"Hon-ing","description":"Art of printing","publisher":{"@id":"https:\/\/hon-ing.hr\/#organization"},"potentialAction":[{"@type":"SearchAction","target":{"@type":"EntryPoint","urlTemplate":"https:\/\/hon-ing.hr\/?s={search_term_string}"},"query-input":{"@type":"PropertyValueSpecification","valueRequired":true,"valueName":"search_term_string"}}],"inLanguage":"de"},{"@type":"Organization","@id":"https:\/\/hon-ing.hr\/#organization","name":"Art of printing","url":"https:\/\/hon-ing.hr\/","logo":{"@type":"ImageObject","inLanguage":"de","@id":"https:\/\/hon-ing.hr\/#\/schema\/logo\/image\/","url":"https:\/\/hon-ing.hr\/wp-content\/uploads\/2023\/04\/favicon.png","contentUrl":"https:\/\/hon-ing.hr\/wp-content\/uploads\/2023\/04\/favicon.png","width":512,"height":512,"caption":"Art of printing"},"image":{"@id":"https:\/\/hon-ing.hr\/#\/schema\/logo\/image\/"}}]}},"_links":{"self":[{"href":"https:\/\/hon-ing.hr\/de\/wp-json\/wp\/v2\/pages\/686","targetHints":{"allow":["GET"]}}],"collection":[{"href":"https:\/\/hon-ing.hr\/de\/wp-json\/wp\/v2\/pages"}],"about":[{"href":"https:\/\/hon-ing.hr\/de\/wp-json\/wp\/v2\/types\/page"}],"author":[{"embeddable":true,"href":"https:\/\/hon-ing.hr\/de\/wp-json\/wp\/v2\/users\/1"}],"replies":[{"embeddable":true,"href":"https:\/\/hon-ing.hr\/de\/wp-json\/wp\/v2\/comments?post=686"}],"version-history":[{"count":1,"href":"https:\/\/hon-ing.hr\/de\/wp-json\/wp\/v2\/pages\/686\/revisions"}],"predecessor-version":[{"id":711,"href":"https:\/\/hon-ing.hr\/de\/wp-json\/wp\/v2\/pages\/686\/revisions\/711"}],"up":[{"embeddable":true,"href":"https:\/\/hon-ing.hr\/de\/wp-json\/wp\/v2\/pages\/680"}],"wp:attachment":[{"href":"https:\/\/hon-ing.hr\/de\/wp-json\/wp\/v2\/media?parent=686"}],"curies":[{"name":"wp","href":"https:\/\/api.w.org\/{rel}","templated":true}]}}