{"id":685,"date":"2023-02-15T08:29:04","date_gmt":"2023-02-15T08:29:04","guid":{"rendered":"https:\/\/hon-ing.hr\/von-der-idee-bis-zur-kompromisslosen-loesung\/alkoholische-getraenke\/"},"modified":"2023-06-21T10:44:49","modified_gmt":"2023-06-21T10:44:49","slug":"alkoholische-getraenke","status":"publish","type":"page","link":"https:\/\/hon-ing.hr\/de\/dienstleistungen\/alkoholische-getraenke\/","title":{"rendered":"Alkoholische Getr\u00e4nke"},"content":{"rendered":"<h3>Unsere hochmoderne Drucktechnologie erm\u00f6glicht eine hochwertige Designreproduktion.<\/h3>\n<p>Unabh\u00e4ngig von der Art des Etiketts besteht das Ziel darin, den Wert des Produktes zu steigern. Durch den Druck spezieller Mattlackfarben oder anderer Effekte aus unserem Angebot nimmt jedes Etikett eine neue Dimension an.<\/p>\n<p>F\u00fcr Spirituosen werden h\u00e4ufig transparente selbstklebende Etiketten gew\u00e4hlt. Durch das transparente \u201eNo-Label-Look\u201c-Material wird ein sehr ansprechendes Aussehen der Etiketten erreicht, wodurch die Reinheit des Produktes und die Klarheit des Designs erhalten bleiben. Es entsteht der Eindruck eines Drucks direkt auf der Verpackung, wodurch eine besondere Verbindung zwischen Produkt und Verpackung entsteht.<\/p>\n<p>Bei der Herstellung von Etiketten f\u00fcr Bierprodukte f\u00e4llt die Wahl hingegen meist auf metallisierte OPP-Etiketten. Durch den gl\u00e4nzenden Silbereffekt der metallisierten OPP-Materialien ergeben sich vielf\u00e4ltige M\u00f6glichkeiten f\u00fcr ein ansprechendes Design und sie eignen sich gleichzeitig f\u00fcr den Einsatz in gro\u00dfen Auflagen.<\/p>\n<p>Mithilfe unserer Leistungen k\u00f6nnen Sie einzigartige, angepasste Produkte erstellen, die Ihre Marke hervorheben und einen bleibenden Eindruck bei den Kunden hinterlassen.<\/p>\n","protected":false},"excerpt":{"rendered":"<p>Unsere hochmoderne Drucktechnologie erm\u00f6glicht eine hochwertige Designreproduktion. Unabh\u00e4ngig von der Art des Etiketts besteht das Ziel darin, den Wert des Produktes zu steigern. Durch den Druck spezieller Mattlackfarben oder anderer Effekte aus unserem Angebot nimmt jedes Etikett eine neue Dimension an. F\u00fcr Spirituosen werden h\u00e4ufig transparente selbstklebende Etiketten gew\u00e4hlt. Durch das transparente \u201eNo-Label-Look\u201c-Material wird ein [&#8230;]<\/p>\n<p><a class=\"btn btn-secondary virtualna-read-more-link\" href=\"https:\/\/hon-ing.hr\/de\/dienstleistungen\/alkoholische-getraenke\/\">Read More&#8230;<span class=\"screen-reader-text\"> from Alkoholische Getr\u00e4nke<\/span><\/a><\/p>\n","protected":false},"author":1,"featured_media":0,"parent":680,"menu_order":0,"comment_status":"closed","ping_status":"closed","template":"page-templates\/inner-page_four.php","meta":{"_acf_changed":false,"footnotes":""},"class_list":["post-685","page","type-page","status-publish","hentry"],"acf":[],"yoast_head":"<!-- This site is optimized with the Yoast SEO plugin v26.9 - https:\/\/yoast.com\/product\/yoast-seo-wordpress\/ -->\n<title>Alkoholische Getr\u00e4nke - Hon-ing<\/title>\n<meta name=\"description\" content=\"Mithilfe unserer Leistungen k\u00f6nnen Sie einzigartige, angepasste Produkte erstellen, die Ihre Marke hervorheben und einen bleibenden Eindruck bei den Kunden hinterlassen.\" \/>\n<meta name=\"robots\" content=\"index, follow, max-snippet:-1, max-image-preview:large, max-video-preview:-1\" \/>\n<link rel=\"canonical\" href=\"https:\/\/hon-ing.hr\/de\/dienstleistungen\/alkoholische-getraenke\/\" \/>\n<meta property=\"og:locale\" content=\"de_DE\" \/>\n<meta property=\"og:type\" content=\"article\" \/>\n<meta property=\"og:title\" content=\"Alkoholische Getr\u00e4nke - Hon-ing\" \/>\n<meta property=\"og:description\" content=\"Mithilfe unserer Leistungen k\u00f6nnen Sie einzigartige, angepasste Produkte erstellen, die Ihre Marke hervorheben und einen bleibenden Eindruck bei den Kunden hinterlassen.\" \/>\n<meta property=\"og:url\" content=\"https:\/\/hon-ing.hr\/de\/dienstleistungen\/alkoholische-getraenke\/\" \/>\n<meta property=\"og:site_name\" content=\"Hon-ing\" \/>\n<meta property=\"article:modified_time\" content=\"2023-06-21T10:44:49+00:00\" \/>\n<meta property=\"og:image\" content=\"https:\/\/hon-ing.hr\/wp-content\/uploads\/2023\/03\/hon-ing_Tehnologije.jpg\" \/>\n\t<meta property=\"og:image:width\" content=\"642\" \/>\n\t<meta property=\"og:image:height\" content=\"641\" \/>\n\t<meta property=\"og:image:type\" content=\"image\/jpeg\" \/>\n<meta name=\"twitter:card\" content=\"summary_large_image\" \/>\n<meta name=\"twitter:label1\" content=\"Gesch\u00e4tzte Lesezeit\" \/>\n\t<meta name=\"twitter:data1\" content=\"1\u00a0Minute\" \/>\n<script type=\"application\/ld+json\" class=\"yoast-schema-graph\">{\"@context\":\"https:\/\/schema.org\",\"@graph\":[{\"@type\":\"WebPage\",\"@id\":\"https:\/\/hon-ing.hr\/de\/dienstleistungen\/alkoholische-getraenke\/\",\"url\":\"https:\/\/hon-ing.hr\/de\/dienstleistungen\/alkoholische-getraenke\/\",\"name\":\"Alkoholische Getr\u00e4nke - Hon-ing\",\"isPartOf\":{\"@id\":\"https:\/\/hon-ing.hr\/#website\"},\"datePublished\":\"2023-02-15T08:29:04+00:00\",\"dateModified\":\"2023-06-21T10:44:49+00:00\",\"description\":\"Mithilfe unserer Leistungen k\u00f6nnen Sie einzigartige, angepasste Produkte erstellen, die Ihre Marke hervorheben und einen bleibenden Eindruck bei den Kunden hinterlassen.\",\"breadcrumb\":{\"@id\":\"https:\/\/hon-ing.hr\/de\/dienstleistungen\/alkoholische-getraenke\/#breadcrumb\"},\"inLanguage\":\"de\",\"potentialAction\":[{\"@type\":\"ReadAction\",\"target\":[\"https:\/\/hon-ing.hr\/de\/dienstleistungen\/alkoholische-getraenke\/\"]}]},{\"@type\":\"BreadcrumbList\",\"@id\":\"https:\/\/hon-ing.hr\/de\/dienstleistungen\/alkoholische-getraenke\/#breadcrumb\",\"itemListElement\":[{\"@type\":\"ListItem\",\"position\":1,\"name\":\"Po\u010detna stranica\",\"item\":\"https:\/\/hon-ing.hr\/de\/\"},{\"@type\":\"ListItem\",\"position\":2,\"name\":\"Von der Idee bis, zur kompromisslosen L\u00f6sung\",\"item\":\"https:\/\/hon-ing.hr\/de\/dienstleistungen\/\"},{\"@type\":\"ListItem\",\"position\":3,\"name\":\"Alkoholische Getr\u00e4nke\"}]},{\"@type\":\"WebSite\",\"@id\":\"https:\/\/hon-ing.hr\/#website\",\"url\":\"https:\/\/hon-ing.hr\/\",\"name\":\"Hon-ing\",\"description\":\"Art of printing\",\"publisher\":{\"@id\":\"https:\/\/hon-ing.hr\/#organization\"},\"potentialAction\":[{\"@type\":\"SearchAction\",\"target\":{\"@type\":\"EntryPoint\",\"urlTemplate\":\"https:\/\/hon-ing.hr\/?s={search_term_string}\"},\"query-input\":{\"@type\":\"PropertyValueSpecification\",\"valueRequired\":true,\"valueName\":\"search_term_string\"}}],\"inLanguage\":\"de\"},{\"@type\":\"Organization\",\"@id\":\"https:\/\/hon-ing.hr\/#organization\",\"name\":\"Art of printing\",\"url\":\"https:\/\/hon-ing.hr\/\",\"logo\":{\"@type\":\"ImageObject\",\"inLanguage\":\"de\",\"@id\":\"https:\/\/hon-ing.hr\/#\/schema\/logo\/image\/\",\"url\":\"https:\/\/hon-ing.hr\/wp-content\/uploads\/2023\/04\/favicon.png\",\"contentUrl\":\"https:\/\/hon-ing.hr\/wp-content\/uploads\/2023\/04\/favicon.png\",\"width\":512,\"height\":512,\"caption\":\"Art of printing\"},\"image\":{\"@id\":\"https:\/\/hon-ing.hr\/#\/schema\/logo\/image\/\"}}]}<\/script>\n<!-- \/ Yoast SEO plugin. -->","yoast_head_json":{"title":"Alkoholische Getr\u00e4nke - Hon-ing","description":"Mithilfe unserer Leistungen k\u00f6nnen Sie einzigartige, angepasste Produkte erstellen, die Ihre Marke hervorheben und einen bleibenden Eindruck bei den Kunden hinterlassen.","robots":{"index":"index","follow":"follow","max-snippet":"max-snippet:-1","max-image-preview":"max-image-preview:large","max-video-preview":"max-video-preview:-1"},"canonical":"https:\/\/hon-ing.hr\/de\/dienstleistungen\/alkoholische-getraenke\/","og_locale":"de_DE","og_type":"article","og_title":"Alkoholische Getr\u00e4nke - Hon-ing","og_description":"Mithilfe unserer Leistungen k\u00f6nnen Sie einzigartige, angepasste Produkte erstellen, die Ihre Marke hervorheben und einen bleibenden Eindruck bei den Kunden hinterlassen.","og_url":"https:\/\/hon-ing.hr\/de\/dienstleistungen\/alkoholische-getraenke\/","og_site_name":"Hon-ing","article_modified_time":"2023-06-21T10:44:49+00:00","og_image":[{"width":642,"height":641,"url":"https:\/\/hon-ing.hr\/wp-content\/uploads\/2023\/03\/hon-ing_Tehnologije.jpg","type":"image\/jpeg"}],"twitter_card":"summary_large_image","twitter_misc":{"Gesch\u00e4tzte Lesezeit":"1\u00a0Minute"},"schema":{"@context":"https:\/\/schema.org","@graph":[{"@type":"WebPage","@id":"https:\/\/hon-ing.hr\/de\/dienstleistungen\/alkoholische-getraenke\/","url":"https:\/\/hon-ing.hr\/de\/dienstleistungen\/alkoholische-getraenke\/","name":"Alkoholische Getr\u00e4nke - Hon-ing","isPartOf":{"@id":"https:\/\/hon-ing.hr\/#website"},"datePublished":"2023-02-15T08:29:04+00:00","dateModified":"2023-06-21T10:44:49+00:00","description":"Mithilfe unserer Leistungen k\u00f6nnen Sie einzigartige, angepasste Produkte erstellen, die Ihre Marke hervorheben und einen bleibenden Eindruck bei den Kunden hinterlassen.","breadcrumb":{"@id":"https:\/\/hon-ing.hr\/de\/dienstleistungen\/alkoholische-getraenke\/#breadcrumb"},"inLanguage":"de","potentialAction":[{"@type":"ReadAction","target":["https:\/\/hon-ing.hr\/de\/dienstleistungen\/alkoholische-getraenke\/"]}]},{"@type":"BreadcrumbList","@id":"https:\/\/hon-ing.hr\/de\/dienstleistungen\/alkoholische-getraenke\/#breadcrumb","itemListElement":[{"@type":"ListItem","position":1,"name":"Po\u010detna stranica","item":"https:\/\/hon-ing.hr\/de\/"},{"@type":"ListItem","position":2,"name":"Von der Idee bis, zur kompromisslosen L\u00f6sung","item":"https:\/\/hon-ing.hr\/de\/dienstleistungen\/"},{"@type":"ListItem","position":3,"name":"Alkoholische Getr\u00e4nke"}]},{"@type":"WebSite","@id":"https:\/\/hon-ing.hr\/#website","url":"https:\/\/hon-ing.hr\/","name":"Hon-ing","description":"Art of printing","publisher":{"@id":"https:\/\/hon-ing.hr\/#organization"},"potentialAction":[{"@type":"SearchAction","target":{"@type":"EntryPoint","urlTemplate":"https:\/\/hon-ing.hr\/?s={search_term_string}"},"query-input":{"@type":"PropertyValueSpecification","valueRequired":true,"valueName":"search_term_string"}}],"inLanguage":"de"},{"@type":"Organization","@id":"https:\/\/hon-ing.hr\/#organization","name":"Art of printing","url":"https:\/\/hon-ing.hr\/","logo":{"@type":"ImageObject","inLanguage":"de","@id":"https:\/\/hon-ing.hr\/#\/schema\/logo\/image\/","url":"https:\/\/hon-ing.hr\/wp-content\/uploads\/2023\/04\/favicon.png","contentUrl":"https:\/\/hon-ing.hr\/wp-content\/uploads\/2023\/04\/favicon.png","width":512,"height":512,"caption":"Art of printing"},"image":{"@id":"https:\/\/hon-ing.hr\/#\/schema\/logo\/image\/"}}]}},"_links":{"self":[{"href":"https:\/\/hon-ing.hr\/de\/wp-json\/wp\/v2\/pages\/685","targetHints":{"allow":["GET"]}}],"collection":[{"href":"https:\/\/hon-ing.hr\/de\/wp-json\/wp\/v2\/pages"}],"about":[{"href":"https:\/\/hon-ing.hr\/de\/wp-json\/wp\/v2\/types\/page"}],"author":[{"embeddable":true,"href":"https:\/\/hon-ing.hr\/de\/wp-json\/wp\/v2\/users\/1"}],"replies":[{"embeddable":true,"href":"https:\/\/hon-ing.hr\/de\/wp-json\/wp\/v2\/comments?post=685"}],"version-history":[{"count":1,"href":"https:\/\/hon-ing.hr\/de\/wp-json\/wp\/v2\/pages\/685\/revisions"}],"predecessor-version":[{"id":708,"href":"https:\/\/hon-ing.hr\/de\/wp-json\/wp\/v2\/pages\/685\/revisions\/708"}],"up":[{"embeddable":true,"href":"https:\/\/hon-ing.hr\/de\/wp-json\/wp\/v2\/pages\/680"}],"wp:attachment":[{"href":"https:\/\/hon-ing.hr\/de\/wp-json\/wp\/v2\/media?parent=685"}],"curies":[{"name":"wp","href":"https:\/\/api.w.org\/{rel}","templated":true}]}}