{"id":684,"date":"2023-02-15T08:27:54","date_gmt":"2023-02-15T08:27:54","guid":{"rendered":"https:\/\/hon-ing.hr\/von-der-idee-bis-zur-kompromisslosen-loesung\/weine\/"},"modified":"2023-06-21T10:43:38","modified_gmt":"2023-06-21T10:43:38","slug":"weine","status":"publish","type":"page","link":"https:\/\/hon-ing.hr\/de\/dienstleistungen\/weine\/","title":{"rendered":"Weine"},"content":{"rendered":"<h3>Der Weinmarkt erfordert hochwertige Etiketten mit einer innovativen Pr\u00e4sentation, die das Produkt von anderen abhebt und die Aufmerksamkeit des Kunden auf sich zieht.<\/h3>\n<p>In den meisten F\u00e4llen f\u00e4llt die Entscheidung auf selbstklebende Etiketten, die neben dem Bedrucken auch \u00fcber zahlreiche Nachbearbeitungsm\u00f6glichkeiten verf\u00fcgen.<\/p>\n<p>Durch die hochwertige Ausf\u00fchrung von Nachbearbeitungen wie etwa Foliendruck, Reliefdruck, Siebdruck und Druck auf Kleber schaffen einen Mehrwert f\u00fcr das Produkt. Aber das Etikett selbst sollte nicht nur attraktiv sein, sondern auch aufgrund der spezifischen Temperaturen, bei denen es gelagert wird, als auch aufgrund des Transportprozesses selbst best\u00e4ndig sein. Speziell entwickelte Weinmaterialien sind in dieser Hinsicht \u00e4u\u00dferst widerstandsf\u00e4hig und verleihen dem Etikett gleichzeitig durch ihre Beschaffenheit ein attraktives und modernes Aussehen.<\/p>\n<p>Mit modernster Technologie, unserer reichen Erfahrung und der Verwendung hochwertiger Materialien tragen wir zu Ihrem Wiedererkennungswert bei! Unabh\u00e4ngig davon, ob es sich um eine kleine oder gro\u00dfe Auflage handelt, streben wir nach Produkten von h\u00f6chster Qualit\u00e4t.<\/p>\n","protected":false},"excerpt":{"rendered":"<p>Der Weinmarkt erfordert hochwertige Etiketten mit einer innovativen Pr\u00e4sentation, die das Produkt von anderen abhebt und die Aufmerksamkeit des Kunden auf sich zieht. In den meisten F\u00e4llen f\u00e4llt die Entscheidung auf selbstklebende Etiketten, die neben dem Bedrucken auch \u00fcber zahlreiche Nachbearbeitungsm\u00f6glichkeiten verf\u00fcgen. Durch die hochwertige Ausf\u00fchrung von Nachbearbeitungen wie etwa Foliendruck, Reliefdruck, Siebdruck und Druck [&#8230;]<\/p>\n<p><a class=\"btn btn-secondary virtualna-read-more-link\" href=\"https:\/\/hon-ing.hr\/de\/dienstleistungen\/weine\/\">Read More&#8230;<span class=\"screen-reader-text\"> from Weine<\/span><\/a><\/p>\n","protected":false},"author":1,"featured_media":0,"parent":680,"menu_order":0,"comment_status":"closed","ping_status":"closed","template":"page-templates\/inner-page_four.php","meta":{"_acf_changed":false,"footnotes":""},"class_list":["post-684","page","type-page","status-publish","hentry"],"acf":[],"yoast_head":"<!-- This site is optimized with the Yoast SEO plugin v26.9 - https:\/\/yoast.com\/product\/yoast-seo-wordpress\/ -->\n<title>Weine - Hon-ing<\/title>\n<meta name=\"description\" content=\"Der Weinmarkt erfordert hochwertige Etiketten mit einer innovativen Pr\u00e4sentation, die das Produkt von anderen abhebt und die Aufmerksamkeit des Kunden auf sich zieht.\" \/>\n<meta name=\"robots\" content=\"index, follow, max-snippet:-1, max-image-preview:large, max-video-preview:-1\" \/>\n<link rel=\"canonical\" href=\"https:\/\/hon-ing.hr\/de\/dienstleistungen\/weine\/\" \/>\n<meta property=\"og:locale\" content=\"de_DE\" \/>\n<meta property=\"og:type\" content=\"article\" \/>\n<meta property=\"og:title\" content=\"Weine - Hon-ing\" \/>\n<meta property=\"og:description\" content=\"Der Weinmarkt erfordert hochwertige Etiketten mit einer innovativen Pr\u00e4sentation, die das Produkt von anderen abhebt und die Aufmerksamkeit des Kunden auf sich zieht.\" \/>\n<meta property=\"og:url\" content=\"https:\/\/hon-ing.hr\/de\/dienstleistungen\/weine\/\" \/>\n<meta property=\"og:site_name\" content=\"Hon-ing\" \/>\n<meta property=\"article:modified_time\" content=\"2023-06-21T10:43:38+00:00\" \/>\n<meta property=\"og:image\" content=\"https:\/\/hon-ing.hr\/wp-content\/uploads\/2023\/03\/hon-ing_Tehnologije.jpg\" \/>\n\t<meta property=\"og:image:width\" content=\"642\" \/>\n\t<meta property=\"og:image:height\" content=\"641\" \/>\n\t<meta property=\"og:image:type\" content=\"image\/jpeg\" \/>\n<meta name=\"twitter:card\" content=\"summary_large_image\" \/>\n<meta name=\"twitter:label1\" content=\"Gesch\u00e4tzte Lesezeit\" \/>\n\t<meta name=\"twitter:data1\" content=\"1\u00a0Minute\" \/>\n<script type=\"application\/ld+json\" class=\"yoast-schema-graph\">{\"@context\":\"https:\/\/schema.org\",\"@graph\":[{\"@type\":\"WebPage\",\"@id\":\"https:\/\/hon-ing.hr\/de\/dienstleistungen\/weine\/\",\"url\":\"https:\/\/hon-ing.hr\/de\/dienstleistungen\/weine\/\",\"name\":\"Weine - Hon-ing\",\"isPartOf\":{\"@id\":\"https:\/\/hon-ing.hr\/#website\"},\"datePublished\":\"2023-02-15T08:27:54+00:00\",\"dateModified\":\"2023-06-21T10:43:38+00:00\",\"description\":\"Der Weinmarkt erfordert hochwertige Etiketten mit einer innovativen Pr\u00e4sentation, die das Produkt von anderen abhebt und die Aufmerksamkeit des Kunden auf sich zieht.\",\"breadcrumb\":{\"@id\":\"https:\/\/hon-ing.hr\/de\/dienstleistungen\/weine\/#breadcrumb\"},\"inLanguage\":\"de\",\"potentialAction\":[{\"@type\":\"ReadAction\",\"target\":[\"https:\/\/hon-ing.hr\/de\/dienstleistungen\/weine\/\"]}]},{\"@type\":\"BreadcrumbList\",\"@id\":\"https:\/\/hon-ing.hr\/de\/dienstleistungen\/weine\/#breadcrumb\",\"itemListElement\":[{\"@type\":\"ListItem\",\"position\":1,\"name\":\"Po\u010detna stranica\",\"item\":\"https:\/\/hon-ing.hr\/de\/\"},{\"@type\":\"ListItem\",\"position\":2,\"name\":\"Von der Idee bis, zur kompromisslosen L\u00f6sung\",\"item\":\"https:\/\/hon-ing.hr\/de\/dienstleistungen\/\"},{\"@type\":\"ListItem\",\"position\":3,\"name\":\"Weine\"}]},{\"@type\":\"WebSite\",\"@id\":\"https:\/\/hon-ing.hr\/#website\",\"url\":\"https:\/\/hon-ing.hr\/\",\"name\":\"Hon-ing\",\"description\":\"Art of printing\",\"publisher\":{\"@id\":\"https:\/\/hon-ing.hr\/#organization\"},\"potentialAction\":[{\"@type\":\"SearchAction\",\"target\":{\"@type\":\"EntryPoint\",\"urlTemplate\":\"https:\/\/hon-ing.hr\/?s={search_term_string}\"},\"query-input\":{\"@type\":\"PropertyValueSpecification\",\"valueRequired\":true,\"valueName\":\"search_term_string\"}}],\"inLanguage\":\"de\"},{\"@type\":\"Organization\",\"@id\":\"https:\/\/hon-ing.hr\/#organization\",\"name\":\"Art of printing\",\"url\":\"https:\/\/hon-ing.hr\/\",\"logo\":{\"@type\":\"ImageObject\",\"inLanguage\":\"de\",\"@id\":\"https:\/\/hon-ing.hr\/#\/schema\/logo\/image\/\",\"url\":\"https:\/\/hon-ing.hr\/wp-content\/uploads\/2023\/04\/favicon.png\",\"contentUrl\":\"https:\/\/hon-ing.hr\/wp-content\/uploads\/2023\/04\/favicon.png\",\"width\":512,\"height\":512,\"caption\":\"Art of printing\"},\"image\":{\"@id\":\"https:\/\/hon-ing.hr\/#\/schema\/logo\/image\/\"}}]}<\/script>\n<!-- \/ Yoast SEO plugin. -->","yoast_head_json":{"title":"Weine - Hon-ing","description":"Der Weinmarkt erfordert hochwertige Etiketten mit einer innovativen Pr\u00e4sentation, die das Produkt von anderen abhebt und die Aufmerksamkeit des Kunden auf sich zieht.","robots":{"index":"index","follow":"follow","max-snippet":"max-snippet:-1","max-image-preview":"max-image-preview:large","max-video-preview":"max-video-preview:-1"},"canonical":"https:\/\/hon-ing.hr\/de\/dienstleistungen\/weine\/","og_locale":"de_DE","og_type":"article","og_title":"Weine - Hon-ing","og_description":"Der Weinmarkt erfordert hochwertige Etiketten mit einer innovativen Pr\u00e4sentation, die das Produkt von anderen abhebt und die Aufmerksamkeit des Kunden auf sich zieht.","og_url":"https:\/\/hon-ing.hr\/de\/dienstleistungen\/weine\/","og_site_name":"Hon-ing","article_modified_time":"2023-06-21T10:43:38+00:00","og_image":[{"width":642,"height":641,"url":"https:\/\/hon-ing.hr\/wp-content\/uploads\/2023\/03\/hon-ing_Tehnologije.jpg","type":"image\/jpeg"}],"twitter_card":"summary_large_image","twitter_misc":{"Gesch\u00e4tzte Lesezeit":"1\u00a0Minute"},"schema":{"@context":"https:\/\/schema.org","@graph":[{"@type":"WebPage","@id":"https:\/\/hon-ing.hr\/de\/dienstleistungen\/weine\/","url":"https:\/\/hon-ing.hr\/de\/dienstleistungen\/weine\/","name":"Weine - Hon-ing","isPartOf":{"@id":"https:\/\/hon-ing.hr\/#website"},"datePublished":"2023-02-15T08:27:54+00:00","dateModified":"2023-06-21T10:43:38+00:00","description":"Der Weinmarkt erfordert hochwertige Etiketten mit einer innovativen Pr\u00e4sentation, die das Produkt von anderen abhebt und die Aufmerksamkeit des Kunden auf sich zieht.","breadcrumb":{"@id":"https:\/\/hon-ing.hr\/de\/dienstleistungen\/weine\/#breadcrumb"},"inLanguage":"de","potentialAction":[{"@type":"ReadAction","target":["https:\/\/hon-ing.hr\/de\/dienstleistungen\/weine\/"]}]},{"@type":"BreadcrumbList","@id":"https:\/\/hon-ing.hr\/de\/dienstleistungen\/weine\/#breadcrumb","itemListElement":[{"@type":"ListItem","position":1,"name":"Po\u010detna stranica","item":"https:\/\/hon-ing.hr\/de\/"},{"@type":"ListItem","position":2,"name":"Von der Idee bis, zur kompromisslosen L\u00f6sung","item":"https:\/\/hon-ing.hr\/de\/dienstleistungen\/"},{"@type":"ListItem","position":3,"name":"Weine"}]},{"@type":"WebSite","@id":"https:\/\/hon-ing.hr\/#website","url":"https:\/\/hon-ing.hr\/","name":"Hon-ing","description":"Art of printing","publisher":{"@id":"https:\/\/hon-ing.hr\/#organization"},"potentialAction":[{"@type":"SearchAction","target":{"@type":"EntryPoint","urlTemplate":"https:\/\/hon-ing.hr\/?s={search_term_string}"},"query-input":{"@type":"PropertyValueSpecification","valueRequired":true,"valueName":"search_term_string"}}],"inLanguage":"de"},{"@type":"Organization","@id":"https:\/\/hon-ing.hr\/#organization","name":"Art of printing","url":"https:\/\/hon-ing.hr\/","logo":{"@type":"ImageObject","inLanguage":"de","@id":"https:\/\/hon-ing.hr\/#\/schema\/logo\/image\/","url":"https:\/\/hon-ing.hr\/wp-content\/uploads\/2023\/04\/favicon.png","contentUrl":"https:\/\/hon-ing.hr\/wp-content\/uploads\/2023\/04\/favicon.png","width":512,"height":512,"caption":"Art of printing"},"image":{"@id":"https:\/\/hon-ing.hr\/#\/schema\/logo\/image\/"}}]}},"_links":{"self":[{"href":"https:\/\/hon-ing.hr\/de\/wp-json\/wp\/v2\/pages\/684","targetHints":{"allow":["GET"]}}],"collection":[{"href":"https:\/\/hon-ing.hr\/de\/wp-json\/wp\/v2\/pages"}],"about":[{"href":"https:\/\/hon-ing.hr\/de\/wp-json\/wp\/v2\/types\/page"}],"author":[{"embeddable":true,"href":"https:\/\/hon-ing.hr\/de\/wp-json\/wp\/v2\/users\/1"}],"replies":[{"embeddable":true,"href":"https:\/\/hon-ing.hr\/de\/wp-json\/wp\/v2\/comments?post=684"}],"version-history":[{"count":1,"href":"https:\/\/hon-ing.hr\/de\/wp-json\/wp\/v2\/pages\/684\/revisions"}],"predecessor-version":[{"id":720,"href":"https:\/\/hon-ing.hr\/de\/wp-json\/wp\/v2\/pages\/684\/revisions\/720"}],"up":[{"embeddable":true,"href":"https:\/\/hon-ing.hr\/de\/wp-json\/wp\/v2\/pages\/680"}],"wp:attachment":[{"href":"https:\/\/hon-ing.hr\/de\/wp-json\/wp\/v2\/media?parent=684"}],"curies":[{"name":"wp","href":"https:\/\/api.w.org\/{rel}","templated":true}]}}