{"id":683,"date":"2023-02-15T08:26:29","date_gmt":"2023-02-15T08:26:29","guid":{"rendered":"https:\/\/hon-ing.hr\/von-der-idee-bis-zur-kompromisslosen-loesung\/broschueren-und-visitenkarten\/"},"modified":"2023-06-21T10:39:39","modified_gmt":"2023-06-21T10:39:39","slug":"broschueren-und-visitenkarten","status":"publish","type":"page","link":"https:\/\/hon-ing.hr\/de\/dienstleistungen\/broschueren-und-visitenkarten\/","title":{"rendered":"Brosch\u00fcren und Visitenkarten"},"content":{"rendered":"<h3>Personalisierte Materialien als Must-have<\/h3>\n<p>Um Ihre Professionalit\u00e4t hervorzuheben und den Ruf des Unternehmens zu st\u00e4rken, spielen gedruckte Materialien in der Unternehmenskommunikation eine wichtige Rolle. Sie repr\u00e4sentieren Ihr Unternehmen in den Augen der Kunden. Mit attraktiven Brosch\u00fcren, Visitenkarten und anderen Drucksachen decken wir alle Bereiche ab, die Sie f\u00fcr die Gestaltung Ihrer visuellen Identit\u00e4t ben\u00f6tigen. Die Geschwindigkeit und Effizienz des Digitaldrucks erf\u00fcllt all Ihre Anspr\u00fcche.<\/p>\n<p>Um eine besondere Kommunikation mit dem Endkunden aufzubauen, gewinnt der personalisierte Druck immer mehr an Beliebtheit. Ob Etiketten, Reminder oder Werbebrosch\u00fcren &#8211; der personalisierte Druck ist immer die richtige L\u00f6sung.<\/p>\n<p>Die Drucktechnik von Hon-ing strebt nach qualitativ hochwertigen Materialien, damit Ihre Produkte letztendlich das erwartete Niveau erreichen \u2013 das Top-Niveau.<\/p>\n","protected":false},"excerpt":{"rendered":"<p>Personalisierte Materialien als Must-have Um Ihre Professionalit\u00e4t hervorzuheben und den Ruf des Unternehmens zu st\u00e4rken, spielen gedruckte Materialien in der Unternehmenskommunikation eine wichtige Rolle. Sie repr\u00e4sentieren Ihr Unternehmen in den Augen der Kunden. Mit attraktiven Brosch\u00fcren, Visitenkarten und anderen Drucksachen decken wir alle Bereiche ab, die Sie f\u00fcr die Gestaltung Ihrer visuellen Identit\u00e4t ben\u00f6tigen. Die [&#8230;]<\/p>\n<p><a class=\"btn btn-secondary virtualna-read-more-link\" href=\"https:\/\/hon-ing.hr\/de\/dienstleistungen\/broschueren-und-visitenkarten\/\">Read More&#8230;<span class=\"screen-reader-text\"> from Brosch\u00fcren und Visitenkarten<\/span><\/a><\/p>\n","protected":false},"author":1,"featured_media":0,"parent":680,"menu_order":0,"comment_status":"closed","ping_status":"closed","template":"page-templates\/inner-page_four.php","meta":{"_acf_changed":false,"footnotes":""},"class_list":["post-683","page","type-page","status-publish","hentry"],"acf":[],"yoast_head":"<!-- This site is optimized with the Yoast SEO plugin v26.9 - https:\/\/yoast.com\/product\/yoast-seo-wordpress\/ -->\n<title>Brosch\u00fcren und Visitenkarten - Hon-ing<\/title>\n<meta name=\"description\" content=\"Sie repr\u00e4sentieren Ihr Unternehmen in den Augen der Kunden. Mit attraktiven Brosch\u00fcren, Visitenkarten und anderen Drucksachen decken wir alle Bereiche ab, die Sie f\u00fcr die Gestaltung Ihrer visuellen Identit\u00e4t ben\u00f6tigen.\" \/>\n<meta name=\"robots\" content=\"index, follow, max-snippet:-1, max-image-preview:large, max-video-preview:-1\" \/>\n<link rel=\"canonical\" href=\"https:\/\/hon-ing.hr\/de\/dienstleistungen\/broschueren-und-visitenkarten\/\" \/>\n<meta property=\"og:locale\" content=\"de_DE\" \/>\n<meta property=\"og:type\" content=\"article\" \/>\n<meta property=\"og:title\" content=\"Brosch\u00fcren und Visitenkarten - Hon-ing\" \/>\n<meta property=\"og:description\" content=\"Sie repr\u00e4sentieren Ihr Unternehmen in den Augen der Kunden. Mit attraktiven Brosch\u00fcren, Visitenkarten und anderen Drucksachen decken wir alle Bereiche ab, die Sie f\u00fcr die Gestaltung Ihrer visuellen Identit\u00e4t ben\u00f6tigen.\" \/>\n<meta property=\"og:url\" content=\"https:\/\/hon-ing.hr\/de\/dienstleistungen\/broschueren-und-visitenkarten\/\" \/>\n<meta property=\"og:site_name\" content=\"Hon-ing\" \/>\n<meta property=\"article:modified_time\" content=\"2023-06-21T10:39:39+00:00\" \/>\n<meta property=\"og:image\" content=\"https:\/\/hon-ing.hr\/wp-content\/uploads\/2023\/03\/hon-ing_Tehnologije.jpg\" \/>\n\t<meta property=\"og:image:width\" content=\"642\" \/>\n\t<meta property=\"og:image:height\" content=\"641\" \/>\n\t<meta property=\"og:image:type\" content=\"image\/jpeg\" \/>\n<meta name=\"twitter:card\" content=\"summary_large_image\" \/>\n<meta name=\"twitter:label1\" content=\"Gesch\u00e4tzte Lesezeit\" \/>\n\t<meta name=\"twitter:data1\" content=\"1\u00a0Minute\" \/>\n<script type=\"application\/ld+json\" class=\"yoast-schema-graph\">{\"@context\":\"https:\/\/schema.org\",\"@graph\":[{\"@type\":\"WebPage\",\"@id\":\"https:\/\/hon-ing.hr\/de\/dienstleistungen\/broschueren-und-visitenkarten\/\",\"url\":\"https:\/\/hon-ing.hr\/de\/dienstleistungen\/broschueren-und-visitenkarten\/\",\"name\":\"Brosch\u00fcren und Visitenkarten - Hon-ing\",\"isPartOf\":{\"@id\":\"https:\/\/hon-ing.hr\/#website\"},\"datePublished\":\"2023-02-15T08:26:29+00:00\",\"dateModified\":\"2023-06-21T10:39:39+00:00\",\"description\":\"Sie repr\u00e4sentieren Ihr Unternehmen in den Augen der Kunden. Mit attraktiven Brosch\u00fcren, Visitenkarten und anderen Drucksachen decken wir alle Bereiche ab, die Sie f\u00fcr die Gestaltung Ihrer visuellen Identit\u00e4t ben\u00f6tigen.\",\"breadcrumb\":{\"@id\":\"https:\/\/hon-ing.hr\/de\/dienstleistungen\/broschueren-und-visitenkarten\/#breadcrumb\"},\"inLanguage\":\"de\",\"potentialAction\":[{\"@type\":\"ReadAction\",\"target\":[\"https:\/\/hon-ing.hr\/de\/dienstleistungen\/broschueren-und-visitenkarten\/\"]}]},{\"@type\":\"BreadcrumbList\",\"@id\":\"https:\/\/hon-ing.hr\/de\/dienstleistungen\/broschueren-und-visitenkarten\/#breadcrumb\",\"itemListElement\":[{\"@type\":\"ListItem\",\"position\":1,\"name\":\"Po\u010detna stranica\",\"item\":\"https:\/\/hon-ing.hr\/de\/\"},{\"@type\":\"ListItem\",\"position\":2,\"name\":\"Von der Idee bis, zur kompromisslosen L\u00f6sung\",\"item\":\"https:\/\/hon-ing.hr\/de\/dienstleistungen\/\"},{\"@type\":\"ListItem\",\"position\":3,\"name\":\"Brosch\u00fcren und Visitenkarten\"}]},{\"@type\":\"WebSite\",\"@id\":\"https:\/\/hon-ing.hr\/#website\",\"url\":\"https:\/\/hon-ing.hr\/\",\"name\":\"Hon-ing\",\"description\":\"Art of printing\",\"publisher\":{\"@id\":\"https:\/\/hon-ing.hr\/#organization\"},\"potentialAction\":[{\"@type\":\"SearchAction\",\"target\":{\"@type\":\"EntryPoint\",\"urlTemplate\":\"https:\/\/hon-ing.hr\/?s={search_term_string}\"},\"query-input\":{\"@type\":\"PropertyValueSpecification\",\"valueRequired\":true,\"valueName\":\"search_term_string\"}}],\"inLanguage\":\"de\"},{\"@type\":\"Organization\",\"@id\":\"https:\/\/hon-ing.hr\/#organization\",\"name\":\"Art of printing\",\"url\":\"https:\/\/hon-ing.hr\/\",\"logo\":{\"@type\":\"ImageObject\",\"inLanguage\":\"de\",\"@id\":\"https:\/\/hon-ing.hr\/#\/schema\/logo\/image\/\",\"url\":\"https:\/\/hon-ing.hr\/wp-content\/uploads\/2023\/04\/favicon.png\",\"contentUrl\":\"https:\/\/hon-ing.hr\/wp-content\/uploads\/2023\/04\/favicon.png\",\"width\":512,\"height\":512,\"caption\":\"Art of printing\"},\"image\":{\"@id\":\"https:\/\/hon-ing.hr\/#\/schema\/logo\/image\/\"}}]}<\/script>\n<!-- \/ Yoast SEO plugin. -->","yoast_head_json":{"title":"Brosch\u00fcren und Visitenkarten - Hon-ing","description":"Sie repr\u00e4sentieren Ihr Unternehmen in den Augen der Kunden. Mit attraktiven Brosch\u00fcren, Visitenkarten und anderen Drucksachen decken wir alle Bereiche ab, die Sie f\u00fcr die Gestaltung Ihrer visuellen Identit\u00e4t ben\u00f6tigen.","robots":{"index":"index","follow":"follow","max-snippet":"max-snippet:-1","max-image-preview":"max-image-preview:large","max-video-preview":"max-video-preview:-1"},"canonical":"https:\/\/hon-ing.hr\/de\/dienstleistungen\/broschueren-und-visitenkarten\/","og_locale":"de_DE","og_type":"article","og_title":"Brosch\u00fcren und Visitenkarten - Hon-ing","og_description":"Sie repr\u00e4sentieren Ihr Unternehmen in den Augen der Kunden. Mit attraktiven Brosch\u00fcren, Visitenkarten und anderen Drucksachen decken wir alle Bereiche ab, die Sie f\u00fcr die Gestaltung Ihrer visuellen Identit\u00e4t ben\u00f6tigen.","og_url":"https:\/\/hon-ing.hr\/de\/dienstleistungen\/broschueren-und-visitenkarten\/","og_site_name":"Hon-ing","article_modified_time":"2023-06-21T10:39:39+00:00","og_image":[{"width":642,"height":641,"url":"https:\/\/hon-ing.hr\/wp-content\/uploads\/2023\/03\/hon-ing_Tehnologije.jpg","type":"image\/jpeg"}],"twitter_card":"summary_large_image","twitter_misc":{"Gesch\u00e4tzte Lesezeit":"1\u00a0Minute"},"schema":{"@context":"https:\/\/schema.org","@graph":[{"@type":"WebPage","@id":"https:\/\/hon-ing.hr\/de\/dienstleistungen\/broschueren-und-visitenkarten\/","url":"https:\/\/hon-ing.hr\/de\/dienstleistungen\/broschueren-und-visitenkarten\/","name":"Brosch\u00fcren und Visitenkarten - Hon-ing","isPartOf":{"@id":"https:\/\/hon-ing.hr\/#website"},"datePublished":"2023-02-15T08:26:29+00:00","dateModified":"2023-06-21T10:39:39+00:00","description":"Sie repr\u00e4sentieren Ihr Unternehmen in den Augen der Kunden. Mit attraktiven Brosch\u00fcren, Visitenkarten und anderen Drucksachen decken wir alle Bereiche ab, die Sie f\u00fcr die Gestaltung Ihrer visuellen Identit\u00e4t ben\u00f6tigen.","breadcrumb":{"@id":"https:\/\/hon-ing.hr\/de\/dienstleistungen\/broschueren-und-visitenkarten\/#breadcrumb"},"inLanguage":"de","potentialAction":[{"@type":"ReadAction","target":["https:\/\/hon-ing.hr\/de\/dienstleistungen\/broschueren-und-visitenkarten\/"]}]},{"@type":"BreadcrumbList","@id":"https:\/\/hon-ing.hr\/de\/dienstleistungen\/broschueren-und-visitenkarten\/#breadcrumb","itemListElement":[{"@type":"ListItem","position":1,"name":"Po\u010detna stranica","item":"https:\/\/hon-ing.hr\/de\/"},{"@type":"ListItem","position":2,"name":"Von der Idee bis, zur kompromisslosen L\u00f6sung","item":"https:\/\/hon-ing.hr\/de\/dienstleistungen\/"},{"@type":"ListItem","position":3,"name":"Brosch\u00fcren und Visitenkarten"}]},{"@type":"WebSite","@id":"https:\/\/hon-ing.hr\/#website","url":"https:\/\/hon-ing.hr\/","name":"Hon-ing","description":"Art of printing","publisher":{"@id":"https:\/\/hon-ing.hr\/#organization"},"potentialAction":[{"@type":"SearchAction","target":{"@type":"EntryPoint","urlTemplate":"https:\/\/hon-ing.hr\/?s={search_term_string}"},"query-input":{"@type":"PropertyValueSpecification","valueRequired":true,"valueName":"search_term_string"}}],"inLanguage":"de"},{"@type":"Organization","@id":"https:\/\/hon-ing.hr\/#organization","name":"Art of printing","url":"https:\/\/hon-ing.hr\/","logo":{"@type":"ImageObject","inLanguage":"de","@id":"https:\/\/hon-ing.hr\/#\/schema\/logo\/image\/","url":"https:\/\/hon-ing.hr\/wp-content\/uploads\/2023\/04\/favicon.png","contentUrl":"https:\/\/hon-ing.hr\/wp-content\/uploads\/2023\/04\/favicon.png","width":512,"height":512,"caption":"Art of printing"},"image":{"@id":"https:\/\/hon-ing.hr\/#\/schema\/logo\/image\/"}}]}},"_links":{"self":[{"href":"https:\/\/hon-ing.hr\/de\/wp-json\/wp\/v2\/pages\/683","targetHints":{"allow":["GET"]}}],"collection":[{"href":"https:\/\/hon-ing.hr\/de\/wp-json\/wp\/v2\/pages"}],"about":[{"href":"https:\/\/hon-ing.hr\/de\/wp-json\/wp\/v2\/types\/page"}],"author":[{"embeddable":true,"href":"https:\/\/hon-ing.hr\/de\/wp-json\/wp\/v2\/users\/1"}],"replies":[{"embeddable":true,"href":"https:\/\/hon-ing.hr\/de\/wp-json\/wp\/v2\/comments?post=683"}],"version-history":[{"count":1,"href":"https:\/\/hon-ing.hr\/de\/wp-json\/wp\/v2\/pages\/683\/revisions"}],"predecessor-version":[{"id":713,"href":"https:\/\/hon-ing.hr\/de\/wp-json\/wp\/v2\/pages\/683\/revisions\/713"}],"up":[{"embeddable":true,"href":"https:\/\/hon-ing.hr\/de\/wp-json\/wp\/v2\/pages\/680"}],"wp:attachment":[{"href":"https:\/\/hon-ing.hr\/de\/wp-json\/wp\/v2\/media?parent=683"}],"curies":[{"name":"wp","href":"https:\/\/api.w.org\/{rel}","templated":true}]}}