{"id":682,"date":"2023-02-15T08:25:35","date_gmt":"2023-02-15T08:25:35","guid":{"rendered":"https:\/\/hon-ing.hr\/von-der-idee-bis-zur-kompromisslosen-loesung\/chemieindustrie\/"},"modified":"2023-06-21T09:59:39","modified_gmt":"2023-06-21T09:59:39","slug":"chemieindustrie","status":"publish","type":"page","link":"https:\/\/hon-ing.hr\/de\/dienstleistungen\/chemieindustrie\/","title":{"rendered":"Chemieindustrie"},"content":{"rendered":"<h3>F\u00fchrender Industriezweig<\/h3>\n<p>Diese Industrie gilt als treibende Kraft hinter der Entwicklung und dem Betrieb vieler Produktionsprozesse und technologischer Verfahren, daher erfordern die Produkte h\u00e4ufig auch Innovationen in der Produktpr\u00e4sentation. In der Chemieindustrie werden zur einfacheren Handhabung h\u00e4ufig Verpackungen mit einer spezifischen Form verwendet. Dementsprechend wird erwartet, dass sich das Etikett an die Form des Produktes anpasst. Schrumpfschlauchetiketten passen sich ideal der Flaschenform an und erm\u00f6glichen die Designgestaltung in voller H\u00f6he und Breite \u2013 360\u00b0. Ebenso wird die Form des selbstklebenden Etiketts f\u00fcr jede Verpackungsart individuell definiert.<\/p>\n<p>Etiketten informieren \u00fcber m\u00f6gliche Risiken und Gefahren und es ist \u00e4u\u00dferst wichtig, dass sie w\u00e4hrend des gesamten Prozesses bis zum Endkunden erhalten bleiben. Deshalb wird gro\u00dfer Wert auf die Qualit\u00e4t des Materials und des Drucks gelegt. F\u00fcr eine zus\u00e4tzliche Warnung des Kunden bieten wir die M\u00f6glichkeit der Anfertigung eines Reliefdrucks, um die Gefahrenzeichen hervorzuheben.<\/p>\n","protected":false},"excerpt":{"rendered":"<p>F\u00fchrender Industriezweig Diese Industrie gilt als treibende Kraft hinter der Entwicklung und dem Betrieb vieler Produktionsprozesse und technologischer Verfahren, daher erfordern die Produkte h\u00e4ufig auch Innovationen in der Produktpr\u00e4sentation. In der Chemieindustrie werden zur einfacheren Handhabung h\u00e4ufig Verpackungen mit einer spezifischen Form verwendet. Dementsprechend wird erwartet, dass sich das Etikett an die Form des Produktes [&#8230;]<\/p>\n<p><a class=\"btn btn-secondary virtualna-read-more-link\" href=\"https:\/\/hon-ing.hr\/de\/dienstleistungen\/chemieindustrie\/\">Read More&#8230;<span class=\"screen-reader-text\"> from Chemieindustrie<\/span><\/a><\/p>\n","protected":false},"author":1,"featured_media":0,"parent":680,"menu_order":0,"comment_status":"closed","ping_status":"closed","template":"page-templates\/inner-page_four.php","meta":{"_acf_changed":false,"footnotes":""},"class_list":["post-682","page","type-page","status-publish","hentry"],"acf":[],"yoast_head":"<!-- This site is optimized with the Yoast SEO plugin v26.9 - https:\/\/yoast.com\/product\/yoast-seo-wordpress\/ -->\n<title>Chemieindustrie - Hon-ing<\/title>\n<meta name=\"description\" content=\"Diese Industrie gilt als treibende Kraft hinter der Entwicklung und dem Betrieb vieler Produktionsprozesse und technologischer Verfahren, daher erfordern die Produkte h\u00e4ufig auch Innovationen in der Produktpr\u00e4sentation.\" \/>\n<meta name=\"robots\" content=\"index, follow, max-snippet:-1, max-image-preview:large, max-video-preview:-1\" \/>\n<link rel=\"canonical\" href=\"https:\/\/hon-ing.hr\/de\/dienstleistungen\/chemieindustrie\/\" \/>\n<meta property=\"og:locale\" content=\"de_DE\" \/>\n<meta property=\"og:type\" content=\"article\" \/>\n<meta property=\"og:title\" content=\"Chemieindustrie - Hon-ing\" \/>\n<meta property=\"og:description\" content=\"Diese Industrie gilt als treibende Kraft hinter der Entwicklung und dem Betrieb vieler Produktionsprozesse und technologischer Verfahren, daher erfordern die Produkte h\u00e4ufig auch Innovationen in der Produktpr\u00e4sentation.\" \/>\n<meta property=\"og:url\" content=\"https:\/\/hon-ing.hr\/de\/dienstleistungen\/chemieindustrie\/\" \/>\n<meta property=\"og:site_name\" content=\"Hon-ing\" \/>\n<meta property=\"article:modified_time\" content=\"2023-06-21T09:59:39+00:00\" \/>\n<meta property=\"og:image\" content=\"https:\/\/hon-ing.hr\/wp-content\/uploads\/2023\/03\/hon-ing_Tehnologije.jpg\" \/>\n\t<meta property=\"og:image:width\" content=\"642\" \/>\n\t<meta property=\"og:image:height\" content=\"641\" \/>\n\t<meta property=\"og:image:type\" content=\"image\/jpeg\" \/>\n<meta name=\"twitter:card\" content=\"summary_large_image\" \/>\n<meta name=\"twitter:label1\" content=\"Gesch\u00e4tzte Lesezeit\" \/>\n\t<meta name=\"twitter:data1\" content=\"1\u00a0Minute\" \/>\n<script type=\"application\/ld+json\" class=\"yoast-schema-graph\">{\"@context\":\"https:\/\/schema.org\",\"@graph\":[{\"@type\":\"WebPage\",\"@id\":\"https:\/\/hon-ing.hr\/de\/dienstleistungen\/chemieindustrie\/\",\"url\":\"https:\/\/hon-ing.hr\/de\/dienstleistungen\/chemieindustrie\/\",\"name\":\"Chemieindustrie - Hon-ing\",\"isPartOf\":{\"@id\":\"https:\/\/hon-ing.hr\/#website\"},\"datePublished\":\"2023-02-15T08:25:35+00:00\",\"dateModified\":\"2023-06-21T09:59:39+00:00\",\"description\":\"Diese Industrie gilt als treibende Kraft hinter der Entwicklung und dem Betrieb vieler Produktionsprozesse und technologischer Verfahren, daher erfordern die Produkte h\u00e4ufig auch Innovationen in der Produktpr\u00e4sentation.\",\"breadcrumb\":{\"@id\":\"https:\/\/hon-ing.hr\/de\/dienstleistungen\/chemieindustrie\/#breadcrumb\"},\"inLanguage\":\"de\",\"potentialAction\":[{\"@type\":\"ReadAction\",\"target\":[\"https:\/\/hon-ing.hr\/de\/dienstleistungen\/chemieindustrie\/\"]}]},{\"@type\":\"BreadcrumbList\",\"@id\":\"https:\/\/hon-ing.hr\/de\/dienstleistungen\/chemieindustrie\/#breadcrumb\",\"itemListElement\":[{\"@type\":\"ListItem\",\"position\":1,\"name\":\"Po\u010detna stranica\",\"item\":\"https:\/\/hon-ing.hr\/de\/\"},{\"@type\":\"ListItem\",\"position\":2,\"name\":\"Von der Idee bis, zur kompromisslosen L\u00f6sung\",\"item\":\"https:\/\/hon-ing.hr\/de\/dienstleistungen\/\"},{\"@type\":\"ListItem\",\"position\":3,\"name\":\"Chemieindustrie\"}]},{\"@type\":\"WebSite\",\"@id\":\"https:\/\/hon-ing.hr\/#website\",\"url\":\"https:\/\/hon-ing.hr\/\",\"name\":\"Hon-ing\",\"description\":\"Art of printing\",\"publisher\":{\"@id\":\"https:\/\/hon-ing.hr\/#organization\"},\"potentialAction\":[{\"@type\":\"SearchAction\",\"target\":{\"@type\":\"EntryPoint\",\"urlTemplate\":\"https:\/\/hon-ing.hr\/?s={search_term_string}\"},\"query-input\":{\"@type\":\"PropertyValueSpecification\",\"valueRequired\":true,\"valueName\":\"search_term_string\"}}],\"inLanguage\":\"de\"},{\"@type\":\"Organization\",\"@id\":\"https:\/\/hon-ing.hr\/#organization\",\"name\":\"Art of printing\",\"url\":\"https:\/\/hon-ing.hr\/\",\"logo\":{\"@type\":\"ImageObject\",\"inLanguage\":\"de\",\"@id\":\"https:\/\/hon-ing.hr\/#\/schema\/logo\/image\/\",\"url\":\"https:\/\/hon-ing.hr\/wp-content\/uploads\/2023\/04\/favicon.png\",\"contentUrl\":\"https:\/\/hon-ing.hr\/wp-content\/uploads\/2023\/04\/favicon.png\",\"width\":512,\"height\":512,\"caption\":\"Art of printing\"},\"image\":{\"@id\":\"https:\/\/hon-ing.hr\/#\/schema\/logo\/image\/\"}}]}<\/script>\n<!-- \/ Yoast SEO plugin. -->","yoast_head_json":{"title":"Chemieindustrie - Hon-ing","description":"Diese Industrie gilt als treibende Kraft hinter der Entwicklung und dem Betrieb vieler Produktionsprozesse und technologischer Verfahren, daher erfordern die Produkte h\u00e4ufig auch Innovationen in der Produktpr\u00e4sentation.","robots":{"index":"index","follow":"follow","max-snippet":"max-snippet:-1","max-image-preview":"max-image-preview:large","max-video-preview":"max-video-preview:-1"},"canonical":"https:\/\/hon-ing.hr\/de\/dienstleistungen\/chemieindustrie\/","og_locale":"de_DE","og_type":"article","og_title":"Chemieindustrie - Hon-ing","og_description":"Diese Industrie gilt als treibende Kraft hinter der Entwicklung und dem Betrieb vieler Produktionsprozesse und technologischer Verfahren, daher erfordern die Produkte h\u00e4ufig auch Innovationen in der Produktpr\u00e4sentation.","og_url":"https:\/\/hon-ing.hr\/de\/dienstleistungen\/chemieindustrie\/","og_site_name":"Hon-ing","article_modified_time":"2023-06-21T09:59:39+00:00","og_image":[{"width":642,"height":641,"url":"https:\/\/hon-ing.hr\/wp-content\/uploads\/2023\/03\/hon-ing_Tehnologije.jpg","type":"image\/jpeg"}],"twitter_card":"summary_large_image","twitter_misc":{"Gesch\u00e4tzte Lesezeit":"1\u00a0Minute"},"schema":{"@context":"https:\/\/schema.org","@graph":[{"@type":"WebPage","@id":"https:\/\/hon-ing.hr\/de\/dienstleistungen\/chemieindustrie\/","url":"https:\/\/hon-ing.hr\/de\/dienstleistungen\/chemieindustrie\/","name":"Chemieindustrie - Hon-ing","isPartOf":{"@id":"https:\/\/hon-ing.hr\/#website"},"datePublished":"2023-02-15T08:25:35+00:00","dateModified":"2023-06-21T09:59:39+00:00","description":"Diese Industrie gilt als treibende Kraft hinter der Entwicklung und dem Betrieb vieler Produktionsprozesse und technologischer Verfahren, daher erfordern die Produkte h\u00e4ufig auch Innovationen in der Produktpr\u00e4sentation.","breadcrumb":{"@id":"https:\/\/hon-ing.hr\/de\/dienstleistungen\/chemieindustrie\/#breadcrumb"},"inLanguage":"de","potentialAction":[{"@type":"ReadAction","target":["https:\/\/hon-ing.hr\/de\/dienstleistungen\/chemieindustrie\/"]}]},{"@type":"BreadcrumbList","@id":"https:\/\/hon-ing.hr\/de\/dienstleistungen\/chemieindustrie\/#breadcrumb","itemListElement":[{"@type":"ListItem","position":1,"name":"Po\u010detna stranica","item":"https:\/\/hon-ing.hr\/de\/"},{"@type":"ListItem","position":2,"name":"Von der Idee bis, zur kompromisslosen L\u00f6sung","item":"https:\/\/hon-ing.hr\/de\/dienstleistungen\/"},{"@type":"ListItem","position":3,"name":"Chemieindustrie"}]},{"@type":"WebSite","@id":"https:\/\/hon-ing.hr\/#website","url":"https:\/\/hon-ing.hr\/","name":"Hon-ing","description":"Art of printing","publisher":{"@id":"https:\/\/hon-ing.hr\/#organization"},"potentialAction":[{"@type":"SearchAction","target":{"@type":"EntryPoint","urlTemplate":"https:\/\/hon-ing.hr\/?s={search_term_string}"},"query-input":{"@type":"PropertyValueSpecification","valueRequired":true,"valueName":"search_term_string"}}],"inLanguage":"de"},{"@type":"Organization","@id":"https:\/\/hon-ing.hr\/#organization","name":"Art of printing","url":"https:\/\/hon-ing.hr\/","logo":{"@type":"ImageObject","inLanguage":"de","@id":"https:\/\/hon-ing.hr\/#\/schema\/logo\/image\/","url":"https:\/\/hon-ing.hr\/wp-content\/uploads\/2023\/04\/favicon.png","contentUrl":"https:\/\/hon-ing.hr\/wp-content\/uploads\/2023\/04\/favicon.png","width":512,"height":512,"caption":"Art of printing"},"image":{"@id":"https:\/\/hon-ing.hr\/#\/schema\/logo\/image\/"}}]}},"_links":{"self":[{"href":"https:\/\/hon-ing.hr\/de\/wp-json\/wp\/v2\/pages\/682","targetHints":{"allow":["GET"]}}],"collection":[{"href":"https:\/\/hon-ing.hr\/de\/wp-json\/wp\/v2\/pages"}],"about":[{"href":"https:\/\/hon-ing.hr\/de\/wp-json\/wp\/v2\/types\/page"}],"author":[{"embeddable":true,"href":"https:\/\/hon-ing.hr\/de\/wp-json\/wp\/v2\/users\/1"}],"replies":[{"embeddable":true,"href":"https:\/\/hon-ing.hr\/de\/wp-json\/wp\/v2\/comments?post=682"}],"version-history":[{"count":1,"href":"https:\/\/hon-ing.hr\/de\/wp-json\/wp\/v2\/pages\/682\/revisions"}],"predecessor-version":[{"id":715,"href":"https:\/\/hon-ing.hr\/de\/wp-json\/wp\/v2\/pages\/682\/revisions\/715"}],"up":[{"embeddable":true,"href":"https:\/\/hon-ing.hr\/de\/wp-json\/wp\/v2\/pages\/680"}],"wp:attachment":[{"href":"https:\/\/hon-ing.hr\/de\/wp-json\/wp\/v2\/media?parent=682"}],"curies":[{"name":"wp","href":"https:\/\/api.w.org\/{rel}","templated":true}]}}