{"id":681,"date":"2023-02-15T07:58:24","date_gmt":"2023-02-15T07:58:24","guid":{"rendered":"https:\/\/hon-ing.hr\/von-der-idee-bis-zur-kompromisslosen-loesung\/lebensmittelindustrie\/"},"modified":"2023-06-21T10:56:23","modified_gmt":"2023-06-21T10:56:23","slug":"lebensmittelindustrie","status":"publish","type":"page","link":"https:\/\/hon-ing.hr\/de\/dienstleistungen\/lebensmittelindustrie\/","title":{"rendered":"Lebensmittelindustrie"},"content":{"rendered":"<h3>Produkte, die wir t\u00e4glich verwenden und die wir in jedem Regal einfach erkennen k\u00f6nnen.<\/h3>\n<p>Die Besonderheit der Produkte der Milchindustrie liegt in der Lagerung bei niedrigen Temperaturen, wobei die Verpackung selbst geeignet sein muss bzw. an die spezifischen Bedingungen angepasst sein muss, um das eigentliche Produkt zu konservieren. In der Lebensmittelindustrie werden selbstklebende, Schrumpfschlauch- und OPP-Etiketten verwendet.<\/p>\n<p>Hon-ing bietet innovative L\u00f6sungen rund um die Etikettierung von Verpackungen in der Milchindustrie, wobei das Etikett nicht nur ein Mittel zur \u00dcbertragung von Daten ist, sondern auch die Aufgabe hat, das Produkt vor \u00e4u\u00dferen Einfl\u00fcssen zu sch\u00fctzen. Durch die Wahl der passenden Art von Etiketten mit hoher Druckqualit\u00e4t bewahren Sie die visuelle Identit\u00e4t Ihrer Produkte \u2013 vom Transport bis in die Regale Ihrer Kunden.<\/p>\n","protected":false},"excerpt":{"rendered":"<p>Produkte, die wir t\u00e4glich verwenden und die wir in jedem Regal einfach erkennen k\u00f6nnen. Die Besonderheit der Produkte der Milchindustrie liegt in der Lagerung bei niedrigen Temperaturen, wobei die Verpackung selbst geeignet sein muss bzw. an die spezifischen Bedingungen angepasst sein muss, um das eigentliche Produkt zu konservieren. In der Lebensmittelindustrie werden selbstklebende, Schrumpfschlauch- und [&#8230;]<\/p>\n<p><a class=\"btn btn-secondary virtualna-read-more-link\" href=\"https:\/\/hon-ing.hr\/de\/dienstleistungen\/lebensmittelindustrie\/\">Read More&#8230;<span class=\"screen-reader-text\"> from Lebensmittelindustrie<\/span><\/a><\/p>\n","protected":false},"author":1,"featured_media":0,"parent":680,"menu_order":0,"comment_status":"closed","ping_status":"closed","template":"page-templates\/inner-page_four.php","meta":{"_acf_changed":false,"footnotes":""},"class_list":["post-681","page","type-page","status-publish","hentry"],"acf":[],"yoast_head":"<!-- This site is optimized with the Yoast SEO plugin v26.9 - https:\/\/yoast.com\/product\/yoast-seo-wordpress\/ -->\n<title>Lebensmittelindustrie - Hon-ing<\/title>\n<meta name=\"description\" content=\"Hon-ing bietet innovative L\u00f6sungen rund um die Etikettierung von Verpackungen in der Milchindustrie, wobei das Etikett nicht nur ein Mittel zur \u00dcbertragung von Daten ist, sondern auch die Aufgabe hat, das Produkt vor \u00e4u\u00dferen Einfl\u00fcssen zu sch\u00fctzen\" \/>\n<meta name=\"robots\" content=\"index, follow, max-snippet:-1, max-image-preview:large, max-video-preview:-1\" \/>\n<link rel=\"canonical\" href=\"https:\/\/hon-ing.hr\/de\/dienstleistungen\/lebensmittelindustrie\/\" \/>\n<meta property=\"og:locale\" content=\"de_DE\" \/>\n<meta property=\"og:type\" content=\"article\" \/>\n<meta property=\"og:title\" content=\"Lebensmittelindustrie - Hon-ing\" \/>\n<meta property=\"og:description\" content=\"Hon-ing bietet innovative L\u00f6sungen rund um die Etikettierung von Verpackungen in der Milchindustrie, wobei das Etikett nicht nur ein Mittel zur \u00dcbertragung von Daten ist, sondern auch die Aufgabe hat, das Produkt vor \u00e4u\u00dferen Einfl\u00fcssen zu sch\u00fctzen\" \/>\n<meta property=\"og:url\" content=\"https:\/\/hon-ing.hr\/de\/dienstleistungen\/lebensmittelindustrie\/\" \/>\n<meta property=\"og:site_name\" content=\"Hon-ing\" \/>\n<meta property=\"article:modified_time\" content=\"2023-06-21T10:56:23+00:00\" \/>\n<meta property=\"og:image\" content=\"https:\/\/hon-ing.hr\/wp-content\/uploads\/2023\/03\/hon-ing_Tehnologije.jpg\" \/>\n\t<meta property=\"og:image:width\" content=\"642\" \/>\n\t<meta property=\"og:image:height\" content=\"641\" \/>\n\t<meta property=\"og:image:type\" content=\"image\/jpeg\" \/>\n<meta name=\"twitter:card\" content=\"summary_large_image\" \/>\n<meta name=\"twitter:label1\" content=\"Gesch\u00e4tzte Lesezeit\" \/>\n\t<meta name=\"twitter:data1\" content=\"1\u00a0Minute\" \/>\n<script type=\"application\/ld+json\" class=\"yoast-schema-graph\">{\"@context\":\"https:\/\/schema.org\",\"@graph\":[{\"@type\":\"WebPage\",\"@id\":\"https:\/\/hon-ing.hr\/de\/dienstleistungen\/lebensmittelindustrie\/\",\"url\":\"https:\/\/hon-ing.hr\/de\/dienstleistungen\/lebensmittelindustrie\/\",\"name\":\"Lebensmittelindustrie - Hon-ing\",\"isPartOf\":{\"@id\":\"https:\/\/hon-ing.hr\/#website\"},\"datePublished\":\"2023-02-15T07:58:24+00:00\",\"dateModified\":\"2023-06-21T10:56:23+00:00\",\"description\":\"Hon-ing bietet innovative L\u00f6sungen rund um die Etikettierung von Verpackungen in der Milchindustrie, wobei das Etikett nicht nur ein Mittel zur \u00dcbertragung von Daten ist, sondern auch die Aufgabe hat, das Produkt vor \u00e4u\u00dferen Einfl\u00fcssen zu sch\u00fctzen\",\"breadcrumb\":{\"@id\":\"https:\/\/hon-ing.hr\/de\/dienstleistungen\/lebensmittelindustrie\/#breadcrumb\"},\"inLanguage\":\"de\",\"potentialAction\":[{\"@type\":\"ReadAction\",\"target\":[\"https:\/\/hon-ing.hr\/de\/dienstleistungen\/lebensmittelindustrie\/\"]}]},{\"@type\":\"BreadcrumbList\",\"@id\":\"https:\/\/hon-ing.hr\/de\/dienstleistungen\/lebensmittelindustrie\/#breadcrumb\",\"itemListElement\":[{\"@type\":\"ListItem\",\"position\":1,\"name\":\"Po\u010detna stranica\",\"item\":\"https:\/\/hon-ing.hr\/de\/\"},{\"@type\":\"ListItem\",\"position\":2,\"name\":\"Von der Idee bis, zur kompromisslosen L\u00f6sung\",\"item\":\"https:\/\/hon-ing.hr\/de\/dienstleistungen\/\"},{\"@type\":\"ListItem\",\"position\":3,\"name\":\"Lebensmittelindustrie\"}]},{\"@type\":\"WebSite\",\"@id\":\"https:\/\/hon-ing.hr\/#website\",\"url\":\"https:\/\/hon-ing.hr\/\",\"name\":\"Hon-ing\",\"description\":\"Art of printing\",\"publisher\":{\"@id\":\"https:\/\/hon-ing.hr\/#organization\"},\"potentialAction\":[{\"@type\":\"SearchAction\",\"target\":{\"@type\":\"EntryPoint\",\"urlTemplate\":\"https:\/\/hon-ing.hr\/?s={search_term_string}\"},\"query-input\":{\"@type\":\"PropertyValueSpecification\",\"valueRequired\":true,\"valueName\":\"search_term_string\"}}],\"inLanguage\":\"de\"},{\"@type\":\"Organization\",\"@id\":\"https:\/\/hon-ing.hr\/#organization\",\"name\":\"Art of printing\",\"url\":\"https:\/\/hon-ing.hr\/\",\"logo\":{\"@type\":\"ImageObject\",\"inLanguage\":\"de\",\"@id\":\"https:\/\/hon-ing.hr\/#\/schema\/logo\/image\/\",\"url\":\"https:\/\/hon-ing.hr\/wp-content\/uploads\/2023\/04\/favicon.png\",\"contentUrl\":\"https:\/\/hon-ing.hr\/wp-content\/uploads\/2023\/04\/favicon.png\",\"width\":512,\"height\":512,\"caption\":\"Art of printing\"},\"image\":{\"@id\":\"https:\/\/hon-ing.hr\/#\/schema\/logo\/image\/\"}}]}<\/script>\n<!-- \/ Yoast SEO plugin. -->","yoast_head_json":{"title":"Lebensmittelindustrie - Hon-ing","description":"Hon-ing bietet innovative L\u00f6sungen rund um die Etikettierung von Verpackungen in der Milchindustrie, wobei das Etikett nicht nur ein Mittel zur \u00dcbertragung von Daten ist, sondern auch die Aufgabe hat, das Produkt vor \u00e4u\u00dferen Einfl\u00fcssen zu sch\u00fctzen","robots":{"index":"index","follow":"follow","max-snippet":"max-snippet:-1","max-image-preview":"max-image-preview:large","max-video-preview":"max-video-preview:-1"},"canonical":"https:\/\/hon-ing.hr\/de\/dienstleistungen\/lebensmittelindustrie\/","og_locale":"de_DE","og_type":"article","og_title":"Lebensmittelindustrie - Hon-ing","og_description":"Hon-ing bietet innovative L\u00f6sungen rund um die Etikettierung von Verpackungen in der Milchindustrie, wobei das Etikett nicht nur ein Mittel zur \u00dcbertragung von Daten ist, sondern auch die Aufgabe hat, das Produkt vor \u00e4u\u00dferen Einfl\u00fcssen zu sch\u00fctzen","og_url":"https:\/\/hon-ing.hr\/de\/dienstleistungen\/lebensmittelindustrie\/","og_site_name":"Hon-ing","article_modified_time":"2023-06-21T10:56:23+00:00","og_image":[{"width":642,"height":641,"url":"https:\/\/hon-ing.hr\/wp-content\/uploads\/2023\/03\/hon-ing_Tehnologije.jpg","type":"image\/jpeg"}],"twitter_card":"summary_large_image","twitter_misc":{"Gesch\u00e4tzte Lesezeit":"1\u00a0Minute"},"schema":{"@context":"https:\/\/schema.org","@graph":[{"@type":"WebPage","@id":"https:\/\/hon-ing.hr\/de\/dienstleistungen\/lebensmittelindustrie\/","url":"https:\/\/hon-ing.hr\/de\/dienstleistungen\/lebensmittelindustrie\/","name":"Lebensmittelindustrie - Hon-ing","isPartOf":{"@id":"https:\/\/hon-ing.hr\/#website"},"datePublished":"2023-02-15T07:58:24+00:00","dateModified":"2023-06-21T10:56:23+00:00","description":"Hon-ing bietet innovative L\u00f6sungen rund um die Etikettierung von Verpackungen in der Milchindustrie, wobei das Etikett nicht nur ein Mittel zur \u00dcbertragung von Daten ist, sondern auch die Aufgabe hat, das Produkt vor \u00e4u\u00dferen Einfl\u00fcssen zu sch\u00fctzen","breadcrumb":{"@id":"https:\/\/hon-ing.hr\/de\/dienstleistungen\/lebensmittelindustrie\/#breadcrumb"},"inLanguage":"de","potentialAction":[{"@type":"ReadAction","target":["https:\/\/hon-ing.hr\/de\/dienstleistungen\/lebensmittelindustrie\/"]}]},{"@type":"BreadcrumbList","@id":"https:\/\/hon-ing.hr\/de\/dienstleistungen\/lebensmittelindustrie\/#breadcrumb","itemListElement":[{"@type":"ListItem","position":1,"name":"Po\u010detna stranica","item":"https:\/\/hon-ing.hr\/de\/"},{"@type":"ListItem","position":2,"name":"Von der Idee bis, zur kompromisslosen L\u00f6sung","item":"https:\/\/hon-ing.hr\/de\/dienstleistungen\/"},{"@type":"ListItem","position":3,"name":"Lebensmittelindustrie"}]},{"@type":"WebSite","@id":"https:\/\/hon-ing.hr\/#website","url":"https:\/\/hon-ing.hr\/","name":"Hon-ing","description":"Art of printing","publisher":{"@id":"https:\/\/hon-ing.hr\/#organization"},"potentialAction":[{"@type":"SearchAction","target":{"@type":"EntryPoint","urlTemplate":"https:\/\/hon-ing.hr\/?s={search_term_string}"},"query-input":{"@type":"PropertyValueSpecification","valueRequired":true,"valueName":"search_term_string"}}],"inLanguage":"de"},{"@type":"Organization","@id":"https:\/\/hon-ing.hr\/#organization","name":"Art of printing","url":"https:\/\/hon-ing.hr\/","logo":{"@type":"ImageObject","inLanguage":"de","@id":"https:\/\/hon-ing.hr\/#\/schema\/logo\/image\/","url":"https:\/\/hon-ing.hr\/wp-content\/uploads\/2023\/04\/favicon.png","contentUrl":"https:\/\/hon-ing.hr\/wp-content\/uploads\/2023\/04\/favicon.png","width":512,"height":512,"caption":"Art of printing"},"image":{"@id":"https:\/\/hon-ing.hr\/#\/schema\/logo\/image\/"}}]}},"_links":{"self":[{"href":"https:\/\/hon-ing.hr\/de\/wp-json\/wp\/v2\/pages\/681","targetHints":{"allow":["GET"]}}],"collection":[{"href":"https:\/\/hon-ing.hr\/de\/wp-json\/wp\/v2\/pages"}],"about":[{"href":"https:\/\/hon-ing.hr\/de\/wp-json\/wp\/v2\/types\/page"}],"author":[{"embeddable":true,"href":"https:\/\/hon-ing.hr\/de\/wp-json\/wp\/v2\/users\/1"}],"replies":[{"embeddable":true,"href":"https:\/\/hon-ing.hr\/de\/wp-json\/wp\/v2\/comments?post=681"}],"version-history":[{"count":1,"href":"https:\/\/hon-ing.hr\/de\/wp-json\/wp\/v2\/pages\/681\/revisions"}],"predecessor-version":[{"id":717,"href":"https:\/\/hon-ing.hr\/de\/wp-json\/wp\/v2\/pages\/681\/revisions\/717"}],"up":[{"embeddable":true,"href":"https:\/\/hon-ing.hr\/de\/wp-json\/wp\/v2\/pages\/680"}],"wp:attachment":[{"href":"https:\/\/hon-ing.hr\/de\/wp-json\/wp\/v2\/media?parent=681"}],"curies":[{"name":"wp","href":"https:\/\/api.w.org\/{rel}","templated":true}]}}