{"id":680,"date":"2023-02-07T15:00:28","date_gmt":"2023-02-07T15:00:28","guid":{"rendered":"https:\/\/hon-ing.hr\/von-der-idee-bis-zur-kompromisslosen-loesung\/"},"modified":"2023-06-21T09:57:53","modified_gmt":"2023-06-21T09:57:53","slug":"dienstleistungen","status":"publish","type":"page","link":"https:\/\/hon-ing.hr\/de\/dienstleistungen\/","title":{"rendered":"Von der Idee bis, zur kompromisslosen L\u00f6sung"},"content":{"rendered":"<h3><span style=\"font-weight: 400;\">Die Bed\u00fcrfnisse des Marktes werden immer schneller und anspruchsvoller und wir halten mit ihnen Schritt, indem wir st\u00e4ndig Innovationen einf\u00fchren.<\/span><\/h3>\n<p>Wir geben stets unser Bestes, um der Qualit\u00e4t und den Methoden der modernen Technologie gerecht zu werden und so alle Erwartungen unserer Kunden zu erf\u00fcllen.<\/p>\n<p>F\u00fcr unterschiedliche grafische Produkte ist es notwendig, eine geeignete Drucktechnik zu w\u00e4hlen, da das Endergebnis ma\u00dfgeblich von der richtigen Auswahl abh\u00e4ngt.<\/p>\n<p>Gemeinsam mit unseren Partnern entwickeln und produzieren wir ein Etikettenprogramm f\u00fcr alle Arten von T\u00e4tigkeiten.<\/p>\n","protected":false},"excerpt":{"rendered":"<p>Die Bed\u00fcrfnisse des Marktes werden immer schneller und anspruchsvoller und wir halten mit ihnen Schritt, indem wir st\u00e4ndig Innovationen einf\u00fchren. Wir geben stets unser Bestes, um der Qualit\u00e4t und den Methoden der modernen Technologie gerecht zu werden und so alle Erwartungen unserer Kunden zu erf\u00fcllen. F\u00fcr unterschiedliche grafische Produkte ist es notwendig, eine geeignete Drucktechnik [&#8230;]<\/p>\n<p><a class=\"btn btn-secondary virtualna-read-more-link\" href=\"https:\/\/hon-ing.hr\/de\/dienstleistungen\/\">Read More&#8230;<span class=\"screen-reader-text\"> from Von der Idee bis, zur kompromisslosen L\u00f6sung<\/span><\/a><\/p>\n","protected":false},"author":1,"featured_media":0,"parent":0,"menu_order":0,"comment_status":"closed","ping_status":"closed","template":"page-templates\/inner-page_three.php","meta":{"_acf_changed":false,"footnotes":""},"class_list":["post-680","page","type-page","status-publish","hentry"],"acf":[],"yoast_head":"<!-- This site is optimized with the Yoast SEO plugin v26.9 - https:\/\/yoast.com\/product\/yoast-seo-wordpress\/ -->\n<title>Von der Idee bis, zur kompromisslosen L\u00f6sung - Hon-ing<\/title>\n<meta name=\"description\" content=\"Gemeinsam mit unseren Partnern entwickeln und produzieren wir ein Etikettenprogramm f\u00fcr alle Arten von T\u00e4tigkeiten.\" \/>\n<meta name=\"robots\" content=\"index, follow, max-snippet:-1, max-image-preview:large, max-video-preview:-1\" \/>\n<link rel=\"canonical\" href=\"https:\/\/hon-ing.hr\/de\/dienstleistungen\/\" \/>\n<meta property=\"og:locale\" content=\"de_DE\" \/>\n<meta property=\"og:type\" content=\"article\" \/>\n<meta property=\"og:title\" content=\"Von der Idee bis, zur kompromisslosen L\u00f6sung - Hon-ing\" \/>\n<meta property=\"og:description\" content=\"Gemeinsam mit unseren Partnern entwickeln und produzieren wir ein Etikettenprogramm f\u00fcr alle Arten von T\u00e4tigkeiten.\" \/>\n<meta property=\"og:url\" content=\"https:\/\/hon-ing.hr\/de\/dienstleistungen\/\" \/>\n<meta property=\"og:site_name\" content=\"Hon-ing\" \/>\n<meta property=\"article:modified_time\" content=\"2023-06-21T09:57:53+00:00\" \/>\n<meta property=\"og:image\" content=\"https:\/\/hon-ing.hr\/wp-content\/uploads\/2023\/03\/hon-ing_Tehnologije.jpg\" \/>\n\t<meta property=\"og:image:width\" content=\"642\" \/>\n\t<meta property=\"og:image:height\" content=\"641\" \/>\n\t<meta property=\"og:image:type\" content=\"image\/jpeg\" \/>\n<meta name=\"twitter:card\" content=\"summary_large_image\" \/>\n<meta name=\"twitter:label1\" content=\"Gesch\u00e4tzte Lesezeit\" \/>\n\t<meta name=\"twitter:data1\" content=\"1\u00a0Minute\" \/>\n<script type=\"application\/ld+json\" class=\"yoast-schema-graph\">{\"@context\":\"https:\/\/schema.org\",\"@graph\":[{\"@type\":\"WebPage\",\"@id\":\"https:\/\/hon-ing.hr\/de\/dienstleistungen\/\",\"url\":\"https:\/\/hon-ing.hr\/de\/dienstleistungen\/\",\"name\":\"Von der Idee bis, zur kompromisslosen L\u00f6sung - Hon-ing\",\"isPartOf\":{\"@id\":\"https:\/\/hon-ing.hr\/#website\"},\"datePublished\":\"2023-02-07T15:00:28+00:00\",\"dateModified\":\"2023-06-21T09:57:53+00:00\",\"description\":\"Gemeinsam mit unseren Partnern entwickeln und produzieren wir ein Etikettenprogramm f\u00fcr alle Arten von T\u00e4tigkeiten.\",\"breadcrumb\":{\"@id\":\"https:\/\/hon-ing.hr\/de\/dienstleistungen\/#breadcrumb\"},\"inLanguage\":\"de\",\"potentialAction\":[{\"@type\":\"ReadAction\",\"target\":[\"https:\/\/hon-ing.hr\/de\/dienstleistungen\/\"]}]},{\"@type\":\"BreadcrumbList\",\"@id\":\"https:\/\/hon-ing.hr\/de\/dienstleistungen\/#breadcrumb\",\"itemListElement\":[{\"@type\":\"ListItem\",\"position\":1,\"name\":\"Po\u010detna stranica\",\"item\":\"https:\/\/hon-ing.hr\/de\/\"},{\"@type\":\"ListItem\",\"position\":2,\"name\":\"Von der Idee bis, zur kompromisslosen L\u00f6sung\"}]},{\"@type\":\"WebSite\",\"@id\":\"https:\/\/hon-ing.hr\/#website\",\"url\":\"https:\/\/hon-ing.hr\/\",\"name\":\"Hon-ing\",\"description\":\"Art of printing\",\"publisher\":{\"@id\":\"https:\/\/hon-ing.hr\/#organization\"},\"potentialAction\":[{\"@type\":\"SearchAction\",\"target\":{\"@type\":\"EntryPoint\",\"urlTemplate\":\"https:\/\/hon-ing.hr\/?s={search_term_string}\"},\"query-input\":{\"@type\":\"PropertyValueSpecification\",\"valueRequired\":true,\"valueName\":\"search_term_string\"}}],\"inLanguage\":\"de\"},{\"@type\":\"Organization\",\"@id\":\"https:\/\/hon-ing.hr\/#organization\",\"name\":\"Art of printing\",\"url\":\"https:\/\/hon-ing.hr\/\",\"logo\":{\"@type\":\"ImageObject\",\"inLanguage\":\"de\",\"@id\":\"https:\/\/hon-ing.hr\/#\/schema\/logo\/image\/\",\"url\":\"https:\/\/hon-ing.hr\/wp-content\/uploads\/2023\/04\/favicon.png\",\"contentUrl\":\"https:\/\/hon-ing.hr\/wp-content\/uploads\/2023\/04\/favicon.png\",\"width\":512,\"height\":512,\"caption\":\"Art of printing\"},\"image\":{\"@id\":\"https:\/\/hon-ing.hr\/#\/schema\/logo\/image\/\"}}]}<\/script>\n<!-- \/ Yoast SEO plugin. -->","yoast_head_json":{"title":"Von der Idee bis, zur kompromisslosen L\u00f6sung - Hon-ing","description":"Gemeinsam mit unseren Partnern entwickeln und produzieren wir ein Etikettenprogramm f\u00fcr alle Arten von T\u00e4tigkeiten.","robots":{"index":"index","follow":"follow","max-snippet":"max-snippet:-1","max-image-preview":"max-image-preview:large","max-video-preview":"max-video-preview:-1"},"canonical":"https:\/\/hon-ing.hr\/de\/dienstleistungen\/","og_locale":"de_DE","og_type":"article","og_title":"Von der Idee bis, zur kompromisslosen L\u00f6sung - Hon-ing","og_description":"Gemeinsam mit unseren Partnern entwickeln und produzieren wir ein Etikettenprogramm f\u00fcr alle Arten von T\u00e4tigkeiten.","og_url":"https:\/\/hon-ing.hr\/de\/dienstleistungen\/","og_site_name":"Hon-ing","article_modified_time":"2023-06-21T09:57:53+00:00","og_image":[{"width":642,"height":641,"url":"https:\/\/hon-ing.hr\/wp-content\/uploads\/2023\/03\/hon-ing_Tehnologije.jpg","type":"image\/jpeg"}],"twitter_card":"summary_large_image","twitter_misc":{"Gesch\u00e4tzte Lesezeit":"1\u00a0Minute"},"schema":{"@context":"https:\/\/schema.org","@graph":[{"@type":"WebPage","@id":"https:\/\/hon-ing.hr\/de\/dienstleistungen\/","url":"https:\/\/hon-ing.hr\/de\/dienstleistungen\/","name":"Von der Idee bis, zur kompromisslosen L\u00f6sung - Hon-ing","isPartOf":{"@id":"https:\/\/hon-ing.hr\/#website"},"datePublished":"2023-02-07T15:00:28+00:00","dateModified":"2023-06-21T09:57:53+00:00","description":"Gemeinsam mit unseren Partnern entwickeln und produzieren wir ein Etikettenprogramm f\u00fcr alle Arten von T\u00e4tigkeiten.","breadcrumb":{"@id":"https:\/\/hon-ing.hr\/de\/dienstleistungen\/#breadcrumb"},"inLanguage":"de","potentialAction":[{"@type":"ReadAction","target":["https:\/\/hon-ing.hr\/de\/dienstleistungen\/"]}]},{"@type":"BreadcrumbList","@id":"https:\/\/hon-ing.hr\/de\/dienstleistungen\/#breadcrumb","itemListElement":[{"@type":"ListItem","position":1,"name":"Po\u010detna stranica","item":"https:\/\/hon-ing.hr\/de\/"},{"@type":"ListItem","position":2,"name":"Von der Idee bis, zur kompromisslosen L\u00f6sung"}]},{"@type":"WebSite","@id":"https:\/\/hon-ing.hr\/#website","url":"https:\/\/hon-ing.hr\/","name":"Hon-ing","description":"Art of printing","publisher":{"@id":"https:\/\/hon-ing.hr\/#organization"},"potentialAction":[{"@type":"SearchAction","target":{"@type":"EntryPoint","urlTemplate":"https:\/\/hon-ing.hr\/?s={search_term_string}"},"query-input":{"@type":"PropertyValueSpecification","valueRequired":true,"valueName":"search_term_string"}}],"inLanguage":"de"},{"@type":"Organization","@id":"https:\/\/hon-ing.hr\/#organization","name":"Art of printing","url":"https:\/\/hon-ing.hr\/","logo":{"@type":"ImageObject","inLanguage":"de","@id":"https:\/\/hon-ing.hr\/#\/schema\/logo\/image\/","url":"https:\/\/hon-ing.hr\/wp-content\/uploads\/2023\/04\/favicon.png","contentUrl":"https:\/\/hon-ing.hr\/wp-content\/uploads\/2023\/04\/favicon.png","width":512,"height":512,"caption":"Art of printing"},"image":{"@id":"https:\/\/hon-ing.hr\/#\/schema\/logo\/image\/"}}]}},"_links":{"self":[{"href":"https:\/\/hon-ing.hr\/de\/wp-json\/wp\/v2\/pages\/680","targetHints":{"allow":["GET"]}}],"collection":[{"href":"https:\/\/hon-ing.hr\/de\/wp-json\/wp\/v2\/pages"}],"about":[{"href":"https:\/\/hon-ing.hr\/de\/wp-json\/wp\/v2\/types\/page"}],"author":[{"embeddable":true,"href":"https:\/\/hon-ing.hr\/de\/wp-json\/wp\/v2\/users\/1"}],"replies":[{"embeddable":true,"href":"https:\/\/hon-ing.hr\/de\/wp-json\/wp\/v2\/comments?post=680"}],"version-history":[{"count":3,"href":"https:\/\/hon-ing.hr\/de\/wp-json\/wp\/v2\/pages\/680\/revisions"}],"predecessor-version":[{"id":798,"href":"https:\/\/hon-ing.hr\/de\/wp-json\/wp\/v2\/pages\/680\/revisions\/798"}],"wp:attachment":[{"href":"https:\/\/hon-ing.hr\/de\/wp-json\/wp\/v2\/media?parent=680"}],"curies":[{"name":"wp","href":"https:\/\/api.w.org\/{rel}","templated":true}]}}