{"id":678,"date":"2023-02-06T09:18:08","date_gmt":"2023-02-06T09:18:08","guid":{"rendered":"https:\/\/hon-ing.hr\/umwickeletiketten\/"},"modified":"2023-06-21T09:51:00","modified_gmt":"2023-06-21T09:51:00","slug":"umwickeletiketten","status":"publish","type":"page","link":"https:\/\/hon-ing.hr\/de\/umwickeletiketten\/","title":{"rendered":"Umwickeletiketten"},"content":{"rendered":"<p>Wrap-around-Etiketten oder Umwickeletiketten sind Verpackungsfolien, die zur Etikettierung von Kunststoff- und Glasflaschen, Dosen oder anderen Verpackungen verwendet werden. Sie werden auf wei\u00dfe oder transparente Folien gedruckt. Die Dicke der wei\u00dfen Folie betr\u00e4gt normalerweise 38 my, w\u00e4hrend die transparente Folie 35 my betr\u00e4gt.<\/p>\n<p>Umwickeletiketten k\u00f6nnen in verschiedenen Farben und Mustern bedruckt werden und werden auf Rolle oder als Einzeletikett geliefert. Beim Aufbringen wird Klebstoff auf die Etiketten aufgetragen, mit dem das Etikett an der Verpackung befestigt wird.<\/p>\n","protected":false},"excerpt":{"rendered":"<p>Wrap-around-Etiketten oder Umwickeletiketten sind Verpackungsfolien, die zur Etikettierung von Kunststoff- und Glasflaschen, Dosen oder anderen Verpackungen verwendet werden. Sie werden auf wei\u00dfe oder transparente Folien gedruckt. Die Dicke der wei\u00dfen Folie betr\u00e4gt normalerweise 38 my, w\u00e4hrend die transparente Folie 35 my betr\u00e4gt. Umwickeletiketten k\u00f6nnen in verschiedenen Farben und Mustern bedruckt werden und werden auf Rolle [&#8230;]<\/p>\n<p><a class=\"btn btn-secondary virtualna-read-more-link\" href=\"https:\/\/hon-ing.hr\/de\/umwickeletiketten\/\">Read More&#8230;<span class=\"screen-reader-text\"> from Umwickeletiketten<\/span><\/a><\/p>\n","protected":false},"author":1,"featured_media":602,"parent":0,"menu_order":0,"comment_status":"closed","ping_status":"closed","template":"page-templates\/inner-page_one.php","meta":{"_acf_changed":false,"footnotes":""},"class_list":["post-678","page","type-page","status-publish","has-post-thumbnail","hentry"],"acf":[],"yoast_head":"<!-- This site is optimized with the Yoast SEO plugin v26.9 - https:\/\/yoast.com\/product\/yoast-seo-wordpress\/ -->\n<title>Umwickeletiketten - Hon-ing<\/title>\n<meta name=\"description\" content=\"Wrap-around-Etiketten oder Umwickeletiketten sind Verpackungsfolien, die zur Etikettierung von Kunststoff- und Glasflaschen, Dosen oder anderen Verpackungen verwendet werden. Sie werden auf wei\u00dfe oder transparente Folien gedruckt. Die Dicke der wei\u00dfen Folie betr\u00e4gt normalerweise 38 my, w\u00e4hrend die transparente Folie 35 my betr\u00e4gt.\" \/>\n<meta name=\"robots\" content=\"index, follow, max-snippet:-1, max-image-preview:large, max-video-preview:-1\" \/>\n<link rel=\"canonical\" href=\"https:\/\/hon-ing.hr\/de\/umwickeletiketten\/\" \/>\n<meta property=\"og:locale\" content=\"de_DE\" \/>\n<meta property=\"og:type\" content=\"article\" \/>\n<meta property=\"og:title\" content=\"Umwickeletiketten - Hon-ing\" \/>\n<meta property=\"og:description\" content=\"Wrap-around-Etiketten oder Umwickeletiketten sind Verpackungsfolien, die zur Etikettierung von Kunststoff- und Glasflaschen, Dosen oder anderen Verpackungen verwendet werden. Sie werden auf wei\u00dfe oder transparente Folien gedruckt. Die Dicke der wei\u00dfen Folie betr\u00e4gt normalerweise 38 my, w\u00e4hrend die transparente Folie 35 my betr\u00e4gt.\" \/>\n<meta property=\"og:url\" content=\"https:\/\/hon-ing.hr\/de\/umwickeletiketten\/\" \/>\n<meta property=\"og:site_name\" content=\"Hon-ing\" \/>\n<meta property=\"article:modified_time\" content=\"2023-06-21T09:51:00+00:00\" \/>\n<meta property=\"og:image\" content=\"https:\/\/hon-ing.hr\/wp-content\/uploads\/2023\/02\/omotne_products.png\" \/>\n\t<meta property=\"og:image:width\" content=\"376\" \/>\n\t<meta property=\"og:image:height\" content=\"374\" \/>\n\t<meta property=\"og:image:type\" content=\"image\/png\" \/>\n<meta name=\"twitter:card\" content=\"summary_large_image\" \/>\n<meta name=\"twitter:label1\" content=\"Gesch\u00e4tzte Lesezeit\" \/>\n\t<meta name=\"twitter:data1\" content=\"1\u00a0Minute\" \/>\n<script type=\"application\/ld+json\" class=\"yoast-schema-graph\">{\"@context\":\"https:\/\/schema.org\",\"@graph\":[{\"@type\":\"WebPage\",\"@id\":\"https:\/\/hon-ing.hr\/de\/umwickeletiketten\/\",\"url\":\"https:\/\/hon-ing.hr\/de\/umwickeletiketten\/\",\"name\":\"Umwickeletiketten - Hon-ing\",\"isPartOf\":{\"@id\":\"https:\/\/hon-ing.hr\/#website\"},\"primaryImageOfPage\":{\"@id\":\"https:\/\/hon-ing.hr\/de\/umwickeletiketten\/#primaryimage\"},\"image\":{\"@id\":\"https:\/\/hon-ing.hr\/de\/umwickeletiketten\/#primaryimage\"},\"thumbnailUrl\":\"https:\/\/hon-ing.hr\/wp-content\/uploads\/2023\/02\/omotne_products.png\",\"datePublished\":\"2023-02-06T09:18:08+00:00\",\"dateModified\":\"2023-06-21T09:51:00+00:00\",\"description\":\"Wrap-around-Etiketten oder Umwickeletiketten sind Verpackungsfolien, die zur Etikettierung von Kunststoff- und Glasflaschen, Dosen oder anderen Verpackungen verwendet werden. Sie werden auf wei\u00dfe oder transparente Folien gedruckt. Die Dicke der wei\u00dfen Folie betr\u00e4gt normalerweise 38 my, w\u00e4hrend die transparente Folie 35 my betr\u00e4gt.\",\"breadcrumb\":{\"@id\":\"https:\/\/hon-ing.hr\/de\/umwickeletiketten\/#breadcrumb\"},\"inLanguage\":\"de\",\"potentialAction\":[{\"@type\":\"ReadAction\",\"target\":[\"https:\/\/hon-ing.hr\/de\/umwickeletiketten\/\"]}]},{\"@type\":\"ImageObject\",\"inLanguage\":\"de\",\"@id\":\"https:\/\/hon-ing.hr\/de\/umwickeletiketten\/#primaryimage\",\"url\":\"https:\/\/hon-ing.hr\/wp-content\/uploads\/2023\/02\/omotne_products.png\",\"contentUrl\":\"https:\/\/hon-ing.hr\/wp-content\/uploads\/2023\/02\/omotne_products.png\",\"width\":376,\"height\":374},{\"@type\":\"BreadcrumbList\",\"@id\":\"https:\/\/hon-ing.hr\/de\/umwickeletiketten\/#breadcrumb\",\"itemListElement\":[{\"@type\":\"ListItem\",\"position\":1,\"name\":\"Po\u010detna stranica\",\"item\":\"https:\/\/hon-ing.hr\/de\/\"},{\"@type\":\"ListItem\",\"position\":2,\"name\":\"Umwickeletiketten\"}]},{\"@type\":\"WebSite\",\"@id\":\"https:\/\/hon-ing.hr\/#website\",\"url\":\"https:\/\/hon-ing.hr\/\",\"name\":\"Hon-ing\",\"description\":\"Art of printing\",\"publisher\":{\"@id\":\"https:\/\/hon-ing.hr\/#organization\"},\"potentialAction\":[{\"@type\":\"SearchAction\",\"target\":{\"@type\":\"EntryPoint\",\"urlTemplate\":\"https:\/\/hon-ing.hr\/?s={search_term_string}\"},\"query-input\":{\"@type\":\"PropertyValueSpecification\",\"valueRequired\":true,\"valueName\":\"search_term_string\"}}],\"inLanguage\":\"de\"},{\"@type\":\"Organization\",\"@id\":\"https:\/\/hon-ing.hr\/#organization\",\"name\":\"Art of printing\",\"url\":\"https:\/\/hon-ing.hr\/\",\"logo\":{\"@type\":\"ImageObject\",\"inLanguage\":\"de\",\"@id\":\"https:\/\/hon-ing.hr\/#\/schema\/logo\/image\/\",\"url\":\"https:\/\/hon-ing.hr\/wp-content\/uploads\/2023\/04\/favicon.png\",\"contentUrl\":\"https:\/\/hon-ing.hr\/wp-content\/uploads\/2023\/04\/favicon.png\",\"width\":512,\"height\":512,\"caption\":\"Art of printing\"},\"image\":{\"@id\":\"https:\/\/hon-ing.hr\/#\/schema\/logo\/image\/\"}}]}<\/script>\n<!-- \/ Yoast SEO plugin. -->","yoast_head_json":{"title":"Umwickeletiketten - Hon-ing","description":"Wrap-around-Etiketten oder Umwickeletiketten sind Verpackungsfolien, die zur Etikettierung von Kunststoff- und Glasflaschen, Dosen oder anderen Verpackungen verwendet werden. Sie werden auf wei\u00dfe oder transparente Folien gedruckt. Die Dicke der wei\u00dfen Folie betr\u00e4gt normalerweise 38 my, w\u00e4hrend die transparente Folie 35 my betr\u00e4gt.","robots":{"index":"index","follow":"follow","max-snippet":"max-snippet:-1","max-image-preview":"max-image-preview:large","max-video-preview":"max-video-preview:-1"},"canonical":"https:\/\/hon-ing.hr\/de\/umwickeletiketten\/","og_locale":"de_DE","og_type":"article","og_title":"Umwickeletiketten - Hon-ing","og_description":"Wrap-around-Etiketten oder Umwickeletiketten sind Verpackungsfolien, die zur Etikettierung von Kunststoff- und Glasflaschen, Dosen oder anderen Verpackungen verwendet werden. Sie werden auf wei\u00dfe oder transparente Folien gedruckt. Die Dicke der wei\u00dfen Folie betr\u00e4gt normalerweise 38 my, w\u00e4hrend die transparente Folie 35 my betr\u00e4gt.","og_url":"https:\/\/hon-ing.hr\/de\/umwickeletiketten\/","og_site_name":"Hon-ing","article_modified_time":"2023-06-21T09:51:00+00:00","og_image":[{"width":376,"height":374,"url":"https:\/\/hon-ing.hr\/wp-content\/uploads\/2023\/02\/omotne_products.png","type":"image\/png"}],"twitter_card":"summary_large_image","twitter_misc":{"Gesch\u00e4tzte Lesezeit":"1\u00a0Minute"},"schema":{"@context":"https:\/\/schema.org","@graph":[{"@type":"WebPage","@id":"https:\/\/hon-ing.hr\/de\/umwickeletiketten\/","url":"https:\/\/hon-ing.hr\/de\/umwickeletiketten\/","name":"Umwickeletiketten - Hon-ing","isPartOf":{"@id":"https:\/\/hon-ing.hr\/#website"},"primaryImageOfPage":{"@id":"https:\/\/hon-ing.hr\/de\/umwickeletiketten\/#primaryimage"},"image":{"@id":"https:\/\/hon-ing.hr\/de\/umwickeletiketten\/#primaryimage"},"thumbnailUrl":"https:\/\/hon-ing.hr\/wp-content\/uploads\/2023\/02\/omotne_products.png","datePublished":"2023-02-06T09:18:08+00:00","dateModified":"2023-06-21T09:51:00+00:00","description":"Wrap-around-Etiketten oder Umwickeletiketten sind Verpackungsfolien, die zur Etikettierung von Kunststoff- und Glasflaschen, Dosen oder anderen Verpackungen verwendet werden. Sie werden auf wei\u00dfe oder transparente Folien gedruckt. Die Dicke der wei\u00dfen Folie betr\u00e4gt normalerweise 38 my, w\u00e4hrend die transparente Folie 35 my betr\u00e4gt.","breadcrumb":{"@id":"https:\/\/hon-ing.hr\/de\/umwickeletiketten\/#breadcrumb"},"inLanguage":"de","potentialAction":[{"@type":"ReadAction","target":["https:\/\/hon-ing.hr\/de\/umwickeletiketten\/"]}]},{"@type":"ImageObject","inLanguage":"de","@id":"https:\/\/hon-ing.hr\/de\/umwickeletiketten\/#primaryimage","url":"https:\/\/hon-ing.hr\/wp-content\/uploads\/2023\/02\/omotne_products.png","contentUrl":"https:\/\/hon-ing.hr\/wp-content\/uploads\/2023\/02\/omotne_products.png","width":376,"height":374},{"@type":"BreadcrumbList","@id":"https:\/\/hon-ing.hr\/de\/umwickeletiketten\/#breadcrumb","itemListElement":[{"@type":"ListItem","position":1,"name":"Po\u010detna stranica","item":"https:\/\/hon-ing.hr\/de\/"},{"@type":"ListItem","position":2,"name":"Umwickeletiketten"}]},{"@type":"WebSite","@id":"https:\/\/hon-ing.hr\/#website","url":"https:\/\/hon-ing.hr\/","name":"Hon-ing","description":"Art of printing","publisher":{"@id":"https:\/\/hon-ing.hr\/#organization"},"potentialAction":[{"@type":"SearchAction","target":{"@type":"EntryPoint","urlTemplate":"https:\/\/hon-ing.hr\/?s={search_term_string}"},"query-input":{"@type":"PropertyValueSpecification","valueRequired":true,"valueName":"search_term_string"}}],"inLanguage":"de"},{"@type":"Organization","@id":"https:\/\/hon-ing.hr\/#organization","name":"Art of printing","url":"https:\/\/hon-ing.hr\/","logo":{"@type":"ImageObject","inLanguage":"de","@id":"https:\/\/hon-ing.hr\/#\/schema\/logo\/image\/","url":"https:\/\/hon-ing.hr\/wp-content\/uploads\/2023\/04\/favicon.png","contentUrl":"https:\/\/hon-ing.hr\/wp-content\/uploads\/2023\/04\/favicon.png","width":512,"height":512,"caption":"Art of printing"},"image":{"@id":"https:\/\/hon-ing.hr\/#\/schema\/logo\/image\/"}}]}},"_links":{"self":[{"href":"https:\/\/hon-ing.hr\/de\/wp-json\/wp\/v2\/pages\/678","targetHints":{"allow":["GET"]}}],"collection":[{"href":"https:\/\/hon-ing.hr\/de\/wp-json\/wp\/v2\/pages"}],"about":[{"href":"https:\/\/hon-ing.hr\/de\/wp-json\/wp\/v2\/types\/page"}],"author":[{"embeddable":true,"href":"https:\/\/hon-ing.hr\/de\/wp-json\/wp\/v2\/users\/1"}],"replies":[{"embeddable":true,"href":"https:\/\/hon-ing.hr\/de\/wp-json\/wp\/v2\/comments?post=678"}],"version-history":[{"count":1,"href":"https:\/\/hon-ing.hr\/de\/wp-json\/wp\/v2\/pages\/678\/revisions"}],"predecessor-version":[{"id":723,"href":"https:\/\/hon-ing.hr\/de\/wp-json\/wp\/v2\/pages\/678\/revisions\/723"}],"wp:featuredmedia":[{"embeddable":true,"href":"https:\/\/hon-ing.hr\/de\/wp-json\/wp\/v2\/media\/602"}],"wp:attachment":[{"href":"https:\/\/hon-ing.hr\/de\/wp-json\/wp\/v2\/media?parent=678"}],"curies":[{"name":"wp","href":"https:\/\/api.w.org\/{rel}","templated":true}]}}