{"id":677,"date":"2023-01-16T15:08:57","date_gmt":"2023-01-16T15:08:57","guid":{"rendered":"https:\/\/hon-ing.hr\/schrumpfschlauchetiketten\/"},"modified":"2023-06-21T09:43:02","modified_gmt":"2023-06-21T09:43:02","slug":"schrumpfschlauchetiketten","status":"publish","type":"page","link":"https:\/\/hon-ing.hr\/de\/schrumpfschlauchetiketten\/","title":{"rendered":"Schrumpfschlauchetiketten"},"content":{"rendered":"<p>Schrumpfschlauchetiketten bestehen aus w\u00e4rmeschrumpfbarem Material, das hei\u00dft, unter Einwirkung von W\u00e4rme ver\u00e4ndern die Etiketten ihre Form und passen sich jeder Verpackungsform an. Dabei handelt es sich um PVC-, PET- (rPET-) oder OPS-Folien.<\/p>\n<p>Diese Art von Etiketten bietet Designern gro\u00dfe Freiheit bei der Gestaltung der gesamten Fl\u00e4che. Neben einer \u00e4u\u00dferst attraktiven Optik k\u00f6nnen Schrumpfschlauchetiketten auch f\u00fcr zus\u00e4tzlichen Produktschutz sorgen.<\/p>\n<p>Die h\u00e4ufigste Anwendung findet sich in der Lebensmittel-, Kosmetik- und Milchindustrie.<\/p>\n","protected":false},"excerpt":{"rendered":"<p>Schrumpfschlauchetiketten bestehen aus w\u00e4rmeschrumpfbarem Material, das hei\u00dft, unter Einwirkung von W\u00e4rme ver\u00e4ndern die Etiketten ihre Form und passen sich jeder Verpackungsform an. Dabei handelt es sich um PVC-, PET- (rPET-) oder OPS-Folien. Diese Art von Etiketten bietet Designern gro\u00dfe Freiheit bei der Gestaltung der gesamten Fl\u00e4che. Neben einer \u00e4u\u00dferst attraktiven Optik k\u00f6nnen Schrumpfschlauchetiketten auch f\u00fcr [&#8230;]<\/p>\n<p><a class=\"btn btn-secondary virtualna-read-more-link\" href=\"https:\/\/hon-ing.hr\/de\/schrumpfschlauchetiketten\/\">Read More&#8230;<span class=\"screen-reader-text\"> from Schrumpfschlauchetiketten<\/span><\/a><\/p>\n","protected":false},"author":1,"featured_media":568,"parent":0,"menu_order":0,"comment_status":"closed","ping_status":"closed","template":"page-templates\/inner-page_one.php","meta":{"_acf_changed":false,"footnotes":""},"class_list":["post-677","page","type-page","status-publish","has-post-thumbnail","hentry"],"acf":[],"yoast_head":"<!-- This site is optimized with the Yoast SEO plugin v26.9 - https:\/\/yoast.com\/product\/yoast-seo-wordpress\/ -->\n<title>Schrumpfschlauchetiketten - Hon-ing<\/title>\n<meta name=\"description\" content=\"Schrumpfschlauchetiketten bestehen aus w\u00e4rmeschrumpfbarem Material, das hei\u00dft, unter Einwirkung von W\u00e4rme ver\u00e4ndern die Etiketten ihre Form und passen sich jeder Verpackungsform an. Dabei handelt es sich um PVC-, PET- (rPET-) oder OPS-Folien.\" \/>\n<meta name=\"robots\" content=\"index, follow, max-snippet:-1, max-image-preview:large, max-video-preview:-1\" \/>\n<link rel=\"canonical\" href=\"https:\/\/hon-ing.hr\/de\/schrumpfschlauchetiketten\/\" \/>\n<meta property=\"og:locale\" content=\"de_DE\" \/>\n<meta property=\"og:type\" content=\"article\" \/>\n<meta property=\"og:title\" content=\"Schrumpfschlauchetiketten - Hon-ing\" \/>\n<meta property=\"og:description\" content=\"Schrumpfschlauchetiketten bestehen aus w\u00e4rmeschrumpfbarem Material, das hei\u00dft, unter Einwirkung von W\u00e4rme ver\u00e4ndern die Etiketten ihre Form und passen sich jeder Verpackungsform an. Dabei handelt es sich um PVC-, PET- (rPET-) oder OPS-Folien.\" \/>\n<meta property=\"og:url\" content=\"https:\/\/hon-ing.hr\/de\/schrumpfschlauchetiketten\/\" \/>\n<meta property=\"og:site_name\" content=\"Hon-ing\" \/>\n<meta property=\"article:modified_time\" content=\"2023-06-21T09:43:02+00:00\" \/>\n<meta property=\"og:image\" content=\"https:\/\/hon-ing.hr\/wp-content\/uploads\/2023\/02\/shrink_sleeve_products-1.png\" \/>\n\t<meta property=\"og:image:width\" content=\"333\" \/>\n\t<meta property=\"og:image:height\" content=\"465\" \/>\n\t<meta property=\"og:image:type\" content=\"image\/png\" \/>\n<meta name=\"twitter:card\" content=\"summary_large_image\" \/>\n<meta name=\"twitter:label1\" content=\"Gesch\u00e4tzte Lesezeit\" \/>\n\t<meta name=\"twitter:data1\" content=\"1\u00a0Minute\" \/>\n<script type=\"application\/ld+json\" class=\"yoast-schema-graph\">{\"@context\":\"https:\/\/schema.org\",\"@graph\":[{\"@type\":\"WebPage\",\"@id\":\"https:\/\/hon-ing.hr\/de\/schrumpfschlauchetiketten\/\",\"url\":\"https:\/\/hon-ing.hr\/de\/schrumpfschlauchetiketten\/\",\"name\":\"Schrumpfschlauchetiketten - Hon-ing\",\"isPartOf\":{\"@id\":\"https:\/\/hon-ing.hr\/#website\"},\"primaryImageOfPage\":{\"@id\":\"https:\/\/hon-ing.hr\/de\/schrumpfschlauchetiketten\/#primaryimage\"},\"image\":{\"@id\":\"https:\/\/hon-ing.hr\/de\/schrumpfschlauchetiketten\/#primaryimage\"},\"thumbnailUrl\":\"https:\/\/hon-ing.hr\/wp-content\/uploads\/2023\/02\/shrink_sleeve_products-1.png\",\"datePublished\":\"2023-01-16T15:08:57+00:00\",\"dateModified\":\"2023-06-21T09:43:02+00:00\",\"description\":\"Schrumpfschlauchetiketten bestehen aus w\u00e4rmeschrumpfbarem Material, das hei\u00dft, unter Einwirkung von W\u00e4rme ver\u00e4ndern die Etiketten ihre Form und passen sich jeder Verpackungsform an. Dabei handelt es sich um PVC-, PET- (rPET-) oder OPS-Folien.\",\"breadcrumb\":{\"@id\":\"https:\/\/hon-ing.hr\/de\/schrumpfschlauchetiketten\/#breadcrumb\"},\"inLanguage\":\"de\",\"potentialAction\":[{\"@type\":\"ReadAction\",\"target\":[\"https:\/\/hon-ing.hr\/de\/schrumpfschlauchetiketten\/\"]}]},{\"@type\":\"ImageObject\",\"inLanguage\":\"de\",\"@id\":\"https:\/\/hon-ing.hr\/de\/schrumpfschlauchetiketten\/#primaryimage\",\"url\":\"https:\/\/hon-ing.hr\/wp-content\/uploads\/2023\/02\/shrink_sleeve_products-1.png\",\"contentUrl\":\"https:\/\/hon-ing.hr\/wp-content\/uploads\/2023\/02\/shrink_sleeve_products-1.png\",\"width\":333,\"height\":465},{\"@type\":\"BreadcrumbList\",\"@id\":\"https:\/\/hon-ing.hr\/de\/schrumpfschlauchetiketten\/#breadcrumb\",\"itemListElement\":[{\"@type\":\"ListItem\",\"position\":1,\"name\":\"Po\u010detna stranica\",\"item\":\"https:\/\/hon-ing.hr\/de\/\"},{\"@type\":\"ListItem\",\"position\":2,\"name\":\"Schrumpfschlauchetiketten\"}]},{\"@type\":\"WebSite\",\"@id\":\"https:\/\/hon-ing.hr\/#website\",\"url\":\"https:\/\/hon-ing.hr\/\",\"name\":\"Hon-ing\",\"description\":\"Art of printing\",\"publisher\":{\"@id\":\"https:\/\/hon-ing.hr\/#organization\"},\"potentialAction\":[{\"@type\":\"SearchAction\",\"target\":{\"@type\":\"EntryPoint\",\"urlTemplate\":\"https:\/\/hon-ing.hr\/?s={search_term_string}\"},\"query-input\":{\"@type\":\"PropertyValueSpecification\",\"valueRequired\":true,\"valueName\":\"search_term_string\"}}],\"inLanguage\":\"de\"},{\"@type\":\"Organization\",\"@id\":\"https:\/\/hon-ing.hr\/#organization\",\"name\":\"Art of printing\",\"url\":\"https:\/\/hon-ing.hr\/\",\"logo\":{\"@type\":\"ImageObject\",\"inLanguage\":\"de\",\"@id\":\"https:\/\/hon-ing.hr\/#\/schema\/logo\/image\/\",\"url\":\"https:\/\/hon-ing.hr\/wp-content\/uploads\/2023\/04\/favicon.png\",\"contentUrl\":\"https:\/\/hon-ing.hr\/wp-content\/uploads\/2023\/04\/favicon.png\",\"width\":512,\"height\":512,\"caption\":\"Art of printing\"},\"image\":{\"@id\":\"https:\/\/hon-ing.hr\/#\/schema\/logo\/image\/\"}}]}<\/script>\n<!-- \/ Yoast SEO plugin. -->","yoast_head_json":{"title":"Schrumpfschlauchetiketten - Hon-ing","description":"Schrumpfschlauchetiketten bestehen aus w\u00e4rmeschrumpfbarem Material, das hei\u00dft, unter Einwirkung von W\u00e4rme ver\u00e4ndern die Etiketten ihre Form und passen sich jeder Verpackungsform an. Dabei handelt es sich um PVC-, PET- (rPET-) oder OPS-Folien.","robots":{"index":"index","follow":"follow","max-snippet":"max-snippet:-1","max-image-preview":"max-image-preview:large","max-video-preview":"max-video-preview:-1"},"canonical":"https:\/\/hon-ing.hr\/de\/schrumpfschlauchetiketten\/","og_locale":"de_DE","og_type":"article","og_title":"Schrumpfschlauchetiketten - Hon-ing","og_description":"Schrumpfschlauchetiketten bestehen aus w\u00e4rmeschrumpfbarem Material, das hei\u00dft, unter Einwirkung von W\u00e4rme ver\u00e4ndern die Etiketten ihre Form und passen sich jeder Verpackungsform an. Dabei handelt es sich um PVC-, PET- (rPET-) oder OPS-Folien.","og_url":"https:\/\/hon-ing.hr\/de\/schrumpfschlauchetiketten\/","og_site_name":"Hon-ing","article_modified_time":"2023-06-21T09:43:02+00:00","og_image":[{"width":333,"height":465,"url":"https:\/\/hon-ing.hr\/wp-content\/uploads\/2023\/02\/shrink_sleeve_products-1.png","type":"image\/png"}],"twitter_card":"summary_large_image","twitter_misc":{"Gesch\u00e4tzte Lesezeit":"1\u00a0Minute"},"schema":{"@context":"https:\/\/schema.org","@graph":[{"@type":"WebPage","@id":"https:\/\/hon-ing.hr\/de\/schrumpfschlauchetiketten\/","url":"https:\/\/hon-ing.hr\/de\/schrumpfschlauchetiketten\/","name":"Schrumpfschlauchetiketten - Hon-ing","isPartOf":{"@id":"https:\/\/hon-ing.hr\/#website"},"primaryImageOfPage":{"@id":"https:\/\/hon-ing.hr\/de\/schrumpfschlauchetiketten\/#primaryimage"},"image":{"@id":"https:\/\/hon-ing.hr\/de\/schrumpfschlauchetiketten\/#primaryimage"},"thumbnailUrl":"https:\/\/hon-ing.hr\/wp-content\/uploads\/2023\/02\/shrink_sleeve_products-1.png","datePublished":"2023-01-16T15:08:57+00:00","dateModified":"2023-06-21T09:43:02+00:00","description":"Schrumpfschlauchetiketten bestehen aus w\u00e4rmeschrumpfbarem Material, das hei\u00dft, unter Einwirkung von W\u00e4rme ver\u00e4ndern die Etiketten ihre Form und passen sich jeder Verpackungsform an. Dabei handelt es sich um PVC-, PET- (rPET-) oder OPS-Folien.","breadcrumb":{"@id":"https:\/\/hon-ing.hr\/de\/schrumpfschlauchetiketten\/#breadcrumb"},"inLanguage":"de","potentialAction":[{"@type":"ReadAction","target":["https:\/\/hon-ing.hr\/de\/schrumpfschlauchetiketten\/"]}]},{"@type":"ImageObject","inLanguage":"de","@id":"https:\/\/hon-ing.hr\/de\/schrumpfschlauchetiketten\/#primaryimage","url":"https:\/\/hon-ing.hr\/wp-content\/uploads\/2023\/02\/shrink_sleeve_products-1.png","contentUrl":"https:\/\/hon-ing.hr\/wp-content\/uploads\/2023\/02\/shrink_sleeve_products-1.png","width":333,"height":465},{"@type":"BreadcrumbList","@id":"https:\/\/hon-ing.hr\/de\/schrumpfschlauchetiketten\/#breadcrumb","itemListElement":[{"@type":"ListItem","position":1,"name":"Po\u010detna stranica","item":"https:\/\/hon-ing.hr\/de\/"},{"@type":"ListItem","position":2,"name":"Schrumpfschlauchetiketten"}]},{"@type":"WebSite","@id":"https:\/\/hon-ing.hr\/#website","url":"https:\/\/hon-ing.hr\/","name":"Hon-ing","description":"Art of printing","publisher":{"@id":"https:\/\/hon-ing.hr\/#organization"},"potentialAction":[{"@type":"SearchAction","target":{"@type":"EntryPoint","urlTemplate":"https:\/\/hon-ing.hr\/?s={search_term_string}"},"query-input":{"@type":"PropertyValueSpecification","valueRequired":true,"valueName":"search_term_string"}}],"inLanguage":"de"},{"@type":"Organization","@id":"https:\/\/hon-ing.hr\/#organization","name":"Art of printing","url":"https:\/\/hon-ing.hr\/","logo":{"@type":"ImageObject","inLanguage":"de","@id":"https:\/\/hon-ing.hr\/#\/schema\/logo\/image\/","url":"https:\/\/hon-ing.hr\/wp-content\/uploads\/2023\/04\/favicon.png","contentUrl":"https:\/\/hon-ing.hr\/wp-content\/uploads\/2023\/04\/favicon.png","width":512,"height":512,"caption":"Art of printing"},"image":{"@id":"https:\/\/hon-ing.hr\/#\/schema\/logo\/image\/"}}]}},"_links":{"self":[{"href":"https:\/\/hon-ing.hr\/de\/wp-json\/wp\/v2\/pages\/677","targetHints":{"allow":["GET"]}}],"collection":[{"href":"https:\/\/hon-ing.hr\/de\/wp-json\/wp\/v2\/pages"}],"about":[{"href":"https:\/\/hon-ing.hr\/de\/wp-json\/wp\/v2\/types\/page"}],"author":[{"embeddable":true,"href":"https:\/\/hon-ing.hr\/de\/wp-json\/wp\/v2\/users\/1"}],"replies":[{"embeddable":true,"href":"https:\/\/hon-ing.hr\/de\/wp-json\/wp\/v2\/comments?post=677"}],"version-history":[{"count":1,"href":"https:\/\/hon-ing.hr\/de\/wp-json\/wp\/v2\/pages\/677\/revisions"}],"predecessor-version":[{"id":733,"href":"https:\/\/hon-ing.hr\/de\/wp-json\/wp\/v2\/pages\/677\/revisions\/733"}],"wp:featuredmedia":[{"embeddable":true,"href":"https:\/\/hon-ing.hr\/de\/wp-json\/wp\/v2\/media\/568"}],"wp:attachment":[{"href":"https:\/\/hon-ing.hr\/de\/wp-json\/wp\/v2\/media?parent=677"}],"curies":[{"name":"wp","href":"https:\/\/api.w.org\/{rel}","templated":true}]}}