{"id":676,"date":"2023-02-06T09:28:26","date_gmt":"2023-02-06T09:28:26","guid":{"rendered":"https:\/\/hon-ing.hr\/angesehen-bei-hochwertigen-loesungen-und-hervorragendem-service\/digitaldruck\/"},"modified":"2023-06-21T09:56:36","modified_gmt":"2023-06-21T09:56:36","slug":"digitaldruck","status":"publish","type":"page","link":"https:\/\/hon-ing.hr\/de\/drucktechniken\/digitaldruck\/","title":{"rendered":"Digitaldruck"},"content":{"rendered":"<p>Auch der Digitaldruck von der Rolle oder vom Bogen erm\u00f6glicht eine hohe Produktqualit\u00e4t und ist bei kleinen Auflagen und kurzen Fristen von gro\u00dfem Vorteil. Er bietet die M\u00f6glichkeit, verschiedene Materialien mit klassischen Nachbearbeitungsverfahren wie etwa Stanzen, Foliendruck oder Reliefdruck zu bedrucken, wodurch jede Designl\u00f6sung realisiert werden kann.<\/p>\n<p>Der Digitaldruck eignet sich ideal f\u00fcr innovative Produkte mit individuellem Druck. Dar\u00fcber hinaus besteht auch die M\u00f6glichkeit der Nummerierung.<\/p>\n","protected":false},"excerpt":{"rendered":"<p>Auch der Digitaldruck von der Rolle oder vom Bogen erm\u00f6glicht eine hohe Produktqualit\u00e4t und ist bei kleinen Auflagen und kurzen Fristen von gro\u00dfem Vorteil. Er bietet die M\u00f6glichkeit, verschiedene Materialien mit klassischen Nachbearbeitungsverfahren wie etwa Stanzen, Foliendruck oder Reliefdruck zu bedrucken, wodurch jede Designl\u00f6sung realisiert werden kann. Der Digitaldruck eignet sich ideal f\u00fcr innovative Produkte [&#8230;]<\/p>\n<p><a class=\"btn btn-secondary virtualna-read-more-link\" href=\"https:\/\/hon-ing.hr\/de\/drucktechniken\/digitaldruck\/\">Read More&#8230;<span class=\"screen-reader-text\"> from Digitaldruck<\/span><\/a><\/p>\n","protected":false},"author":1,"featured_media":656,"parent":673,"menu_order":0,"comment_status":"closed","ping_status":"closed","template":"page-templates\/inner-page_one.php","meta":{"_acf_changed":false,"footnotes":""},"class_list":["post-676","page","type-page","status-publish","has-post-thumbnail","hentry"],"acf":[],"yoast_head":"<!-- This site is optimized with the Yoast SEO plugin v26.9 - https:\/\/yoast.com\/product\/yoast-seo-wordpress\/ -->\n<title>Digitaldruck - Hon-ing<\/title>\n<meta name=\"description\" content=\"Auch der Digitaldruck von der Rolle oder vom Bogen erm\u00f6glicht eine hohe Produktqualit\u00e4t und ist bei kleinen Auflagen und kurzen Fristen von gro\u00dfem Vorteil. Er bietet die M\u00f6glichkeit, verschiedene Materialien mit klassischen Nachbearbeitungsverfahren wie etwa Stanzen, Foliendruck oder Reliefdruck zu bedrucken, wodurch jede Designl\u00f6sung realisiert werden kann.\" \/>\n<meta name=\"robots\" content=\"index, follow, max-snippet:-1, max-image-preview:large, max-video-preview:-1\" \/>\n<link rel=\"canonical\" href=\"https:\/\/hon-ing.hr\/de\/drucktechniken\/digitaldruck\/\" \/>\n<meta property=\"og:locale\" content=\"de_DE\" \/>\n<meta property=\"og:type\" content=\"article\" \/>\n<meta property=\"og:title\" content=\"Digitaldruck - Hon-ing\" \/>\n<meta property=\"og:description\" content=\"Auch der Digitaldruck von der Rolle oder vom Bogen erm\u00f6glicht eine hohe Produktqualit\u00e4t und ist bei kleinen Auflagen und kurzen Fristen von gro\u00dfem Vorteil. Er bietet die M\u00f6glichkeit, verschiedene Materialien mit klassischen Nachbearbeitungsverfahren wie etwa Stanzen, Foliendruck oder Reliefdruck zu bedrucken, wodurch jede Designl\u00f6sung realisiert werden kann.\" \/>\n<meta property=\"og:url\" content=\"https:\/\/hon-ing.hr\/de\/drucktechniken\/digitaldruck\/\" \/>\n<meta property=\"og:site_name\" content=\"Hon-ing\" \/>\n<meta property=\"article:modified_time\" content=\"2023-06-21T09:56:36+00:00\" \/>\n<meta property=\"og:image\" content=\"https:\/\/hon-ing.hr\/wp-content\/uploads\/2023\/03\/digitalno-tisak-ptoducts.png\" \/>\n\t<meta property=\"og:image:width\" content=\"500\" \/>\n\t<meta property=\"og:image:height\" content=\"400\" \/>\n\t<meta property=\"og:image:type\" content=\"image\/png\" \/>\n<meta name=\"twitter:card\" content=\"summary_large_image\" \/>\n<meta name=\"twitter:label1\" content=\"Gesch\u00e4tzte Lesezeit\" \/>\n\t<meta name=\"twitter:data1\" content=\"1\u00a0Minute\" \/>\n<script type=\"application\/ld+json\" class=\"yoast-schema-graph\">{\"@context\":\"https:\/\/schema.org\",\"@graph\":[{\"@type\":\"WebPage\",\"@id\":\"https:\/\/hon-ing.hr\/de\/drucktechniken\/digitaldruck\/\",\"url\":\"https:\/\/hon-ing.hr\/de\/drucktechniken\/digitaldruck\/\",\"name\":\"Digitaldruck - Hon-ing\",\"isPartOf\":{\"@id\":\"https:\/\/hon-ing.hr\/#website\"},\"primaryImageOfPage\":{\"@id\":\"https:\/\/hon-ing.hr\/de\/drucktechniken\/digitaldruck\/#primaryimage\"},\"image\":{\"@id\":\"https:\/\/hon-ing.hr\/de\/drucktechniken\/digitaldruck\/#primaryimage\"},\"thumbnailUrl\":\"https:\/\/hon-ing.hr\/wp-content\/uploads\/2023\/03\/digitalno-tisak-ptoducts.png\",\"datePublished\":\"2023-02-06T09:28:26+00:00\",\"dateModified\":\"2023-06-21T09:56:36+00:00\",\"description\":\"Auch der Digitaldruck von der Rolle oder vom Bogen erm\u00f6glicht eine hohe Produktqualit\u00e4t und ist bei kleinen Auflagen und kurzen Fristen von gro\u00dfem Vorteil. Er bietet die M\u00f6glichkeit, verschiedene Materialien mit klassischen Nachbearbeitungsverfahren wie etwa Stanzen, Foliendruck oder Reliefdruck zu bedrucken, wodurch jede Designl\u00f6sung realisiert werden kann.\",\"breadcrumb\":{\"@id\":\"https:\/\/hon-ing.hr\/de\/drucktechniken\/digitaldruck\/#breadcrumb\"},\"inLanguage\":\"de\",\"potentialAction\":[{\"@type\":\"ReadAction\",\"target\":[\"https:\/\/hon-ing.hr\/de\/drucktechniken\/digitaldruck\/\"]}]},{\"@type\":\"ImageObject\",\"inLanguage\":\"de\",\"@id\":\"https:\/\/hon-ing.hr\/de\/drucktechniken\/digitaldruck\/#primaryimage\",\"url\":\"https:\/\/hon-ing.hr\/wp-content\/uploads\/2023\/03\/digitalno-tisak-ptoducts.png\",\"contentUrl\":\"https:\/\/hon-ing.hr\/wp-content\/uploads\/2023\/03\/digitalno-tisak-ptoducts.png\",\"width\":500,\"height\":400},{\"@type\":\"BreadcrumbList\",\"@id\":\"https:\/\/hon-ing.hr\/de\/drucktechniken\/digitaldruck\/#breadcrumb\",\"itemListElement\":[{\"@type\":\"ListItem\",\"position\":1,\"name\":\"Po\u010detna stranica\",\"item\":\"https:\/\/hon-ing.hr\/de\/\"},{\"@type\":\"ListItem\",\"position\":2,\"name\":\"Angesehen bei hochwertigen L\u00f6sungen und hervorragendem Service\",\"item\":\"https:\/\/hon-ing.hr\/de\/drucktechniken\/\"},{\"@type\":\"ListItem\",\"position\":3,\"name\":\"Digitaldruck\"}]},{\"@type\":\"WebSite\",\"@id\":\"https:\/\/hon-ing.hr\/#website\",\"url\":\"https:\/\/hon-ing.hr\/\",\"name\":\"Hon-ing\",\"description\":\"Art of printing\",\"publisher\":{\"@id\":\"https:\/\/hon-ing.hr\/#organization\"},\"potentialAction\":[{\"@type\":\"SearchAction\",\"target\":{\"@type\":\"EntryPoint\",\"urlTemplate\":\"https:\/\/hon-ing.hr\/?s={search_term_string}\"},\"query-input\":{\"@type\":\"PropertyValueSpecification\",\"valueRequired\":true,\"valueName\":\"search_term_string\"}}],\"inLanguage\":\"de\"},{\"@type\":\"Organization\",\"@id\":\"https:\/\/hon-ing.hr\/#organization\",\"name\":\"Art of printing\",\"url\":\"https:\/\/hon-ing.hr\/\",\"logo\":{\"@type\":\"ImageObject\",\"inLanguage\":\"de\",\"@id\":\"https:\/\/hon-ing.hr\/#\/schema\/logo\/image\/\",\"url\":\"https:\/\/hon-ing.hr\/wp-content\/uploads\/2023\/04\/favicon.png\",\"contentUrl\":\"https:\/\/hon-ing.hr\/wp-content\/uploads\/2023\/04\/favicon.png\",\"width\":512,\"height\":512,\"caption\":\"Art of printing\"},\"image\":{\"@id\":\"https:\/\/hon-ing.hr\/#\/schema\/logo\/image\/\"}}]}<\/script>\n<!-- \/ Yoast SEO plugin. -->","yoast_head_json":{"title":"Digitaldruck - Hon-ing","description":"Auch der Digitaldruck von der Rolle oder vom Bogen erm\u00f6glicht eine hohe Produktqualit\u00e4t und ist bei kleinen Auflagen und kurzen Fristen von gro\u00dfem Vorteil. Er bietet die M\u00f6glichkeit, verschiedene Materialien mit klassischen Nachbearbeitungsverfahren wie etwa Stanzen, Foliendruck oder Reliefdruck zu bedrucken, wodurch jede Designl\u00f6sung realisiert werden kann.","robots":{"index":"index","follow":"follow","max-snippet":"max-snippet:-1","max-image-preview":"max-image-preview:large","max-video-preview":"max-video-preview:-1"},"canonical":"https:\/\/hon-ing.hr\/de\/drucktechniken\/digitaldruck\/","og_locale":"de_DE","og_type":"article","og_title":"Digitaldruck - Hon-ing","og_description":"Auch der Digitaldruck von der Rolle oder vom Bogen erm\u00f6glicht eine hohe Produktqualit\u00e4t und ist bei kleinen Auflagen und kurzen Fristen von gro\u00dfem Vorteil. Er bietet die M\u00f6glichkeit, verschiedene Materialien mit klassischen Nachbearbeitungsverfahren wie etwa Stanzen, Foliendruck oder Reliefdruck zu bedrucken, wodurch jede Designl\u00f6sung realisiert werden kann.","og_url":"https:\/\/hon-ing.hr\/de\/drucktechniken\/digitaldruck\/","og_site_name":"Hon-ing","article_modified_time":"2023-06-21T09:56:36+00:00","og_image":[{"width":500,"height":400,"url":"https:\/\/hon-ing.hr\/wp-content\/uploads\/2023\/03\/digitalno-tisak-ptoducts.png","type":"image\/png"}],"twitter_card":"summary_large_image","twitter_misc":{"Gesch\u00e4tzte Lesezeit":"1\u00a0Minute"},"schema":{"@context":"https:\/\/schema.org","@graph":[{"@type":"WebPage","@id":"https:\/\/hon-ing.hr\/de\/drucktechniken\/digitaldruck\/","url":"https:\/\/hon-ing.hr\/de\/drucktechniken\/digitaldruck\/","name":"Digitaldruck - Hon-ing","isPartOf":{"@id":"https:\/\/hon-ing.hr\/#website"},"primaryImageOfPage":{"@id":"https:\/\/hon-ing.hr\/de\/drucktechniken\/digitaldruck\/#primaryimage"},"image":{"@id":"https:\/\/hon-ing.hr\/de\/drucktechniken\/digitaldruck\/#primaryimage"},"thumbnailUrl":"https:\/\/hon-ing.hr\/wp-content\/uploads\/2023\/03\/digitalno-tisak-ptoducts.png","datePublished":"2023-02-06T09:28:26+00:00","dateModified":"2023-06-21T09:56:36+00:00","description":"Auch der Digitaldruck von der Rolle oder vom Bogen erm\u00f6glicht eine hohe Produktqualit\u00e4t und ist bei kleinen Auflagen und kurzen Fristen von gro\u00dfem Vorteil. Er bietet die M\u00f6glichkeit, verschiedene Materialien mit klassischen Nachbearbeitungsverfahren wie etwa Stanzen, Foliendruck oder Reliefdruck zu bedrucken, wodurch jede Designl\u00f6sung realisiert werden kann.","breadcrumb":{"@id":"https:\/\/hon-ing.hr\/de\/drucktechniken\/digitaldruck\/#breadcrumb"},"inLanguage":"de","potentialAction":[{"@type":"ReadAction","target":["https:\/\/hon-ing.hr\/de\/drucktechniken\/digitaldruck\/"]}]},{"@type":"ImageObject","inLanguage":"de","@id":"https:\/\/hon-ing.hr\/de\/drucktechniken\/digitaldruck\/#primaryimage","url":"https:\/\/hon-ing.hr\/wp-content\/uploads\/2023\/03\/digitalno-tisak-ptoducts.png","contentUrl":"https:\/\/hon-ing.hr\/wp-content\/uploads\/2023\/03\/digitalno-tisak-ptoducts.png","width":500,"height":400},{"@type":"BreadcrumbList","@id":"https:\/\/hon-ing.hr\/de\/drucktechniken\/digitaldruck\/#breadcrumb","itemListElement":[{"@type":"ListItem","position":1,"name":"Po\u010detna stranica","item":"https:\/\/hon-ing.hr\/de\/"},{"@type":"ListItem","position":2,"name":"Angesehen bei hochwertigen L\u00f6sungen und hervorragendem Service","item":"https:\/\/hon-ing.hr\/de\/drucktechniken\/"},{"@type":"ListItem","position":3,"name":"Digitaldruck"}]},{"@type":"WebSite","@id":"https:\/\/hon-ing.hr\/#website","url":"https:\/\/hon-ing.hr\/","name":"Hon-ing","description":"Art of printing","publisher":{"@id":"https:\/\/hon-ing.hr\/#organization"},"potentialAction":[{"@type":"SearchAction","target":{"@type":"EntryPoint","urlTemplate":"https:\/\/hon-ing.hr\/?s={search_term_string}"},"query-input":{"@type":"PropertyValueSpecification","valueRequired":true,"valueName":"search_term_string"}}],"inLanguage":"de"},{"@type":"Organization","@id":"https:\/\/hon-ing.hr\/#organization","name":"Art of printing","url":"https:\/\/hon-ing.hr\/","logo":{"@type":"ImageObject","inLanguage":"de","@id":"https:\/\/hon-ing.hr\/#\/schema\/logo\/image\/","url":"https:\/\/hon-ing.hr\/wp-content\/uploads\/2023\/04\/favicon.png","contentUrl":"https:\/\/hon-ing.hr\/wp-content\/uploads\/2023\/04\/favicon.png","width":512,"height":512,"caption":"Art of printing"},"image":{"@id":"https:\/\/hon-ing.hr\/#\/schema\/logo\/image\/"}}]}},"_links":{"self":[{"href":"https:\/\/hon-ing.hr\/de\/wp-json\/wp\/v2\/pages\/676","targetHints":{"allow":["GET"]}}],"collection":[{"href":"https:\/\/hon-ing.hr\/de\/wp-json\/wp\/v2\/pages"}],"about":[{"href":"https:\/\/hon-ing.hr\/de\/wp-json\/wp\/v2\/types\/page"}],"author":[{"embeddable":true,"href":"https:\/\/hon-ing.hr\/de\/wp-json\/wp\/v2\/users\/1"}],"replies":[{"embeddable":true,"href":"https:\/\/hon-ing.hr\/de\/wp-json\/wp\/v2\/comments?post=676"}],"version-history":[{"count":1,"href":"https:\/\/hon-ing.hr\/de\/wp-json\/wp\/v2\/pages\/676\/revisions"}],"predecessor-version":[{"id":725,"href":"https:\/\/hon-ing.hr\/de\/wp-json\/wp\/v2\/pages\/676\/revisions\/725"}],"up":[{"embeddable":true,"href":"https:\/\/hon-ing.hr\/de\/wp-json\/wp\/v2\/pages\/673"}],"wp:featuredmedia":[{"embeddable":true,"href":"https:\/\/hon-ing.hr\/de\/wp-json\/wp\/v2\/media\/656"}],"wp:attachment":[{"href":"https:\/\/hon-ing.hr\/de\/wp-json\/wp\/v2\/media?parent=676"}],"curies":[{"name":"wp","href":"https:\/\/api.w.org\/{rel}","templated":true}]}}