{"id":675,"date":"2023-02-06T09:27:49","date_gmt":"2023-02-06T09:27:49","guid":{"rendered":"https:\/\/hon-ing.hr\/angesehen-bei-hochwertigen-loesungen-und-hervorragendem-service\/offsetdruck\/"},"modified":"2023-06-21T09:55:45","modified_gmt":"2023-06-21T09:55:45","slug":"offsetdruck","status":"publish","type":"page","link":"https:\/\/hon-ing.hr\/de\/drucktechniken\/offsetdruck\/","title":{"rendered":"Offsetdruck"},"content":{"rendered":"<p>Beim Offsetdruck werden d\u00fcnne Aluminiumplatten zum Drucken verwendet, die den Farbstoff auf das Drucktuch \u00fcbertragen, von wo aus er dann auf das Material \u00fcbertragen wird. Unsere Anlage mit Offsetdruckmaschinen bedruckt Materialien unterschiedlicher St\u00e4rke (Selbstklebepapier, Etikettenpapier, Karton u. \u00e4.) von 60 bis 350 g\/m2, in bis zu 6 Farben mit M\u00f6glichkeit der Lackierung.<\/p>\n<p>Der Vorteil des Offsetdrucks besteht darin, dass eine hohe Detailgenauigkeit und Bildsch\u00e4rfe erreicht werden kann und der Druck sehr pr\u00e4zise und gleichm\u00e4\u00dfig ausgef\u00fchrt werden kann. Au\u00dferdem erm\u00f6glicht er das schnelle Drucken gro\u00dfer Mengen, was f\u00fcr den Druck gro\u00dfer Auflagen sehr wirtschaftlich ist.<\/p>\n","protected":false},"excerpt":{"rendered":"<p>Beim Offsetdruck werden d\u00fcnne Aluminiumplatten zum Drucken verwendet, die den Farbstoff auf das Drucktuch \u00fcbertragen, von wo aus er dann auf das Material \u00fcbertragen wird. Unsere Anlage mit Offsetdruckmaschinen bedruckt Materialien unterschiedlicher St\u00e4rke (Selbstklebepapier, Etikettenpapier, Karton u. \u00e4.) von 60 bis 350 g\/m2, in bis zu 6 Farben mit M\u00f6glichkeit der Lackierung. Der Vorteil des [&#8230;]<\/p>\n<p><a class=\"btn btn-secondary virtualna-read-more-link\" href=\"https:\/\/hon-ing.hr\/de\/drucktechniken\/offsetdruck\/\">Read More&#8230;<span class=\"screen-reader-text\"> from Offsetdruck<\/span><\/a><\/p>\n","protected":false},"author":1,"featured_media":606,"parent":673,"menu_order":0,"comment_status":"closed","ping_status":"closed","template":"page-templates\/inner-page_one.php","meta":{"_acf_changed":false,"footnotes":""},"class_list":["post-675","page","type-page","status-publish","has-post-thumbnail","hentry"],"acf":[],"yoast_head":"<!-- This site is optimized with the Yoast SEO plugin v26.9 - https:\/\/yoast.com\/product\/yoast-seo-wordpress\/ -->\n<title>Offsetdruck - Hon-ing<\/title>\n<meta name=\"description\" content=\"Beim Offsetdruck werden d\u00fcnne Aluminiumplatten zum Drucken verwendet, die den Farbstoff auf das Drucktuch \u00fcbertragen, von wo aus er dann auf das Material \u00fcbertragen wird. Unsere Anlage mit Offsetdruckmaschinen bedruckt Materialien unterschiedlicher St\u00e4rke (Selbstklebepapier, Etikettenpapier, Karton u. \u00e4.) von 60 bis 350 g\/m2, in bis zu 6 Farben mit M\u00f6glichkeit der Lackierung.\" \/>\n<meta name=\"robots\" content=\"index, follow, max-snippet:-1, max-image-preview:large, max-video-preview:-1\" \/>\n<link rel=\"canonical\" href=\"https:\/\/hon-ing.hr\/de\/drucktechniken\/offsetdruck\/\" \/>\n<meta property=\"og:locale\" content=\"de_DE\" \/>\n<meta property=\"og:type\" content=\"article\" \/>\n<meta property=\"og:title\" content=\"Offsetdruck - Hon-ing\" \/>\n<meta property=\"og:description\" content=\"Beim Offsetdruck werden d\u00fcnne Aluminiumplatten zum Drucken verwendet, die den Farbstoff auf das Drucktuch \u00fcbertragen, von wo aus er dann auf das Material \u00fcbertragen wird. Unsere Anlage mit Offsetdruckmaschinen bedruckt Materialien unterschiedlicher St\u00e4rke (Selbstklebepapier, Etikettenpapier, Karton u. \u00e4.) von 60 bis 350 g\/m2, in bis zu 6 Farben mit M\u00f6glichkeit der Lackierung.\" \/>\n<meta property=\"og:url\" content=\"https:\/\/hon-ing.hr\/de\/drucktechniken\/offsetdruck\/\" \/>\n<meta property=\"og:site_name\" content=\"Hon-ing\" \/>\n<meta property=\"article:modified_time\" content=\"2023-06-21T09:55:45+00:00\" \/>\n<meta property=\"og:image\" content=\"https:\/\/hon-ing.hr\/wp-content\/uploads\/2023\/02\/offset_products.png\" \/>\n\t<meta property=\"og:image:width\" content=\"555\" \/>\n\t<meta property=\"og:image:height\" content=\"531\" \/>\n\t<meta property=\"og:image:type\" content=\"image\/png\" \/>\n<meta name=\"twitter:card\" content=\"summary_large_image\" \/>\n<meta name=\"twitter:label1\" content=\"Gesch\u00e4tzte Lesezeit\" \/>\n\t<meta name=\"twitter:data1\" content=\"1\u00a0Minute\" \/>\n<script type=\"application\/ld+json\" class=\"yoast-schema-graph\">{\"@context\":\"https:\/\/schema.org\",\"@graph\":[{\"@type\":\"WebPage\",\"@id\":\"https:\/\/hon-ing.hr\/de\/drucktechniken\/offsetdruck\/\",\"url\":\"https:\/\/hon-ing.hr\/de\/drucktechniken\/offsetdruck\/\",\"name\":\"Offsetdruck - Hon-ing\",\"isPartOf\":{\"@id\":\"https:\/\/hon-ing.hr\/#website\"},\"primaryImageOfPage\":{\"@id\":\"https:\/\/hon-ing.hr\/de\/drucktechniken\/offsetdruck\/#primaryimage\"},\"image\":{\"@id\":\"https:\/\/hon-ing.hr\/de\/drucktechniken\/offsetdruck\/#primaryimage\"},\"thumbnailUrl\":\"https:\/\/hon-ing.hr\/wp-content\/uploads\/2023\/02\/offset_products.png\",\"datePublished\":\"2023-02-06T09:27:49+00:00\",\"dateModified\":\"2023-06-21T09:55:45+00:00\",\"description\":\"Beim Offsetdruck werden d\u00fcnne Aluminiumplatten zum Drucken verwendet, die den Farbstoff auf das Drucktuch \u00fcbertragen, von wo aus er dann auf das Material \u00fcbertragen wird. Unsere Anlage mit Offsetdruckmaschinen bedruckt Materialien unterschiedlicher St\u00e4rke (Selbstklebepapier, Etikettenpapier, Karton u. \u00e4.) von 60 bis 350 g\/m2, in bis zu 6 Farben mit M\u00f6glichkeit der Lackierung.\",\"breadcrumb\":{\"@id\":\"https:\/\/hon-ing.hr\/de\/drucktechniken\/offsetdruck\/#breadcrumb\"},\"inLanguage\":\"de\",\"potentialAction\":[{\"@type\":\"ReadAction\",\"target\":[\"https:\/\/hon-ing.hr\/de\/drucktechniken\/offsetdruck\/\"]}]},{\"@type\":\"ImageObject\",\"inLanguage\":\"de\",\"@id\":\"https:\/\/hon-ing.hr\/de\/drucktechniken\/offsetdruck\/#primaryimage\",\"url\":\"https:\/\/hon-ing.hr\/wp-content\/uploads\/2023\/02\/offset_products.png\",\"contentUrl\":\"https:\/\/hon-ing.hr\/wp-content\/uploads\/2023\/02\/offset_products.png\",\"width\":555,\"height\":531},{\"@type\":\"BreadcrumbList\",\"@id\":\"https:\/\/hon-ing.hr\/de\/drucktechniken\/offsetdruck\/#breadcrumb\",\"itemListElement\":[{\"@type\":\"ListItem\",\"position\":1,\"name\":\"Po\u010detna stranica\",\"item\":\"https:\/\/hon-ing.hr\/de\/\"},{\"@type\":\"ListItem\",\"position\":2,\"name\":\"Angesehen bei hochwertigen L\u00f6sungen und hervorragendem Service\",\"item\":\"https:\/\/hon-ing.hr\/de\/drucktechniken\/\"},{\"@type\":\"ListItem\",\"position\":3,\"name\":\"Offsetdruck\"}]},{\"@type\":\"WebSite\",\"@id\":\"https:\/\/hon-ing.hr\/#website\",\"url\":\"https:\/\/hon-ing.hr\/\",\"name\":\"Hon-ing\",\"description\":\"Art of printing\",\"publisher\":{\"@id\":\"https:\/\/hon-ing.hr\/#organization\"},\"potentialAction\":[{\"@type\":\"SearchAction\",\"target\":{\"@type\":\"EntryPoint\",\"urlTemplate\":\"https:\/\/hon-ing.hr\/?s={search_term_string}\"},\"query-input\":{\"@type\":\"PropertyValueSpecification\",\"valueRequired\":true,\"valueName\":\"search_term_string\"}}],\"inLanguage\":\"de\"},{\"@type\":\"Organization\",\"@id\":\"https:\/\/hon-ing.hr\/#organization\",\"name\":\"Art of printing\",\"url\":\"https:\/\/hon-ing.hr\/\",\"logo\":{\"@type\":\"ImageObject\",\"inLanguage\":\"de\",\"@id\":\"https:\/\/hon-ing.hr\/#\/schema\/logo\/image\/\",\"url\":\"https:\/\/hon-ing.hr\/wp-content\/uploads\/2023\/04\/favicon.png\",\"contentUrl\":\"https:\/\/hon-ing.hr\/wp-content\/uploads\/2023\/04\/favicon.png\",\"width\":512,\"height\":512,\"caption\":\"Art of printing\"},\"image\":{\"@id\":\"https:\/\/hon-ing.hr\/#\/schema\/logo\/image\/\"}}]}<\/script>\n<!-- \/ Yoast SEO plugin. -->","yoast_head_json":{"title":"Offsetdruck - Hon-ing","description":"Beim Offsetdruck werden d\u00fcnne Aluminiumplatten zum Drucken verwendet, die den Farbstoff auf das Drucktuch \u00fcbertragen, von wo aus er dann auf das Material \u00fcbertragen wird. Unsere Anlage mit Offsetdruckmaschinen bedruckt Materialien unterschiedlicher St\u00e4rke (Selbstklebepapier, Etikettenpapier, Karton u. \u00e4.) von 60 bis 350 g\/m2, in bis zu 6 Farben mit M\u00f6glichkeit der Lackierung.","robots":{"index":"index","follow":"follow","max-snippet":"max-snippet:-1","max-image-preview":"max-image-preview:large","max-video-preview":"max-video-preview:-1"},"canonical":"https:\/\/hon-ing.hr\/de\/drucktechniken\/offsetdruck\/","og_locale":"de_DE","og_type":"article","og_title":"Offsetdruck - Hon-ing","og_description":"Beim Offsetdruck werden d\u00fcnne Aluminiumplatten zum Drucken verwendet, die den Farbstoff auf das Drucktuch \u00fcbertragen, von wo aus er dann auf das Material \u00fcbertragen wird. Unsere Anlage mit Offsetdruckmaschinen bedruckt Materialien unterschiedlicher St\u00e4rke (Selbstklebepapier, Etikettenpapier, Karton u. \u00e4.) von 60 bis 350 g\/m2, in bis zu 6 Farben mit M\u00f6glichkeit der Lackierung.","og_url":"https:\/\/hon-ing.hr\/de\/drucktechniken\/offsetdruck\/","og_site_name":"Hon-ing","article_modified_time":"2023-06-21T09:55:45+00:00","og_image":[{"width":555,"height":531,"url":"https:\/\/hon-ing.hr\/wp-content\/uploads\/2023\/02\/offset_products.png","type":"image\/png"}],"twitter_card":"summary_large_image","twitter_misc":{"Gesch\u00e4tzte Lesezeit":"1\u00a0Minute"},"schema":{"@context":"https:\/\/schema.org","@graph":[{"@type":"WebPage","@id":"https:\/\/hon-ing.hr\/de\/drucktechniken\/offsetdruck\/","url":"https:\/\/hon-ing.hr\/de\/drucktechniken\/offsetdruck\/","name":"Offsetdruck - Hon-ing","isPartOf":{"@id":"https:\/\/hon-ing.hr\/#website"},"primaryImageOfPage":{"@id":"https:\/\/hon-ing.hr\/de\/drucktechniken\/offsetdruck\/#primaryimage"},"image":{"@id":"https:\/\/hon-ing.hr\/de\/drucktechniken\/offsetdruck\/#primaryimage"},"thumbnailUrl":"https:\/\/hon-ing.hr\/wp-content\/uploads\/2023\/02\/offset_products.png","datePublished":"2023-02-06T09:27:49+00:00","dateModified":"2023-06-21T09:55:45+00:00","description":"Beim Offsetdruck werden d\u00fcnne Aluminiumplatten zum Drucken verwendet, die den Farbstoff auf das Drucktuch \u00fcbertragen, von wo aus er dann auf das Material \u00fcbertragen wird. Unsere Anlage mit Offsetdruckmaschinen bedruckt Materialien unterschiedlicher St\u00e4rke (Selbstklebepapier, Etikettenpapier, Karton u. \u00e4.) von 60 bis 350 g\/m2, in bis zu 6 Farben mit M\u00f6glichkeit der Lackierung.","breadcrumb":{"@id":"https:\/\/hon-ing.hr\/de\/drucktechniken\/offsetdruck\/#breadcrumb"},"inLanguage":"de","potentialAction":[{"@type":"ReadAction","target":["https:\/\/hon-ing.hr\/de\/drucktechniken\/offsetdruck\/"]}]},{"@type":"ImageObject","inLanguage":"de","@id":"https:\/\/hon-ing.hr\/de\/drucktechniken\/offsetdruck\/#primaryimage","url":"https:\/\/hon-ing.hr\/wp-content\/uploads\/2023\/02\/offset_products.png","contentUrl":"https:\/\/hon-ing.hr\/wp-content\/uploads\/2023\/02\/offset_products.png","width":555,"height":531},{"@type":"BreadcrumbList","@id":"https:\/\/hon-ing.hr\/de\/drucktechniken\/offsetdruck\/#breadcrumb","itemListElement":[{"@type":"ListItem","position":1,"name":"Po\u010detna stranica","item":"https:\/\/hon-ing.hr\/de\/"},{"@type":"ListItem","position":2,"name":"Angesehen bei hochwertigen L\u00f6sungen und hervorragendem Service","item":"https:\/\/hon-ing.hr\/de\/drucktechniken\/"},{"@type":"ListItem","position":3,"name":"Offsetdruck"}]},{"@type":"WebSite","@id":"https:\/\/hon-ing.hr\/#website","url":"https:\/\/hon-ing.hr\/","name":"Hon-ing","description":"Art of printing","publisher":{"@id":"https:\/\/hon-ing.hr\/#organization"},"potentialAction":[{"@type":"SearchAction","target":{"@type":"EntryPoint","urlTemplate":"https:\/\/hon-ing.hr\/?s={search_term_string}"},"query-input":{"@type":"PropertyValueSpecification","valueRequired":true,"valueName":"search_term_string"}}],"inLanguage":"de"},{"@type":"Organization","@id":"https:\/\/hon-ing.hr\/#organization","name":"Art of printing","url":"https:\/\/hon-ing.hr\/","logo":{"@type":"ImageObject","inLanguage":"de","@id":"https:\/\/hon-ing.hr\/#\/schema\/logo\/image\/","url":"https:\/\/hon-ing.hr\/wp-content\/uploads\/2023\/04\/favicon.png","contentUrl":"https:\/\/hon-ing.hr\/wp-content\/uploads\/2023\/04\/favicon.png","width":512,"height":512,"caption":"Art of printing"},"image":{"@id":"https:\/\/hon-ing.hr\/#\/schema\/logo\/image\/"}}]}},"_links":{"self":[{"href":"https:\/\/hon-ing.hr\/de\/wp-json\/wp\/v2\/pages\/675","targetHints":{"allow":["GET"]}}],"collection":[{"href":"https:\/\/hon-ing.hr\/de\/wp-json\/wp\/v2\/pages"}],"about":[{"href":"https:\/\/hon-ing.hr\/de\/wp-json\/wp\/v2\/types\/page"}],"author":[{"embeddable":true,"href":"https:\/\/hon-ing.hr\/de\/wp-json\/wp\/v2\/users\/1"}],"replies":[{"embeddable":true,"href":"https:\/\/hon-ing.hr\/de\/wp-json\/wp\/v2\/comments?post=675"}],"version-history":[{"count":1,"href":"https:\/\/hon-ing.hr\/de\/wp-json\/wp\/v2\/pages\/675\/revisions"}],"predecessor-version":[{"id":729,"href":"https:\/\/hon-ing.hr\/de\/wp-json\/wp\/v2\/pages\/675\/revisions\/729"}],"up":[{"embeddable":true,"href":"https:\/\/hon-ing.hr\/de\/wp-json\/wp\/v2\/pages\/673"}],"wp:featuredmedia":[{"embeddable":true,"href":"https:\/\/hon-ing.hr\/de\/wp-json\/wp\/v2\/media\/606"}],"wp:attachment":[{"href":"https:\/\/hon-ing.hr\/de\/wp-json\/wp\/v2\/media?parent=675"}],"curies":[{"name":"wp","href":"https:\/\/api.w.org\/{rel}","templated":true}]}}