{"id":674,"date":"2023-02-03T10:47:58","date_gmt":"2023-02-03T10:47:58","guid":{"rendered":"https:\/\/hon-ing.hr\/angesehen-bei-hochwertigen-loesungen-und-hervorragendem-service\/flexodruck\/"},"modified":"2023-06-21T09:40:15","modified_gmt":"2023-06-21T09:40:15","slug":"flexodruck","status":"publish","type":"page","link":"https:\/\/hon-ing.hr\/de\/drucktechniken\/flexodruck\/","title":{"rendered":"Flexodruck"},"content":{"rendered":"<h3>Der Flexodruck ist eine der am meisten vertretenen Techniken zum Drucken von Etiketten.<\/h3>\n<p>F\u00fcr die Erstellung eines Drucks werden flexible Druckformen verwendet, die den Farbstoff auf das Substrat \u00fcbertragen, und der Druck erfolgt von einer Rolle.<\/p>\n<p>Mit dieser Technik k\u00f6nnen unterschiedliche Materialien wie selbstklebendes Papier, OPP-Folie oder Schrumpfschlauchfolie bedruckt werden.<\/p>\n<p>Als Drucktechnik hat er unz\u00e4hlige Innovationen erfahren, was ihn zu einer der zuverl\u00e4ssigsten Optionen in der Herstellung von gro\u00dfen Mengen an Etiketten macht.<\/p>\n<p>Welche Arten von Etiketten wir herstellen, sehen Sie unten.<\/p>\n","protected":false},"excerpt":{"rendered":"<p>Der Flexodruck ist eine der am meisten vertretenen Techniken zum Drucken von Etiketten. F\u00fcr die Erstellung eines Drucks werden flexible Druckformen verwendet, die den Farbstoff auf das Substrat \u00fcbertragen, und der Druck erfolgt von einer Rolle. Mit dieser Technik k\u00f6nnen unterschiedliche Materialien wie selbstklebendes Papier, OPP-Folie oder Schrumpfschlauchfolie bedruckt werden. Als Drucktechnik hat er unz\u00e4hlige [&#8230;]<\/p>\n<p><a class=\"btn btn-secondary virtualna-read-more-link\" href=\"https:\/\/hon-ing.hr\/de\/drucktechniken\/flexodruck\/\">Read More&#8230;<span class=\"screen-reader-text\"> from Flexodruck<\/span><\/a><\/p>\n","protected":false},"author":1,"featured_media":0,"parent":673,"menu_order":0,"comment_status":"closed","ping_status":"closed","template":"page-templates\/technic-page.php","meta":{"_acf_changed":false,"footnotes":""},"class_list":["post-674","page","type-page","status-publish","hentry"],"acf":[],"yoast_head":"<!-- This site is optimized with the Yoast SEO plugin v26.9 - https:\/\/yoast.com\/product\/yoast-seo-wordpress\/ -->\n<title>Flexodruck - Hon-ing<\/title>\n<meta name=\"description\" content=\"Der Flexodruck ist eine der am meisten vertretenen Techniken zum Drucken von Etiketten.\" \/>\n<meta name=\"robots\" content=\"index, follow, max-snippet:-1, max-image-preview:large, max-video-preview:-1\" \/>\n<link rel=\"canonical\" href=\"https:\/\/hon-ing.hr\/de\/drucktechniken\/flexodruck\/\" \/>\n<meta property=\"og:locale\" content=\"de_DE\" \/>\n<meta property=\"og:type\" content=\"article\" \/>\n<meta property=\"og:title\" content=\"Flexodruck - Hon-ing\" \/>\n<meta property=\"og:description\" content=\"Der Flexodruck ist eine der am meisten vertretenen Techniken zum Drucken von Etiketten.\" \/>\n<meta property=\"og:url\" content=\"https:\/\/hon-ing.hr\/de\/drucktechniken\/flexodruck\/\" \/>\n<meta property=\"og:site_name\" content=\"Hon-ing\" \/>\n<meta property=\"article:modified_time\" content=\"2023-06-21T09:40:15+00:00\" \/>\n<meta property=\"og:image\" content=\"https:\/\/hon-ing.hr\/wp-content\/uploads\/2023\/03\/hon-ing_Tehnologije.jpg\" \/>\n\t<meta property=\"og:image:width\" content=\"642\" \/>\n\t<meta property=\"og:image:height\" content=\"641\" \/>\n\t<meta property=\"og:image:type\" content=\"image\/jpeg\" \/>\n<meta name=\"twitter:card\" content=\"summary_large_image\" \/>\n<meta name=\"twitter:label1\" content=\"Gesch\u00e4tzte Lesezeit\" \/>\n\t<meta name=\"twitter:data1\" content=\"1\u00a0Minute\" \/>\n<script type=\"application\/ld+json\" class=\"yoast-schema-graph\">{\"@context\":\"https:\/\/schema.org\",\"@graph\":[{\"@type\":\"WebPage\",\"@id\":\"https:\/\/hon-ing.hr\/de\/drucktechniken\/flexodruck\/\",\"url\":\"https:\/\/hon-ing.hr\/de\/drucktechniken\/flexodruck\/\",\"name\":\"Flexodruck - Hon-ing\",\"isPartOf\":{\"@id\":\"https:\/\/hon-ing.hr\/#website\"},\"datePublished\":\"2023-02-03T10:47:58+00:00\",\"dateModified\":\"2023-06-21T09:40:15+00:00\",\"description\":\"Der Flexodruck ist eine der am meisten vertretenen Techniken zum Drucken von Etiketten.\",\"breadcrumb\":{\"@id\":\"https:\/\/hon-ing.hr\/de\/drucktechniken\/flexodruck\/#breadcrumb\"},\"inLanguage\":\"de\",\"potentialAction\":[{\"@type\":\"ReadAction\",\"target\":[\"https:\/\/hon-ing.hr\/de\/drucktechniken\/flexodruck\/\"]}]},{\"@type\":\"BreadcrumbList\",\"@id\":\"https:\/\/hon-ing.hr\/de\/drucktechniken\/flexodruck\/#breadcrumb\",\"itemListElement\":[{\"@type\":\"ListItem\",\"position\":1,\"name\":\"Po\u010detna stranica\",\"item\":\"https:\/\/hon-ing.hr\/de\/\"},{\"@type\":\"ListItem\",\"position\":2,\"name\":\"Angesehen bei hochwertigen L\u00f6sungen und hervorragendem Service\",\"item\":\"https:\/\/hon-ing.hr\/de\/drucktechniken\/\"},{\"@type\":\"ListItem\",\"position\":3,\"name\":\"Flexodruck\"}]},{\"@type\":\"WebSite\",\"@id\":\"https:\/\/hon-ing.hr\/#website\",\"url\":\"https:\/\/hon-ing.hr\/\",\"name\":\"Hon-ing\",\"description\":\"Art of printing\",\"publisher\":{\"@id\":\"https:\/\/hon-ing.hr\/#organization\"},\"potentialAction\":[{\"@type\":\"SearchAction\",\"target\":{\"@type\":\"EntryPoint\",\"urlTemplate\":\"https:\/\/hon-ing.hr\/?s={search_term_string}\"},\"query-input\":{\"@type\":\"PropertyValueSpecification\",\"valueRequired\":true,\"valueName\":\"search_term_string\"}}],\"inLanguage\":\"de\"},{\"@type\":\"Organization\",\"@id\":\"https:\/\/hon-ing.hr\/#organization\",\"name\":\"Art of printing\",\"url\":\"https:\/\/hon-ing.hr\/\",\"logo\":{\"@type\":\"ImageObject\",\"inLanguage\":\"de\",\"@id\":\"https:\/\/hon-ing.hr\/#\/schema\/logo\/image\/\",\"url\":\"https:\/\/hon-ing.hr\/wp-content\/uploads\/2023\/04\/favicon.png\",\"contentUrl\":\"https:\/\/hon-ing.hr\/wp-content\/uploads\/2023\/04\/favicon.png\",\"width\":512,\"height\":512,\"caption\":\"Art of printing\"},\"image\":{\"@id\":\"https:\/\/hon-ing.hr\/#\/schema\/logo\/image\/\"}}]}<\/script>\n<!-- \/ Yoast SEO plugin. -->","yoast_head_json":{"title":"Flexodruck - Hon-ing","description":"Der Flexodruck ist eine der am meisten vertretenen Techniken zum Drucken von Etiketten.","robots":{"index":"index","follow":"follow","max-snippet":"max-snippet:-1","max-image-preview":"max-image-preview:large","max-video-preview":"max-video-preview:-1"},"canonical":"https:\/\/hon-ing.hr\/de\/drucktechniken\/flexodruck\/","og_locale":"de_DE","og_type":"article","og_title":"Flexodruck - Hon-ing","og_description":"Der Flexodruck ist eine der am meisten vertretenen Techniken zum Drucken von Etiketten.","og_url":"https:\/\/hon-ing.hr\/de\/drucktechniken\/flexodruck\/","og_site_name":"Hon-ing","article_modified_time":"2023-06-21T09:40:15+00:00","og_image":[{"width":642,"height":641,"url":"https:\/\/hon-ing.hr\/wp-content\/uploads\/2023\/03\/hon-ing_Tehnologije.jpg","type":"image\/jpeg"}],"twitter_card":"summary_large_image","twitter_misc":{"Gesch\u00e4tzte Lesezeit":"1\u00a0Minute"},"schema":{"@context":"https:\/\/schema.org","@graph":[{"@type":"WebPage","@id":"https:\/\/hon-ing.hr\/de\/drucktechniken\/flexodruck\/","url":"https:\/\/hon-ing.hr\/de\/drucktechniken\/flexodruck\/","name":"Flexodruck - Hon-ing","isPartOf":{"@id":"https:\/\/hon-ing.hr\/#website"},"datePublished":"2023-02-03T10:47:58+00:00","dateModified":"2023-06-21T09:40:15+00:00","description":"Der Flexodruck ist eine der am meisten vertretenen Techniken zum Drucken von Etiketten.","breadcrumb":{"@id":"https:\/\/hon-ing.hr\/de\/drucktechniken\/flexodruck\/#breadcrumb"},"inLanguage":"de","potentialAction":[{"@type":"ReadAction","target":["https:\/\/hon-ing.hr\/de\/drucktechniken\/flexodruck\/"]}]},{"@type":"BreadcrumbList","@id":"https:\/\/hon-ing.hr\/de\/drucktechniken\/flexodruck\/#breadcrumb","itemListElement":[{"@type":"ListItem","position":1,"name":"Po\u010detna stranica","item":"https:\/\/hon-ing.hr\/de\/"},{"@type":"ListItem","position":2,"name":"Angesehen bei hochwertigen L\u00f6sungen und hervorragendem Service","item":"https:\/\/hon-ing.hr\/de\/drucktechniken\/"},{"@type":"ListItem","position":3,"name":"Flexodruck"}]},{"@type":"WebSite","@id":"https:\/\/hon-ing.hr\/#website","url":"https:\/\/hon-ing.hr\/","name":"Hon-ing","description":"Art of printing","publisher":{"@id":"https:\/\/hon-ing.hr\/#organization"},"potentialAction":[{"@type":"SearchAction","target":{"@type":"EntryPoint","urlTemplate":"https:\/\/hon-ing.hr\/?s={search_term_string}"},"query-input":{"@type":"PropertyValueSpecification","valueRequired":true,"valueName":"search_term_string"}}],"inLanguage":"de"},{"@type":"Organization","@id":"https:\/\/hon-ing.hr\/#organization","name":"Art of printing","url":"https:\/\/hon-ing.hr\/","logo":{"@type":"ImageObject","inLanguage":"de","@id":"https:\/\/hon-ing.hr\/#\/schema\/logo\/image\/","url":"https:\/\/hon-ing.hr\/wp-content\/uploads\/2023\/04\/favicon.png","contentUrl":"https:\/\/hon-ing.hr\/wp-content\/uploads\/2023\/04\/favicon.png","width":512,"height":512,"caption":"Art of printing"},"image":{"@id":"https:\/\/hon-ing.hr\/#\/schema\/logo\/image\/"}}]}},"_links":{"self":[{"href":"https:\/\/hon-ing.hr\/de\/wp-json\/wp\/v2\/pages\/674","targetHints":{"allow":["GET"]}}],"collection":[{"href":"https:\/\/hon-ing.hr\/de\/wp-json\/wp\/v2\/pages"}],"about":[{"href":"https:\/\/hon-ing.hr\/de\/wp-json\/wp\/v2\/types\/page"}],"author":[{"embeddable":true,"href":"https:\/\/hon-ing.hr\/de\/wp-json\/wp\/v2\/users\/1"}],"replies":[{"embeddable":true,"href":"https:\/\/hon-ing.hr\/de\/wp-json\/wp\/v2\/comments?post=674"}],"version-history":[{"count":1,"href":"https:\/\/hon-ing.hr\/de\/wp-json\/wp\/v2\/pages\/674\/revisions"}],"predecessor-version":[{"id":727,"href":"https:\/\/hon-ing.hr\/de\/wp-json\/wp\/v2\/pages\/674\/revisions\/727"}],"up":[{"embeddable":true,"href":"https:\/\/hon-ing.hr\/de\/wp-json\/wp\/v2\/pages\/673"}],"wp:attachment":[{"href":"https:\/\/hon-ing.hr\/de\/wp-json\/wp\/v2\/media?parent=674"}],"curies":[{"name":"wp","href":"https:\/\/api.w.org\/{rel}","templated":true}]}}