{"id":673,"date":"2023-02-02T14:20:52","date_gmt":"2023-02-02T14:20:52","guid":{"rendered":"https:\/\/hon-ing.hr\/angesehen-bei-hochwertigen-loesungen-und-hervorragendem-service\/"},"modified":"2023-06-21T09:19:49","modified_gmt":"2023-06-21T09:19:49","slug":"drucktechniken","status":"publish","type":"page","link":"https:\/\/hon-ing.hr\/de\/drucktechniken\/","title":{"rendered":"Angesehen bei hochwertigen L\u00f6sungen und hervorragendem Service"},"content":{"rendered":"<h3 style=\"font-size: 30px;\">Unser Leitmotiv ist die Qualit\u00e4t und unser Ziel sind zufriedene Kunden.<\/h3>\n<p>Mit unseren professionellen Fachkr\u00e4ften sind wir bestrebt, qualitativ hochwertige Produkte zu gew\u00e4hrleisten, umfassend aller Drucktechniken \u2013 ma\u00dfgeschneidert ganz nach Ihren Ideen und Vorstellungen!<\/p>\n<p>F\u00fcr jede Drucktechnik ist die Konfiguration der Maschinen unterschiedlich, ebenso wie die zur Reproduktion des Drucks erforderlichen Werkzeuge. <\/p>\n","protected":false},"excerpt":{"rendered":"<p>Unser Leitmotiv ist die Qualit\u00e4t und unser Ziel sind zufriedene Kunden. Mit unseren professionellen Fachkr\u00e4ften sind wir bestrebt, qualitativ hochwertige Produkte zu gew\u00e4hrleisten, umfassend aller Drucktechniken \u2013 ma\u00dfgeschneidert ganz nach Ihren Ideen und Vorstellungen! F\u00fcr jede Drucktechnik ist die Konfiguration der Maschinen unterschiedlich, ebenso wie die zur Reproduktion des Drucks erforderlichen Werkzeuge. [&#8230;]<\/p>\n<p><a class=\"btn btn-secondary virtualna-read-more-link\" href=\"https:\/\/hon-ing.hr\/de\/drucktechniken\/\">Read More&#8230;<span class=\"screen-reader-text\"> from Angesehen bei hochwertigen L\u00f6sungen und hervorragendem Service<\/span><\/a><\/p>\n","protected":false},"author":1,"featured_media":0,"parent":0,"menu_order":0,"comment_status":"closed","ping_status":"closed","template":"page-templates\/video_page.php","meta":{"_acf_changed":false,"footnotes":""},"class_list":["post-673","page","type-page","status-publish","hentry"],"acf":[],"yoast_head":"<!-- This site is optimized with the Yoast SEO plugin v26.9 - https:\/\/yoast.com\/product\/yoast-seo-wordpress\/ -->\n<title>Angesehen bei hochwertigen L\u00f6sungen und hervorragendem Service - Hon-ing<\/title>\n<meta name=\"description\" content=\"F\u00fcr jede Drucktechnik ist die Konfiguration der Maschinen unterschiedlich, ebenso wie die zur Reproduktion des Drucks erforderlichen Werkzeuge.\" \/>\n<meta name=\"robots\" content=\"index, follow, max-snippet:-1, max-image-preview:large, max-video-preview:-1\" \/>\n<link rel=\"canonical\" href=\"https:\/\/hon-ing.hr\/de\/drucktechniken\/\" \/>\n<meta property=\"og:locale\" content=\"de_DE\" \/>\n<meta property=\"og:type\" content=\"article\" \/>\n<meta property=\"og:title\" content=\"Angesehen bei hochwertigen L\u00f6sungen und hervorragendem Service - Hon-ing\" \/>\n<meta property=\"og:description\" content=\"F\u00fcr jede Drucktechnik ist die Konfiguration der Maschinen unterschiedlich, ebenso wie die zur Reproduktion des Drucks erforderlichen Werkzeuge.\" \/>\n<meta property=\"og:url\" content=\"https:\/\/hon-ing.hr\/de\/drucktechniken\/\" \/>\n<meta property=\"og:site_name\" content=\"Hon-ing\" \/>\n<meta property=\"article:modified_time\" content=\"2023-06-21T09:19:49+00:00\" \/>\n<meta property=\"og:image\" content=\"https:\/\/hon-ing.hr\/wp-content\/uploads\/2023\/03\/hon-ing_Tehnologije.jpg\" \/>\n\t<meta property=\"og:image:width\" content=\"642\" \/>\n\t<meta property=\"og:image:height\" content=\"641\" \/>\n\t<meta property=\"og:image:type\" content=\"image\/jpeg\" \/>\n<meta name=\"twitter:card\" content=\"summary_large_image\" \/>\n<meta name=\"twitter:label1\" content=\"Gesch\u00e4tzte Lesezeit\" \/>\n\t<meta name=\"twitter:data1\" content=\"1\u00a0Minute\" \/>\n<script type=\"application\/ld+json\" class=\"yoast-schema-graph\">{\"@context\":\"https:\/\/schema.org\",\"@graph\":[{\"@type\":\"WebPage\",\"@id\":\"https:\/\/hon-ing.hr\/de\/drucktechniken\/\",\"url\":\"https:\/\/hon-ing.hr\/de\/drucktechniken\/\",\"name\":\"Angesehen bei hochwertigen L\u00f6sungen und hervorragendem Service - Hon-ing\",\"isPartOf\":{\"@id\":\"https:\/\/hon-ing.hr\/#website\"},\"datePublished\":\"2023-02-02T14:20:52+00:00\",\"dateModified\":\"2023-06-21T09:19:49+00:00\",\"description\":\"F\u00fcr jede Drucktechnik ist die Konfiguration der Maschinen unterschiedlich, ebenso wie die zur Reproduktion des Drucks erforderlichen Werkzeuge.\",\"breadcrumb\":{\"@id\":\"https:\/\/hon-ing.hr\/de\/drucktechniken\/#breadcrumb\"},\"inLanguage\":\"de\",\"potentialAction\":[{\"@type\":\"ReadAction\",\"target\":[\"https:\/\/hon-ing.hr\/de\/drucktechniken\/\"]}]},{\"@type\":\"BreadcrumbList\",\"@id\":\"https:\/\/hon-ing.hr\/de\/drucktechniken\/#breadcrumb\",\"itemListElement\":[{\"@type\":\"ListItem\",\"position\":1,\"name\":\"Po\u010detna stranica\",\"item\":\"https:\/\/hon-ing.hr\/de\/\"},{\"@type\":\"ListItem\",\"position\":2,\"name\":\"Angesehen bei hochwertigen L\u00f6sungen und hervorragendem Service\"}]},{\"@type\":\"WebSite\",\"@id\":\"https:\/\/hon-ing.hr\/#website\",\"url\":\"https:\/\/hon-ing.hr\/\",\"name\":\"Hon-ing\",\"description\":\"Art of printing\",\"publisher\":{\"@id\":\"https:\/\/hon-ing.hr\/#organization\"},\"potentialAction\":[{\"@type\":\"SearchAction\",\"target\":{\"@type\":\"EntryPoint\",\"urlTemplate\":\"https:\/\/hon-ing.hr\/?s={search_term_string}\"},\"query-input\":{\"@type\":\"PropertyValueSpecification\",\"valueRequired\":true,\"valueName\":\"search_term_string\"}}],\"inLanguage\":\"de\"},{\"@type\":\"Organization\",\"@id\":\"https:\/\/hon-ing.hr\/#organization\",\"name\":\"Art of printing\",\"url\":\"https:\/\/hon-ing.hr\/\",\"logo\":{\"@type\":\"ImageObject\",\"inLanguage\":\"de\",\"@id\":\"https:\/\/hon-ing.hr\/#\/schema\/logo\/image\/\",\"url\":\"https:\/\/hon-ing.hr\/wp-content\/uploads\/2023\/04\/favicon.png\",\"contentUrl\":\"https:\/\/hon-ing.hr\/wp-content\/uploads\/2023\/04\/favicon.png\",\"width\":512,\"height\":512,\"caption\":\"Art of printing\"},\"image\":{\"@id\":\"https:\/\/hon-ing.hr\/#\/schema\/logo\/image\/\"}}]}<\/script>\n<!-- \/ Yoast SEO plugin. -->","yoast_head_json":{"title":"Angesehen bei hochwertigen L\u00f6sungen und hervorragendem Service - Hon-ing","description":"F\u00fcr jede Drucktechnik ist die Konfiguration der Maschinen unterschiedlich, ebenso wie die zur Reproduktion des Drucks erforderlichen Werkzeuge.","robots":{"index":"index","follow":"follow","max-snippet":"max-snippet:-1","max-image-preview":"max-image-preview:large","max-video-preview":"max-video-preview:-1"},"canonical":"https:\/\/hon-ing.hr\/de\/drucktechniken\/","og_locale":"de_DE","og_type":"article","og_title":"Angesehen bei hochwertigen L\u00f6sungen und hervorragendem Service - Hon-ing","og_description":"F\u00fcr jede Drucktechnik ist die Konfiguration der Maschinen unterschiedlich, ebenso wie die zur Reproduktion des Drucks erforderlichen Werkzeuge.","og_url":"https:\/\/hon-ing.hr\/de\/drucktechniken\/","og_site_name":"Hon-ing","article_modified_time":"2023-06-21T09:19:49+00:00","og_image":[{"width":642,"height":641,"url":"https:\/\/hon-ing.hr\/wp-content\/uploads\/2023\/03\/hon-ing_Tehnologije.jpg","type":"image\/jpeg"}],"twitter_card":"summary_large_image","twitter_misc":{"Gesch\u00e4tzte Lesezeit":"1\u00a0Minute"},"schema":{"@context":"https:\/\/schema.org","@graph":[{"@type":"WebPage","@id":"https:\/\/hon-ing.hr\/de\/drucktechniken\/","url":"https:\/\/hon-ing.hr\/de\/drucktechniken\/","name":"Angesehen bei hochwertigen L\u00f6sungen und hervorragendem Service - Hon-ing","isPartOf":{"@id":"https:\/\/hon-ing.hr\/#website"},"datePublished":"2023-02-02T14:20:52+00:00","dateModified":"2023-06-21T09:19:49+00:00","description":"F\u00fcr jede Drucktechnik ist die Konfiguration der Maschinen unterschiedlich, ebenso wie die zur Reproduktion des Drucks erforderlichen Werkzeuge.","breadcrumb":{"@id":"https:\/\/hon-ing.hr\/de\/drucktechniken\/#breadcrumb"},"inLanguage":"de","potentialAction":[{"@type":"ReadAction","target":["https:\/\/hon-ing.hr\/de\/drucktechniken\/"]}]},{"@type":"BreadcrumbList","@id":"https:\/\/hon-ing.hr\/de\/drucktechniken\/#breadcrumb","itemListElement":[{"@type":"ListItem","position":1,"name":"Po\u010detna stranica","item":"https:\/\/hon-ing.hr\/de\/"},{"@type":"ListItem","position":2,"name":"Angesehen bei hochwertigen L\u00f6sungen und hervorragendem Service"}]},{"@type":"WebSite","@id":"https:\/\/hon-ing.hr\/#website","url":"https:\/\/hon-ing.hr\/","name":"Hon-ing","description":"Art of printing","publisher":{"@id":"https:\/\/hon-ing.hr\/#organization"},"potentialAction":[{"@type":"SearchAction","target":{"@type":"EntryPoint","urlTemplate":"https:\/\/hon-ing.hr\/?s={search_term_string}"},"query-input":{"@type":"PropertyValueSpecification","valueRequired":true,"valueName":"search_term_string"}}],"inLanguage":"de"},{"@type":"Organization","@id":"https:\/\/hon-ing.hr\/#organization","name":"Art of printing","url":"https:\/\/hon-ing.hr\/","logo":{"@type":"ImageObject","inLanguage":"de","@id":"https:\/\/hon-ing.hr\/#\/schema\/logo\/image\/","url":"https:\/\/hon-ing.hr\/wp-content\/uploads\/2023\/04\/favicon.png","contentUrl":"https:\/\/hon-ing.hr\/wp-content\/uploads\/2023\/04\/favicon.png","width":512,"height":512,"caption":"Art of printing"},"image":{"@id":"https:\/\/hon-ing.hr\/#\/schema\/logo\/image\/"}}]}},"_links":{"self":[{"href":"https:\/\/hon-ing.hr\/de\/wp-json\/wp\/v2\/pages\/673","targetHints":{"allow":["GET"]}}],"collection":[{"href":"https:\/\/hon-ing.hr\/de\/wp-json\/wp\/v2\/pages"}],"about":[{"href":"https:\/\/hon-ing.hr\/de\/wp-json\/wp\/v2\/types\/page"}],"author":[{"embeddable":true,"href":"https:\/\/hon-ing.hr\/de\/wp-json\/wp\/v2\/users\/1"}],"replies":[{"embeddable":true,"href":"https:\/\/hon-ing.hr\/de\/wp-json\/wp\/v2\/comments?post=673"}],"version-history":[{"count":2,"href":"https:\/\/hon-ing.hr\/de\/wp-json\/wp\/v2\/pages\/673\/revisions"}],"predecessor-version":[{"id":811,"href":"https:\/\/hon-ing.hr\/de\/wp-json\/wp\/v2\/pages\/673\/revisions\/811"}],"wp:attachment":[{"href":"https:\/\/hon-ing.hr\/de\/wp-json\/wp\/v2\/media?parent=673"}],"curies":[{"name":"wp","href":"https:\/\/api.w.org\/{rel}","templated":true}]}}