{"id":671,"date":"2023-02-15T08:31:51","date_gmt":"2023-02-15T08:31:51","guid":{"rendered":"https:\/\/hon-ing.hr\/ueber-uns\/karriere\/"},"modified":"2023-06-21T09:15:59","modified_gmt":"2023-06-21T09:15:59","slug":"karriere","status":"publish","type":"page","link":"https:\/\/hon-ing.hr\/de\/ueber-uns\/karriere\/","title":{"rendered":"Karriere"},"content":{"rendered":"<h2>Auf Jobsuche?<\/h2>\n<p><span style=\"font-weight: 400;\">Werden Sie Teil unserer Erfolgsgeschichte &#8230; Senden Sie Ihre Bewerbung an zapolsenje@hon-ing.hr.<br \/>\nAufgrund des gestiegenen Gesch\u00e4ftsvolumens und der Investitionen in den neuen Produktionspark w\u00fcrde es uns freuen, Sie als Teil unseres Produktionsteams an folgenden Arbeitspl\u00e4tzen begr\u00fc\u00dfen zu d\u00fcrfen:<\/span><\/p>\n<p>&nbsp;<\/p>\n<h3>Bediener im Digitaldruck Stellenbeschreibung<\/h3>\n<p><span style=\"font-weight: 400;\"><strong>Stellenbeschreibung<\/strong><br \/>\n<strong>Die Stelle umfasst:<\/strong><br \/>\n&#8211; Arbeit am Digitaldruck in den Technologien der Zukunft<br \/>\n&#8211; Arbeit mit automatisierten digitalen Ger\u00e4ten<\/span><\/p>\n<p><strong>Anforderungen<\/strong><br \/>\n&#8211; Grafik-, IT- oder verwandte technische Berufsbildung ist w\u00fcnschenswert, aber nicht entscheidend<br \/>\n&#8211; Berufserfahrung erforderlich<br \/>\n&#8211; Kenntnisse im Umgang mit dem Computer, IT-Kenntnisse<br \/>\n&#8211; Berufsqualifikation: Ausbildung, Mittelschulabschluss, h\u00f6here Schulbildung<\/p>\n<p><strong>Was wir bieten<\/strong><br \/>\n&#8211; Arbeit in einem dynamischen und motivierendem Umfeld<br \/>\n&#8211; kontinuierliche Aus- und Weiterbildung in der grafischen Industrie<br \/>\n&#8211; Aufstiegsm\u00f6glichkeiten<br \/>\n&#8211; unbefristeter Arbeitsvertrag<br \/>\n&#8211; leistungsorientiertes Einkommen<\/p>\n<p>Wenn Sie sich in dem oben Genannten wiedergefunden haben und proaktiv, verantwortungsbewusst, teamf\u00e4hig, professionell und ergebnisorientiert sind, erwarten wir schnellstm\u00f6glich Ihre gesch\u00e4tzte R\u00fcckmeldung.<\/p>\n<p>Senden Sie Ihre Bewerbung an zaplenje@hon-ing.hr<\/p>\n<p>&nbsp;<\/p>\n<h3>Offene Bewerbungen<\/h3>\n<p>Unabh\u00e4ngig von den offenen Stellen k\u00f6nnen Sie sich gerne mit einer offenen Bewerbung an uns wenden. Dabei bitten wir Sie, die Abteilung anzugeben, in der Sie arbeiten m\u00f6chten, Ihren Lebenslauf zu \u00fcbermitteln und Ihre Daten werden danach in unserer Datenbank gespeichert.<\/p>\n<p>Mit der \u00dcbermittlung Ihrer Bewerbung und Ihres Lebenslaufs an HON-ING erkl\u00e4ren Sie sich mit der Nutzung Ihrer Daten f\u00fcr statistische und dokumentarische Zwecke einverstanden.<\/p>\n<p>HON-ING d.o.o. behandelt Ihre personenbezogenen Daten gem\u00e4\u00df dem Gesetz zum Schutz personenbezogener Daten, dem Gesetz zur Umsetzung der Datenschutz-Grundverordnung, dem Gesetz \u00fcber Arbeitsschutz und der Arbeitsordnung sowie den Sicherheitsma\u00dfnahmen, um personenbezogene Daten vor unbefugtem Zugriff, Missbrauch, Offenlegung, Verlust oder Vernichtung zu sch\u00fctzen.<\/p>\n<p>HON-ING d.o.o. sch\u00fctzt die Privatsph\u00e4re von Bewerbern, wahrt die Vertraulichkeit Ihrer personenbezogenen Daten und gestattet den Zugriff und die Offenlegung personenbezogener Daten nur denjenigen seiner Mitarbeiter, die diese f\u00fcr die Durchf\u00fchrung ihrer Gesch\u00e4ftst\u00e4tigkeit ben\u00f6tigen, und Dritten nur in den ausdr\u00fccklich durch das Gesetz vorgeschriebenen F\u00e4llen.<\/p>\n<p>&nbsp;<\/p>\n","protected":false},"excerpt":{"rendered":"<p>Auf Jobsuche? Werden Sie Teil unserer Erfolgsgeschichte &#8230; Senden Sie Ihre Bewerbung an zapolsenje@hon-ing.hr. Aufgrund des gestiegenen Gesch\u00e4ftsvolumens und der Investitionen in den neuen Produktionspark w\u00fcrde es uns freuen, Sie als Teil unseres Produktionsteams an folgenden Arbeitspl\u00e4tzen begr\u00fc\u00dfen zu d\u00fcrfen: &nbsp; Bediener im Digitaldruck Stellenbeschreibung Stellenbeschreibung Die Stelle umfasst: &#8211; Arbeit am Digitaldruck in den [&#8230;]<\/p>\n<p><a class=\"btn btn-secondary virtualna-read-more-link\" href=\"https:\/\/hon-ing.hr\/de\/ueber-uns\/karriere\/\">Read More&#8230;<span class=\"screen-reader-text\"> from Karriere<\/span><\/a><\/p>\n","protected":false},"author":1,"featured_media":0,"parent":670,"menu_order":0,"comment_status":"closed","ping_status":"closed","template":"page-templates\/simple-page.php","meta":{"_acf_changed":false,"footnotes":""},"class_list":["post-671","page","type-page","status-publish","hentry"],"acf":[],"yoast_head":"<!-- This site is optimized with the Yoast SEO plugin v26.9 - https:\/\/yoast.com\/product\/yoast-seo-wordpress\/ -->\n<title>Karriere - Hon-ing<\/title>\n<meta name=\"description\" content=\"Karriere bei HON-ING \u2013 werden Sie Teil unserer Erfolgsgeschichte und Teil unseres Produktionsteams!\" \/>\n<meta name=\"robots\" content=\"index, follow, max-snippet:-1, max-image-preview:large, max-video-preview:-1\" \/>\n<link rel=\"canonical\" href=\"https:\/\/hon-ing.hr\/de\/ueber-uns\/karriere\/\" \/>\n<meta property=\"og:locale\" content=\"de_DE\" \/>\n<meta property=\"og:type\" content=\"article\" \/>\n<meta property=\"og:title\" content=\"Karriere - Hon-ing\" \/>\n<meta property=\"og:description\" content=\"Karriere bei HON-ING \u2013 werden Sie Teil unserer Erfolgsgeschichte und Teil unseres Produktionsteams!\" \/>\n<meta property=\"og:url\" content=\"https:\/\/hon-ing.hr\/de\/ueber-uns\/karriere\/\" \/>\n<meta property=\"og:site_name\" content=\"Hon-ing\" \/>\n<meta property=\"article:modified_time\" content=\"2023-06-21T09:15:59+00:00\" \/>\n<meta property=\"og:image\" content=\"https:\/\/hon-ing.hr\/wp-content\/uploads\/2023\/03\/hon-ing_Tehnologije.jpg\" \/>\n\t<meta property=\"og:image:width\" content=\"642\" \/>\n\t<meta property=\"og:image:height\" content=\"641\" \/>\n\t<meta property=\"og:image:type\" content=\"image\/jpeg\" \/>\n<meta name=\"twitter:card\" content=\"summary_large_image\" \/>\n<meta name=\"twitter:label1\" content=\"Gesch\u00e4tzte Lesezeit\" \/>\n\t<meta name=\"twitter:data1\" content=\"2\u00a0Minuten\" \/>\n<script type=\"application\/ld+json\" class=\"yoast-schema-graph\">{\"@context\":\"https:\/\/schema.org\",\"@graph\":[{\"@type\":\"WebPage\",\"@id\":\"https:\/\/hon-ing.hr\/de\/ueber-uns\/karriere\/\",\"url\":\"https:\/\/hon-ing.hr\/de\/ueber-uns\/karriere\/\",\"name\":\"Karriere - Hon-ing\",\"isPartOf\":{\"@id\":\"https:\/\/hon-ing.hr\/#website\"},\"datePublished\":\"2023-02-15T08:31:51+00:00\",\"dateModified\":\"2023-06-21T09:15:59+00:00\",\"description\":\"Karriere bei HON-ING \u2013 werden Sie Teil unserer Erfolgsgeschichte und Teil unseres Produktionsteams!\",\"breadcrumb\":{\"@id\":\"https:\/\/hon-ing.hr\/de\/ueber-uns\/karriere\/#breadcrumb\"},\"inLanguage\":\"de\",\"potentialAction\":[{\"@type\":\"ReadAction\",\"target\":[\"https:\/\/hon-ing.hr\/de\/ueber-uns\/karriere\/\"]}]},{\"@type\":\"BreadcrumbList\",\"@id\":\"https:\/\/hon-ing.hr\/de\/ueber-uns\/karriere\/#breadcrumb\",\"itemListElement\":[{\"@type\":\"ListItem\",\"position\":1,\"name\":\"Po\u010detna stranica\",\"item\":\"https:\/\/hon-ing.hr\/de\/\"},{\"@type\":\"ListItem\",\"position\":2,\"name\":\"\u00dcber uns\",\"item\":\"https:\/\/hon-ing.hr\/de\/ueber-uns\/\"},{\"@type\":\"ListItem\",\"position\":3,\"name\":\"Karriere\"}]},{\"@type\":\"WebSite\",\"@id\":\"https:\/\/hon-ing.hr\/#website\",\"url\":\"https:\/\/hon-ing.hr\/\",\"name\":\"Hon-ing\",\"description\":\"Art of printing\",\"publisher\":{\"@id\":\"https:\/\/hon-ing.hr\/#organization\"},\"potentialAction\":[{\"@type\":\"SearchAction\",\"target\":{\"@type\":\"EntryPoint\",\"urlTemplate\":\"https:\/\/hon-ing.hr\/?s={search_term_string}\"},\"query-input\":{\"@type\":\"PropertyValueSpecification\",\"valueRequired\":true,\"valueName\":\"search_term_string\"}}],\"inLanguage\":\"de\"},{\"@type\":\"Organization\",\"@id\":\"https:\/\/hon-ing.hr\/#organization\",\"name\":\"Art of printing\",\"url\":\"https:\/\/hon-ing.hr\/\",\"logo\":{\"@type\":\"ImageObject\",\"inLanguage\":\"de\",\"@id\":\"https:\/\/hon-ing.hr\/#\/schema\/logo\/image\/\",\"url\":\"https:\/\/hon-ing.hr\/wp-content\/uploads\/2023\/04\/favicon.png\",\"contentUrl\":\"https:\/\/hon-ing.hr\/wp-content\/uploads\/2023\/04\/favicon.png\",\"width\":512,\"height\":512,\"caption\":\"Art of printing\"},\"image\":{\"@id\":\"https:\/\/hon-ing.hr\/#\/schema\/logo\/image\/\"}}]}<\/script>\n<!-- \/ Yoast SEO plugin. -->","yoast_head_json":{"title":"Karriere - Hon-ing","description":"Karriere bei HON-ING \u2013 werden Sie Teil unserer Erfolgsgeschichte und Teil unseres Produktionsteams!","robots":{"index":"index","follow":"follow","max-snippet":"max-snippet:-1","max-image-preview":"max-image-preview:large","max-video-preview":"max-video-preview:-1"},"canonical":"https:\/\/hon-ing.hr\/de\/ueber-uns\/karriere\/","og_locale":"de_DE","og_type":"article","og_title":"Karriere - Hon-ing","og_description":"Karriere bei HON-ING \u2013 werden Sie Teil unserer Erfolgsgeschichte und Teil unseres Produktionsteams!","og_url":"https:\/\/hon-ing.hr\/de\/ueber-uns\/karriere\/","og_site_name":"Hon-ing","article_modified_time":"2023-06-21T09:15:59+00:00","og_image":[{"width":642,"height":641,"url":"https:\/\/hon-ing.hr\/wp-content\/uploads\/2023\/03\/hon-ing_Tehnologije.jpg","type":"image\/jpeg"}],"twitter_card":"summary_large_image","twitter_misc":{"Gesch\u00e4tzte Lesezeit":"2\u00a0Minuten"},"schema":{"@context":"https:\/\/schema.org","@graph":[{"@type":"WebPage","@id":"https:\/\/hon-ing.hr\/de\/ueber-uns\/karriere\/","url":"https:\/\/hon-ing.hr\/de\/ueber-uns\/karriere\/","name":"Karriere - Hon-ing","isPartOf":{"@id":"https:\/\/hon-ing.hr\/#website"},"datePublished":"2023-02-15T08:31:51+00:00","dateModified":"2023-06-21T09:15:59+00:00","description":"Karriere bei HON-ING \u2013 werden Sie Teil unserer Erfolgsgeschichte und Teil unseres Produktionsteams!","breadcrumb":{"@id":"https:\/\/hon-ing.hr\/de\/ueber-uns\/karriere\/#breadcrumb"},"inLanguage":"de","potentialAction":[{"@type":"ReadAction","target":["https:\/\/hon-ing.hr\/de\/ueber-uns\/karriere\/"]}]},{"@type":"BreadcrumbList","@id":"https:\/\/hon-ing.hr\/de\/ueber-uns\/karriere\/#breadcrumb","itemListElement":[{"@type":"ListItem","position":1,"name":"Po\u010detna stranica","item":"https:\/\/hon-ing.hr\/de\/"},{"@type":"ListItem","position":2,"name":"\u00dcber uns","item":"https:\/\/hon-ing.hr\/de\/ueber-uns\/"},{"@type":"ListItem","position":3,"name":"Karriere"}]},{"@type":"WebSite","@id":"https:\/\/hon-ing.hr\/#website","url":"https:\/\/hon-ing.hr\/","name":"Hon-ing","description":"Art of printing","publisher":{"@id":"https:\/\/hon-ing.hr\/#organization"},"potentialAction":[{"@type":"SearchAction","target":{"@type":"EntryPoint","urlTemplate":"https:\/\/hon-ing.hr\/?s={search_term_string}"},"query-input":{"@type":"PropertyValueSpecification","valueRequired":true,"valueName":"search_term_string"}}],"inLanguage":"de"},{"@type":"Organization","@id":"https:\/\/hon-ing.hr\/#organization","name":"Art of printing","url":"https:\/\/hon-ing.hr\/","logo":{"@type":"ImageObject","inLanguage":"de","@id":"https:\/\/hon-ing.hr\/#\/schema\/logo\/image\/","url":"https:\/\/hon-ing.hr\/wp-content\/uploads\/2023\/04\/favicon.png","contentUrl":"https:\/\/hon-ing.hr\/wp-content\/uploads\/2023\/04\/favicon.png","width":512,"height":512,"caption":"Art of printing"},"image":{"@id":"https:\/\/hon-ing.hr\/#\/schema\/logo\/image\/"}}]}},"_links":{"self":[{"href":"https:\/\/hon-ing.hr\/de\/wp-json\/wp\/v2\/pages\/671","targetHints":{"allow":["GET"]}}],"collection":[{"href":"https:\/\/hon-ing.hr\/de\/wp-json\/wp\/v2\/pages"}],"about":[{"href":"https:\/\/hon-ing.hr\/de\/wp-json\/wp\/v2\/types\/page"}],"author":[{"embeddable":true,"href":"https:\/\/hon-ing.hr\/de\/wp-json\/wp\/v2\/users\/1"}],"replies":[{"embeddable":true,"href":"https:\/\/hon-ing.hr\/de\/wp-json\/wp\/v2\/comments?post=671"}],"version-history":[{"count":1,"href":"https:\/\/hon-ing.hr\/de\/wp-json\/wp\/v2\/pages\/671\/revisions"}],"predecessor-version":[{"id":888,"href":"https:\/\/hon-ing.hr\/de\/wp-json\/wp\/v2\/pages\/671\/revisions\/888"}],"up":[{"embeddable":true,"href":"https:\/\/hon-ing.hr\/de\/wp-json\/wp\/v2\/pages\/670"}],"wp:attachment":[{"href":"https:\/\/hon-ing.hr\/de\/wp-json\/wp\/v2\/media?parent=671"}],"curies":[{"name":"wp","href":"https:\/\/api.w.org\/{rel}","templated":true}]}}