{"id":670,"date":"2023-02-01T14:30:27","date_gmt":"2023-02-01T14:30:27","guid":{"rendered":"https:\/\/hon-ing.hr\/ueber-uns\/"},"modified":"2023-06-21T09:13:46","modified_gmt":"2023-06-21T09:13:46","slug":"ueber-uns","status":"publish","type":"page","link":"https:\/\/hon-ing.hr\/de\/ueber-uns\/","title":{"rendered":"\u00dcber uns"},"content":{"rendered":"<p><span style=\"font-weight: 400;\">Hon-ing d.o.o. ist eine digitalisierte Druckerei mit einem fortschrittlichen Gesch\u00e4fts- und Kommunikationssystem zu Kunden und Lieferanten. Als privates Familienunternehmen haben wir unsere T\u00e4tigkeit bereits im Jahr 1992 aufgenommen und entwickeln uns seither st\u00e4ndig weiter, investieren in die Qualit\u00e4t und entwickeln moderne Technologien, was durch die zertifizierten Standards<\/span> <span style=\"font-weight: 400;\">ISO 9001:2015 und ISO 14001:2015, \u00fcber die wir verf\u00fcgen, best\u00e4tigt wird. Alles begann in Sveti Kri\u017e Za\u010dretje, wo wir im Herzen der Gespanschaft Krapina-Zagorje Ideen in die Realit\u00e4t umsetzen! <\/span><\/p>\n<p><span style=\"font-weight: 400;\">Wir legen auch gro\u00dfen Wert auf die gesamte Gemeinschaft und investieren in Nachhaltigkeitsprojekte bezogen auf Umweltschutz und \u00d6kologie. Durch die Verwendung innovativer, recyclingf\u00e4higer Materialien sorgen wir um jeden von uns \u2013 sowohl \u00fcber die Erde heute als auch die zuk\u00fcnftigen Generationen von morgen.<\/span><\/p>\n<p>&nbsp;<\/p>\n<h2><img loading=\"lazy\" decoding=\"async\" class=\"alignnone size-full wp-image-166\" src=\"https:\/\/hon-ing.hr\/wp-content\/uploads\/2023\/02\/logo.webp\" alt=\"\" width=\"268\" height=\"23\"><\/h2>\n<h2>K\u00f6nig der Drucktechnologien<\/h2>\n<p><span style=\"font-weight: 400;\">Seit mehr als 30 Jahren bauen wir unser Druckimperium auf und legen dabei gro\u00dfen Wert auf unsere Gesch\u00e4ftspartner und Kunden. Wir wissen, wie anspruchsvoll der gesamte Prozess ist, deshalb bieten wir unseren Kunden einen kompletten grafischen Service \u2013 von der technologischen Beratung w\u00e4hrend des Entwurfs, der grafischen Vorbereitung, der Anfertigung eines Testmusters, des Drucks und der Endbearbeitung, der Qualit\u00e4tskontrolle bis hin zum Versand an die Adresse des Kunden. <\/span><\/p>\n<p><span style=\"font-weight: 400;\">Auch in den Produktionsprozessen investieren wir kompromisslos in hochwertige und innovative Technologie und bilden unsere Mitarbeiter kontinuierlich weiter. Die Bed\u00fcrfnisse des Marktes werden immer schneller und anspruchsvoller und wir halten mit ihnen Schritt, indem wir st\u00e4ndig Innovationen einf\u00fchren.<\/span><\/p>\n<p><span style=\"font-weight: 400;\">Wir sind nur rund 40 Kilometer von Zagreb entfernt und strategisch an der Autobahn Zagreb-Macelj gelegen, wodurch unsere Lage all unseren Partnern kurze Lieferwege f\u00fcr fertige Produkte garantiert.<\/span><\/p>\n<p>&nbsp;<\/p>\n<h3 class=\"h2\">Innovative L\u00f6sungen in der Lebensmittel- und Marketingindustrie<\/h3>\n<p><span style=\"font-weight: 400;\">Wir gew\u00e4hrleisten h\u00f6chste Produktqualit\u00e4t in der Lebensmittel- und Marketingindustrie, die durch Marktforschung mit der Abteilung f\u00fcr Kontrolle und Entwicklung gew\u00e4hrleistet wird. Wir passen uns den individuellen Bed\u00fcrfnissen und W\u00fcnschen unserer Kunden an und investieren zur Erreichung der gesetzten Ziele unerm\u00fcdlich in Nachhaltigkeit und Gesch\u00e4ftsentwicklung.<\/span><\/p>\n<p><span style=\"font-weight: 400;\">Die Vision und das Ziel des Hon-ing-Teams ist es, durch Investitionen in eine nachhaltige Entwicklung Marktf\u00fchrer im Bereich flexibler Verpackungen zu bleiben. Wir m\u00f6chten, dass unsere Marke mit Qualit\u00e4t und Innovation in Verbindung gebracht wird, w\u00e4hrend wir bestrebt sind, das Vertrauen unserer bestehenden Partner durch unsere ma\u00dfgeschneiderten Leistungen f\u00fcr jeden Kunden zu rechtfertigen.<\/span><\/p>\n<p><a class=\"btn btn-rounded\" href=\"https:\/\/hon-ing.hr\/de\/referenzkatalog-anfordern\/\">Referenzkatalog anfordern<\/a><\/p>\n<div class=\"d-flex align-items-center justify-content-between cert-img mt-5\">\n<a href=\"https:\/\/hon-ing.hr\/wp-content\/uploads\/2023\/02\/CERTIFIKAT_ISO_9001-___2015_-_HR.pdf\"><img loading=\"lazy\" decoding=\"async\" src=\"https:\/\/hon-ing.hr\/wp-content\/uploads\/2023\/02\/SGS_ISO-9001.png\" alt=\"\" width=\"151\" height=\"147\" class=\"alignnone size-full wp-image-170\"><\/a><br \/>\n<a href=\"https:\/\/hon-ing.hr\/wp-content\/uploads\/2023\/02\/CERTIFIKAT_ISO_14001_-_2015_-_HR.pdf\"><img loading=\"lazy\" decoding=\"async\" src=\"https:\/\/hon-ing.hr\/wp-content\/uploads\/2023\/02\/ISO-14001.png\" alt=\"\" width=\"151\" height=\"147\" class=\"alignnone size-full wp-image-169\"><\/a><br \/>\n<a href=\"https:\/\/hon-ing.hr\/wp-content\/uploads\/2023\/04\/DPG-logo_novi-e1681277277373.jpg\"><img loading=\"lazy\" decoding=\"async\" src=\"https:\/\/hon-ing.hr\/wp-content\/uploads\/2023\/04\/DPG-logo_novi-e1681277277373.jpg\" alt=\"\" width=\"115\" height=\"140\" class=\"alignnone size-full wp-image-431\"><\/a><\/p>\n","protected":false},"excerpt":{"rendered":"<p>Hon-ing d.o.o. ist eine digitalisierte Druckerei mit einem fortschrittlichen Gesch\u00e4fts- und Kommunikationssystem zu Kunden und Lieferanten. Als privates Familienunternehmen haben wir unsere T\u00e4tigkeit bereits im Jahr 1992 aufgenommen und entwickeln uns seither st\u00e4ndig weiter, investieren in die Qualit\u00e4t und entwickeln moderne Technologien, was durch die zertifizierten Standards ISO 9001:2015 und ISO 14001:2015, \u00fcber die wir [&#8230;]<\/p>\n<p><a class=\"btn btn-secondary virtualna-read-more-link\" href=\"https:\/\/hon-ing.hr\/de\/ueber-uns\/\">Read More&#8230;<span class=\"screen-reader-text\"> from \u00dcber uns<\/span><\/a><\/p>\n","protected":false},"author":1,"featured_media":0,"parent":0,"menu_order":0,"comment_status":"closed","ping_status":"closed","template":"page-templates\/about.php","meta":{"_acf_changed":false,"footnotes":""},"class_list":["post-670","page","type-page","status-publish","hentry"],"acf":[],"yoast_head":"<!-- This site is optimized with the Yoast SEO plugin v26.9 - https:\/\/yoast.com\/product\/yoast-seo-wordpress\/ -->\n<title>\u00dcber uns - Hon-ing<\/title>\n<meta name=\"description\" content=\"Erfahren Sie mehr \u00fcber uns und unsere Erfahrung in der Druckindustrie. Seit 1992 bieten wir hochwertige Druckdienstleistungen an. Kommen Sie vorbei und \u00fcberzeugen Sie sich selbst von unserer Qualit\u00e4t.\" \/>\n<meta name=\"robots\" content=\"index, follow, max-snippet:-1, max-image-preview:large, max-video-preview:-1\" \/>\n<link rel=\"canonical\" href=\"https:\/\/hon-ing.hr\/de\/ueber-uns\/\" \/>\n<meta property=\"og:locale\" content=\"de_DE\" \/>\n<meta property=\"og:type\" content=\"article\" \/>\n<meta property=\"og:title\" content=\"\u00dcber uns - Hon-ing\" \/>\n<meta property=\"og:description\" content=\"Erfahren Sie mehr \u00fcber uns und unsere Erfahrung in der Druckindustrie. Seit 1992 bieten wir hochwertige Druckdienstleistungen an. Kommen Sie vorbei und \u00fcberzeugen Sie sich selbst von unserer Qualit\u00e4t.\" \/>\n<meta property=\"og:url\" content=\"https:\/\/hon-ing.hr\/de\/ueber-uns\/\" \/>\n<meta property=\"og:site_name\" content=\"Hon-ing\" \/>\n<meta property=\"article:modified_time\" content=\"2023-06-21T09:13:46+00:00\" \/>\n<meta property=\"og:image\" content=\"https:\/\/hon-ing.hr\/wp-content\/uploads\/2023\/02\/logo.webp\" \/>\n<meta name=\"twitter:card\" content=\"summary_large_image\" \/>\n<meta name=\"twitter:label1\" content=\"Gesch\u00e4tzte Lesezeit\" \/>\n\t<meta name=\"twitter:data1\" content=\"2\u00a0Minuten\" \/>\n<script type=\"application\/ld+json\" class=\"yoast-schema-graph\">{\"@context\":\"https:\/\/schema.org\",\"@graph\":[{\"@type\":\"WebPage\",\"@id\":\"https:\/\/hon-ing.hr\/de\/ueber-uns\/\",\"url\":\"https:\/\/hon-ing.hr\/de\/ueber-uns\/\",\"name\":\"\u00dcber uns - Hon-ing\",\"isPartOf\":{\"@id\":\"https:\/\/hon-ing.hr\/#website\"},\"primaryImageOfPage\":{\"@id\":\"https:\/\/hon-ing.hr\/de\/ueber-uns\/#primaryimage\"},\"image\":{\"@id\":\"https:\/\/hon-ing.hr\/de\/ueber-uns\/#primaryimage\"},\"thumbnailUrl\":\"https:\/\/hon-ing.hr\/wp-content\/uploads\/2023\/02\/logo.webp\",\"datePublished\":\"2023-02-01T14:30:27+00:00\",\"dateModified\":\"2023-06-21T09:13:46+00:00\",\"description\":\"Erfahren Sie mehr \u00fcber uns und unsere Erfahrung in der Druckindustrie. Seit 1992 bieten wir hochwertige Druckdienstleistungen an. Kommen Sie vorbei und \u00fcberzeugen Sie sich selbst von unserer Qualit\u00e4t.\",\"breadcrumb\":{\"@id\":\"https:\/\/hon-ing.hr\/de\/ueber-uns\/#breadcrumb\"},\"inLanguage\":\"de\",\"potentialAction\":[{\"@type\":\"ReadAction\",\"target\":[\"https:\/\/hon-ing.hr\/de\/ueber-uns\/\"]}]},{\"@type\":\"ImageObject\",\"inLanguage\":\"de\",\"@id\":\"https:\/\/hon-ing.hr\/de\/ueber-uns\/#primaryimage\",\"url\":\"https:\/\/hon-ing.hr\/wp-content\/uploads\/2023\/02\/logo.webp\",\"contentUrl\":\"https:\/\/hon-ing.hr\/wp-content\/uploads\/2023\/02\/logo.webp\"},{\"@type\":\"BreadcrumbList\",\"@id\":\"https:\/\/hon-ing.hr\/de\/ueber-uns\/#breadcrumb\",\"itemListElement\":[{\"@type\":\"ListItem\",\"position\":1,\"name\":\"Po\u010detna stranica\",\"item\":\"https:\/\/hon-ing.hr\/de\/\"},{\"@type\":\"ListItem\",\"position\":2,\"name\":\"\u00dcber uns\"}]},{\"@type\":\"WebSite\",\"@id\":\"https:\/\/hon-ing.hr\/#website\",\"url\":\"https:\/\/hon-ing.hr\/\",\"name\":\"Hon-ing\",\"description\":\"Art of printing\",\"publisher\":{\"@id\":\"https:\/\/hon-ing.hr\/#organization\"},\"potentialAction\":[{\"@type\":\"SearchAction\",\"target\":{\"@type\":\"EntryPoint\",\"urlTemplate\":\"https:\/\/hon-ing.hr\/?s={search_term_string}\"},\"query-input\":{\"@type\":\"PropertyValueSpecification\",\"valueRequired\":true,\"valueName\":\"search_term_string\"}}],\"inLanguage\":\"de\"},{\"@type\":\"Organization\",\"@id\":\"https:\/\/hon-ing.hr\/#organization\",\"name\":\"Art of printing\",\"url\":\"https:\/\/hon-ing.hr\/\",\"logo\":{\"@type\":\"ImageObject\",\"inLanguage\":\"de\",\"@id\":\"https:\/\/hon-ing.hr\/#\/schema\/logo\/image\/\",\"url\":\"https:\/\/hon-ing.hr\/wp-content\/uploads\/2023\/04\/favicon.png\",\"contentUrl\":\"https:\/\/hon-ing.hr\/wp-content\/uploads\/2023\/04\/favicon.png\",\"width\":512,\"height\":512,\"caption\":\"Art of printing\"},\"image\":{\"@id\":\"https:\/\/hon-ing.hr\/#\/schema\/logo\/image\/\"}}]}<\/script>\n<!-- \/ Yoast SEO plugin. -->","yoast_head_json":{"title":"\u00dcber uns - Hon-ing","description":"Erfahren Sie mehr \u00fcber uns und unsere Erfahrung in der Druckindustrie. Seit 1992 bieten wir hochwertige Druckdienstleistungen an. Kommen Sie vorbei und \u00fcberzeugen Sie sich selbst von unserer Qualit\u00e4t.","robots":{"index":"index","follow":"follow","max-snippet":"max-snippet:-1","max-image-preview":"max-image-preview:large","max-video-preview":"max-video-preview:-1"},"canonical":"https:\/\/hon-ing.hr\/de\/ueber-uns\/","og_locale":"de_DE","og_type":"article","og_title":"\u00dcber uns - Hon-ing","og_description":"Erfahren Sie mehr \u00fcber uns und unsere Erfahrung in der Druckindustrie. Seit 1992 bieten wir hochwertige Druckdienstleistungen an. Kommen Sie vorbei und \u00fcberzeugen Sie sich selbst von unserer Qualit\u00e4t.","og_url":"https:\/\/hon-ing.hr\/de\/ueber-uns\/","og_site_name":"Hon-ing","article_modified_time":"2023-06-21T09:13:46+00:00","og_image":[{"url":"https:\/\/hon-ing.hr\/wp-content\/uploads\/2023\/02\/logo.webp","type":"","width":"","height":""}],"twitter_card":"summary_large_image","twitter_misc":{"Gesch\u00e4tzte Lesezeit":"2\u00a0Minuten"},"schema":{"@context":"https:\/\/schema.org","@graph":[{"@type":"WebPage","@id":"https:\/\/hon-ing.hr\/de\/ueber-uns\/","url":"https:\/\/hon-ing.hr\/de\/ueber-uns\/","name":"\u00dcber uns - Hon-ing","isPartOf":{"@id":"https:\/\/hon-ing.hr\/#website"},"primaryImageOfPage":{"@id":"https:\/\/hon-ing.hr\/de\/ueber-uns\/#primaryimage"},"image":{"@id":"https:\/\/hon-ing.hr\/de\/ueber-uns\/#primaryimage"},"thumbnailUrl":"https:\/\/hon-ing.hr\/wp-content\/uploads\/2023\/02\/logo.webp","datePublished":"2023-02-01T14:30:27+00:00","dateModified":"2023-06-21T09:13:46+00:00","description":"Erfahren Sie mehr \u00fcber uns und unsere Erfahrung in der Druckindustrie. Seit 1992 bieten wir hochwertige Druckdienstleistungen an. Kommen Sie vorbei und \u00fcberzeugen Sie sich selbst von unserer Qualit\u00e4t.","breadcrumb":{"@id":"https:\/\/hon-ing.hr\/de\/ueber-uns\/#breadcrumb"},"inLanguage":"de","potentialAction":[{"@type":"ReadAction","target":["https:\/\/hon-ing.hr\/de\/ueber-uns\/"]}]},{"@type":"ImageObject","inLanguage":"de","@id":"https:\/\/hon-ing.hr\/de\/ueber-uns\/#primaryimage","url":"https:\/\/hon-ing.hr\/wp-content\/uploads\/2023\/02\/logo.webp","contentUrl":"https:\/\/hon-ing.hr\/wp-content\/uploads\/2023\/02\/logo.webp"},{"@type":"BreadcrumbList","@id":"https:\/\/hon-ing.hr\/de\/ueber-uns\/#breadcrumb","itemListElement":[{"@type":"ListItem","position":1,"name":"Po\u010detna stranica","item":"https:\/\/hon-ing.hr\/de\/"},{"@type":"ListItem","position":2,"name":"\u00dcber uns"}]},{"@type":"WebSite","@id":"https:\/\/hon-ing.hr\/#website","url":"https:\/\/hon-ing.hr\/","name":"Hon-ing","description":"Art of printing","publisher":{"@id":"https:\/\/hon-ing.hr\/#organization"},"potentialAction":[{"@type":"SearchAction","target":{"@type":"EntryPoint","urlTemplate":"https:\/\/hon-ing.hr\/?s={search_term_string}"},"query-input":{"@type":"PropertyValueSpecification","valueRequired":true,"valueName":"search_term_string"}}],"inLanguage":"de"},{"@type":"Organization","@id":"https:\/\/hon-ing.hr\/#organization","name":"Art of printing","url":"https:\/\/hon-ing.hr\/","logo":{"@type":"ImageObject","inLanguage":"de","@id":"https:\/\/hon-ing.hr\/#\/schema\/logo\/image\/","url":"https:\/\/hon-ing.hr\/wp-content\/uploads\/2023\/04\/favicon.png","contentUrl":"https:\/\/hon-ing.hr\/wp-content\/uploads\/2023\/04\/favicon.png","width":512,"height":512,"caption":"Art of printing"},"image":{"@id":"https:\/\/hon-ing.hr\/#\/schema\/logo\/image\/"}}]}},"_links":{"self":[{"href":"https:\/\/hon-ing.hr\/de\/wp-json\/wp\/v2\/pages\/670","targetHints":{"allow":["GET"]}}],"collection":[{"href":"https:\/\/hon-ing.hr\/de\/wp-json\/wp\/v2\/pages"}],"about":[{"href":"https:\/\/hon-ing.hr\/de\/wp-json\/wp\/v2\/types\/page"}],"author":[{"embeddable":true,"href":"https:\/\/hon-ing.hr\/de\/wp-json\/wp\/v2\/users\/1"}],"replies":[{"embeddable":true,"href":"https:\/\/hon-ing.hr\/de\/wp-json\/wp\/v2\/comments?post=670"}],"version-history":[{"count":1,"href":"https:\/\/hon-ing.hr\/de\/wp-json\/wp\/v2\/pages\/670\/revisions"}],"predecessor-version":[{"id":701,"href":"https:\/\/hon-ing.hr\/de\/wp-json\/wp\/v2\/pages\/670\/revisions\/701"}],"wp:attachment":[{"href":"https:\/\/hon-ing.hr\/de\/wp-json\/wp\/v2\/media?parent=670"}],"curies":[{"name":"wp","href":"https:\/\/api.w.org\/{rel}","templated":true}]}}